{"id":4,"date":"2019-05-28T16:59:55","date_gmt":"2019-05-28T14:59:55","guid":{"rendered":"https:\/\/www.ch-dunkerque.fr\/maternite\/?page_id=4"},"modified":"2025-10-27T15:51:21","modified_gmt":"2025-10-27T14:51:21","slug":"accueil","status":"publish","type":"page","link":"https:\/\/www.ch-dunkerque.fr\/maternite\/","title":{"rendered":"Accueil"},"content":{"rendered":"\t\t<div data-elementor-type=\"wp-post\" data-elementor-id=\"4\" class=\"elementor elementor-4\">\n\t\t\t\t\t\t<section class=\"elementor-section elementor-top-section elementor-element elementor-element-cd7960d elementor-section-boxed elementor-section-height-default elementor-section-height-default\" data-id=\"cd7960d\" data-element_type=\"section\" data-e-type=\"section\">\n\t\t\t\t\t\t<div class=\"elementor-container elementor-column-gap-default\">\n\t\t\t\t\t<div class=\"elementor-column elementor-col-100 elementor-top-column elementor-element elementor-element-5704d03\" data-id=\"5704d03\" data-element_type=\"column\" data-e-type=\"column\">\n\t\t\t<div class=\"elementor-widget-wrap elementor-element-populated\">\n\t\t\t\t\t\t<div class=\"elementor-element elementor-element-5b12c77 elementor-widget elementor-widget-image\" data-id=\"5b12c77\" data-element_type=\"widget\" data-e-type=\"widget\" data-widget_type=\"image.default\">\n\t\t\t\t<div class=\"elementor-widget-container\">\n\t\t\t\t\t\t\t\t\t\t\t\t\t\t\t<img decoding=\"async\" width=\"300\" height=\"140\" src=\"https:\/\/www.ch-dunkerque.fr\/maternite\/wp-content\/uploads\/sites\/3\/2022\/03\/LOGO-IHAB-300x140.jpg\" class=\"attachment-medium size-medium wp-image-547\" alt=\"\" srcset=\"https:\/\/www.ch-dunkerque.fr\/maternite\/wp-content\/uploads\/sites\/3\/2022\/03\/LOGO-IHAB-300x140.jpg 300w, https:\/\/www.ch-dunkerque.fr\/maternite\/wp-content\/uploads\/sites\/3\/2022\/03\/LOGO-IHAB-768x357.jpg 768w, https:\/\/www.ch-dunkerque.fr\/maternite\/wp-content\/uploads\/sites\/3\/2022\/03\/LOGO-IHAB-1024x476.jpg 1024w, https:\/\/www.ch-dunkerque.fr\/maternite\/wp-content\/uploads\/sites\/3\/2022\/03\/LOGO-IHAB.jpg 1580w\" sizes=\"(max-width: 300px) 100vw, 300px\" \/>\t\t\t\t\t\t\t\t\t\t\t\t\t\t\t<\/div>\n\t\t\t\t<\/div>\n\t\t\t\t<div class=\"elementor-element elementor-element-2fa5f96 elementor-widget elementor-widget-heading\" data-id=\"2fa5f96\" data-element_type=\"widget\" data-e-type=\"widget\" data-widget_type=\"heading.default\">\n\t\t\t\t<div class=\"elementor-widget-container\">\n\t\t\t\t\t<h2 class=\"elementor-heading-title elementor-size-default\">\" Notre pr\u00e9occupation :\nun accompagnement respectueux de votre projet de naissance, en favorisant la proximit\u00e9 24H\/24 de la m\u00e8re et de l'enfant ! \"<br><span style=\"letter-spacing: 0.4px\">Prenez part \u00e0 une visite virtuelle de la maternit\u00e9, en cliquant sur la vid\u00e9o ci-dessous.<\/span><\/h2>\t\t\t\t<\/div>\n\t\t\t\t<\/div>\n\t\t\t\t\t<\/div>\n\t\t<\/div>\n\t\t\t\t\t<\/div>\n\t\t<\/section>\n\t\t\t\t<section class=\"elementor-section elementor-top-section elementor-element elementor-element-30546e4 elementor-section-boxed elementor-section-height-default elementor-section-height-default\" data-id=\"30546e4\" data-element_type=\"section\" data-e-type=\"section\">\n\t\t\t\t\t\t<div class=\"elementor-container elementor-column-gap-default\">\n\t\t\t\t\t<div class=\"elementor-column elementor-col-100 elementor-top-column elementor-element elementor-element-5efc7d5\" data-id=\"5efc7d5\" data-element_type=\"column\" data-e-type=\"column\">\n\t\t\t<div class=\"elementor-widget-wrap elementor-element-populated\">\n\t\t\t\t\t\t<div class=\"elementor-element elementor-element-267a769 elementor-widget elementor-widget-video\" data-id=\"267a769\" data-element_type=\"widget\" data-e-type=\"widget\" data-settings=\"{&quot;youtube_url&quot;:&quot;https:\\\/\\\/youtu.be\\\/fGebLJdheec&quot;,&quot;start&quot;:&quot;0&quot;,&quot;autoplay&quot;:&quot;yes&quot;,&quot;loop&quot;:&quot;yes&quot;,&quot;video_type&quot;:&quot;youtube&quot;}\" data-widget_type=\"video.default\">\n\t\t\t\t<div class=\"elementor-widget-container\">\n\t\t\t\t\t\t\t<div class=\"elementor-wrapper elementor-open-inline\">\n\t\t\t<div class=\"elementor-video\"><\/div>\t\t<\/div>\n\t\t\t\t\t\t<\/div>\n\t\t\t\t<\/div>\n\t\t\t\t\t<\/div>\n\t\t<\/div>\n\t\t\t\t\t<\/div>\n\t\t<\/section>\n\t\t\t\t<\/div>\n\t\t","protected":false},"excerpt":{"rendered":"<p>&#8221; Notre pr\u00e9occupation : un accompagnement respectueux de votre projet de naissance, en favorisant la proximit\u00e9 24H\/24 de la m\u00e8re et de l&#8217;enfant ! &#8220;Prenez part \u00e0 une visite virtuelle de la maternit\u00e9, en cliquant sur la vid\u00e9o ci-dessous.<\/p>\n","protected":false},"author":1,"featured_media":0,"parent":0,"menu_order":0,"comment_status":"closed","ping_status":"closed","template":"","meta":{"_exactmetrics_skip_tracking":false,"_exactmetrics_sitenote_active":false,"_exactmetrics_sitenote_note":"","_exactmetrics_sitenote_category":0,"_genesis_hide_title":false,"_genesis_hide_breadcrumbs":false,"_genesis_hide_singular_image":false,"_genesis_hide_footer_widgets":false,"_genesis_custom_body_class":"","_genesis_custom_post_class":"","_genesis_layout":"","footnotes":""},"class_list":{"0":"post-4","1":"page","2":"type-page","3":"status-publish","5":"entry"},"yoast_head":"<!-- This site is optimized with the Yoast SEO plugin v26.9 - https:\/\/yoast.com\/product\/yoast-seo-wordpress\/ -->\n<title>Accueil - Mini site Maternit\u00e9<\/title>\n<meta name=\"description\" content=\"De la grossesse \u00e0 la naissance, retrouvez toutes les informations sur cet espace d\u00e9di\u00e9 \u00e0 la maternit\u00e9 du centre hospitalier de Dunkerque.\" \/>\n<meta name=\"robots\" content=\"index, follow, max-snippet:-1, max-image-preview:large, max-video-preview:-1\" \/>\n<link rel=\"canonical\" href=\"https:\/\/www.ch-dunkerque.fr\/maternite\/\" \/>\n<meta property=\"og:locale\" content=\"fr_FR\" \/>\n<meta property=\"og:type\" content=\"article\" \/>\n<meta property=\"og:title\" content=\"Accueil - Mini site Maternit\u00e9\" \/>\n<meta property=\"og:description\" content=\"De la grossesse \u00e0 la naissance, retrouvez toutes les informations sur cet espace d\u00e9di\u00e9 \u00e0 la maternit\u00e9 du centre hospitalier de Dunkerque.\" \/>\n<meta property=\"og:url\" content=\"https:\/\/www.ch-dunkerque.fr\/maternite\/\" \/>\n<meta property=\"og:site_name\" content=\"Mini site Maternit\u00e9\" \/>\n<meta property=\"article:modified_time\" content=\"2025-10-27T14:51:21+00:00\" \/>\n<meta property=\"og:image\" content=\"https:\/\/www.ch-dunkerque.fr\/maternite\/wp-content\/uploads\/sites\/3\/2022\/03\/LOGO-IHAB.jpg\" \/>\n\t<meta property=\"og:image:width\" content=\"1580\" \/>\n\t<meta property=\"og:image:height\" content=\"735\" \/>\n\t<meta property=\"og:image:type\" content=\"image\/jpeg\" \/>\n<meta name=\"twitter:card\" content=\"summary_large_image\" \/>\n<meta name=\"twitter:label1\" content=\"Dur\u00e9e de lecture estim\u00e9e\" \/>\n\t<meta name=\"twitter:data1\" content=\"1 minute\" \/>\n<script type=\"application\/ld+json\" class=\"yoast-schema-graph\">{\"@context\":\"https:\/\/schema.org\",\"@graph\":[{\"@type\":\"WebPage\",\"@id\":\"https:\/\/www.ch-dunkerque.fr\/maternite\/\",\"url\":\"https:\/\/www.ch-dunkerque.fr\/maternite\/\",\"name\":\"Accueil - Mini site Maternit\u00e9\",\"isPartOf\":{\"@id\":\"https:\/\/www.ch-dunkerque.fr\/maternite\/#website\"},\"primaryImageOfPage\":{\"@id\":\"https:\/\/www.ch-dunkerque.fr\/maternite\/#primaryimage\"},\"image\":{\"@id\":\"https:\/\/www.ch-dunkerque.fr\/maternite\/#primaryimage\"},\"thumbnailUrl\":\"https:\/\/www.ch-dunkerque.fr\/maternite\/wp-content\/uploads\/sites\/3\/2022\/03\/LOGO-IHAB-300x140.jpg\",\"datePublished\":\"2019-05-28T14:59:55+00:00\",\"dateModified\":\"2025-10-27T14:51:21+00:00\",\"description\":\"De la grossesse \u00e0 la naissance, retrouvez toutes les informations sur cet espace d\u00e9di\u00e9 \u00e0 la maternit\u00e9 du centre hospitalier de Dunkerque.\",\"breadcrumb\":{\"@id\":\"https:\/\/www.ch-dunkerque.fr\/maternite\/#breadcrumb\"},\"inLanguage\":\"fr-FR\",\"potentialAction\":[{\"@type\":\"ReadAction\",\"target\":[\"https:\/\/www.ch-dunkerque.fr\/maternite\/\"]}]},{\"@type\":\"ImageObject\",\"inLanguage\":\"fr-FR\",\"@id\":\"https:\/\/www.ch-dunkerque.fr\/maternite\/#primaryimage\",\"url\":\"https:\/\/www.ch-dunkerque.fr\/maternite\/wp-content\/uploads\/sites\/3\/2022\/03\/LOGO-IHAB.jpg\",\"contentUrl\":\"https:\/\/www.ch-dunkerque.fr\/maternite\/wp-content\/uploads\/sites\/3\/2022\/03\/LOGO-IHAB.jpg\",\"width\":1580,\"height\":735},{\"@type\":\"BreadcrumbList\",\"@id\":\"https:\/\/www.ch-dunkerque.fr\/maternite\/#breadcrumb\",\"itemListElement\":[{\"@type\":\"ListItem\",\"position\":1,\"name\":\"Accueil\",\"item\":\"https:\/\/www.ch-dunkerque.fr\/maternite\/\"},{\"@type\":\"ListItem\",\"position\":2,\"name\":\"Accueil\"}]},{\"@type\":\"WebSite\",\"@id\":\"https:\/\/www.ch-dunkerque.fr\/maternite\/#website\",\"url\":\"https:\/\/www.ch-dunkerque.fr\/maternite\/\",\"name\":\"Mini site Maternit\u00e9\",\"description\":\"Un site utilisant Les sites de chdunkerque\",\"potentialAction\":[{\"@type\":\"SearchAction\",\"target\":{\"@type\":\"EntryPoint\",\"urlTemplate\":\"https:\/\/www.ch-dunkerque.fr\/maternite\/?s={search_term_string}\"},\"query-input\":{\"@type\":\"PropertyValueSpecification\",\"valueRequired\":true,\"valueName\":\"search_term_string\"}}],\"inLanguage\":\"fr-FR\"}]}<\/script>\n<!-- \/ Yoast SEO plugin. -->","yoast_head_json":{"title":"Accueil - Mini site Maternit\u00e9","description":"De la grossesse \u00e0 la naissance, retrouvez toutes les informations sur cet espace d\u00e9di\u00e9 \u00e0 la maternit\u00e9 du centre hospitalier de Dunkerque.","robots":{"index":"index","follow":"follow","max-snippet":"max-snippet:-1","max-image-preview":"max-image-preview:large","max-video-preview":"max-video-preview:-1"},"canonical":"https:\/\/www.ch-dunkerque.fr\/maternite\/","og_locale":"fr_FR","og_type":"article","og_title":"Accueil - Mini site Maternit\u00e9","og_description":"De la grossesse \u00e0 la naissance, retrouvez toutes les informations sur cet espace d\u00e9di\u00e9 \u00e0 la maternit\u00e9 du centre hospitalier de Dunkerque.","og_url":"https:\/\/www.ch-dunkerque.fr\/maternite\/","og_site_name":"Mini site Maternit\u00e9","article_modified_time":"2025-10-27T14:51:21+00:00","og_image":[{"width":1580,"height":735,"url":"https:\/\/www.ch-dunkerque.fr\/maternite\/wp-content\/uploads\/sites\/3\/2022\/03\/LOGO-IHAB.jpg","type":"image\/jpeg"}],"twitter_card":"summary_large_image","twitter_misc":{"Dur\u00e9e de lecture estim\u00e9e":"1 minute"},"schema":{"@context":"https:\/\/schema.org","@graph":[{"@type":"WebPage","@id":"https:\/\/www.ch-dunkerque.fr\/maternite\/","url":"https:\/\/www.ch-dunkerque.fr\/maternite\/","name":"Accueil - Mini site Maternit\u00e9","isPartOf":{"@id":"https:\/\/www.ch-dunkerque.fr\/maternite\/#website"},"primaryImageOfPage":{"@id":"https:\/\/www.ch-dunkerque.fr\/maternite\/#primaryimage"},"image":{"@id":"https:\/\/www.ch-dunkerque.fr\/maternite\/#primaryimage"},"thumbnailUrl":"https:\/\/www.ch-dunkerque.fr\/maternite\/wp-content\/uploads\/sites\/3\/2022\/03\/LOGO-IHAB-300x140.jpg","datePublished":"2019-05-28T14:59:55+00:00","dateModified":"2025-10-27T14:51:21+00:00","description":"De la grossesse \u00e0 la naissance, retrouvez toutes les informations sur cet espace d\u00e9di\u00e9 \u00e0 la maternit\u00e9 du centre hospitalier de Dunkerque.","breadcrumb":{"@id":"https:\/\/www.ch-dunkerque.fr\/maternite\/#breadcrumb"},"inLanguage":"fr-FR","potentialAction":[{"@type":"ReadAction","target":["https:\/\/www.ch-dunkerque.fr\/maternite\/"]}]},{"@type":"ImageObject","inLanguage":"fr-FR","@id":"https:\/\/www.ch-dunkerque.fr\/maternite\/#primaryimage","url":"https:\/\/www.ch-dunkerque.fr\/maternite\/wp-content\/uploads\/sites\/3\/2022\/03\/LOGO-IHAB.jpg","contentUrl":"https:\/\/www.ch-dunkerque.fr\/maternite\/wp-content\/uploads\/sites\/3\/2022\/03\/LOGO-IHAB.jpg","width":1580,"height":735},{"@type":"BreadcrumbList","@id":"https:\/\/www.ch-dunkerque.fr\/maternite\/#breadcrumb","itemListElement":[{"@type":"ListItem","position":1,"name":"Accueil","item":"https:\/\/www.ch-dunkerque.fr\/maternite\/"},{"@type":"ListItem","position":2,"name":"Accueil"}]},{"@type":"WebSite","@id":"https:\/\/www.ch-dunkerque.fr\/maternite\/#website","url":"https:\/\/www.ch-dunkerque.fr\/maternite\/","name":"Mini site Maternit\u00e9","description":"Un site utilisant Les sites de chdunkerque","potentialAction":[{"@type":"SearchAction","target":{"@type":"EntryPoint","urlTemplate":"https:\/\/www.ch-dunkerque.fr\/maternite\/?s={search_term_string}"},"query-input":{"@type":"PropertyValueSpecification","valueRequired":true,"valueName":"search_term_string"}}],"inLanguage":"fr-FR"}]}},"_links":{"self":[{"href":"https:\/\/www.ch-dunkerque.fr\/maternite\/wp-json\/wp\/v2\/pages\/4","targetHints":{"allow":["GET"]}}],"collection":[{"href":"https:\/\/www.ch-dunkerque.fr\/maternite\/wp-json\/wp\/v2\/pages"}],"about":[{"href":"https:\/\/www.ch-dunkerque.fr\/maternite\/wp-json\/wp\/v2\/types\/page"}],"author":[{"embeddable":true,"href":"https:\/\/www.ch-dunkerque.fr\/maternite\/wp-json\/wp\/v2\/users\/1"}],"replies":[{"embeddable":true,"href":"https:\/\/www.ch-dunkerque.fr\/maternite\/wp-json\/wp\/v2\/comments?post=4"}],"version-history":[{"count":17,"href":"https:\/\/www.ch-dunkerque.fr\/maternite\/wp-json\/wp\/v2\/pages\/4\/revisions"}],"predecessor-version":[{"id":755,"href":"https:\/\/www.ch-dunkerque.fr\/maternite\/wp-json\/wp\/v2\/pages\/4\/revisions\/755"}],"wp:attachment":[{"href":"https:\/\/www.ch-dunkerque.fr\/maternite\/wp-json\/wp\/v2\/media?parent=4"}],"curies":[{"name":"wp","href":"https:\/\/api.w.org\/{rel}","templated":true}]}}