{"id":129,"date":"2019-05-29T10:18:57","date_gmt":"2019-05-29T08:18:57","guid":{"rendered":"https:\/\/www.ch-dunkerque.fr\/maternite\/?page_id=129"},"modified":"2025-02-04T10:08:48","modified_gmt":"2025-02-04T09:08:48","slug":"lallaitement","status":"publish","type":"page","link":"https:\/\/www.ch-dunkerque.fr\/maternite\/mon-bebe-est-hospitalise\/lallaitement\/","title":{"rendered":"L&#8217;allaitement"},"content":{"rendered":"<p>L&#8217;hospitalisation de votre b\u00e9b\u00e9 ne doit pas compromettre votre projet d&#8217;allaitement.<\/p>\n<p>Un accompagnement individualis\u00e9 vous sera propos\u00e9 afin de vous guider dans la concr\u00e9tisation de votre projet d&#8217;allaitement. Des outils adapt\u00e9s vous seront propos\u00e9s au sein du service (<a href=\"https:\/\/www.ch-dunkerque.fr\/maternite\/wp-content\/uploads\/sites\/3\/2025\/02\/Fleur-de-lait.pdf\">Fleur de lait<\/a>, carnet de bord&#8230;).<\/p>\n<p>Un salon d&#8217;allaitement est \u00e0 votre disposition ainsi que des tire-laits.<\/p>\n<p><img fetchpriority=\"high\" decoding=\"async\" class=\"alignnone wp-image-710 size-large\" src=\"https:\/\/www.ch-dunkerque.fr\/maternite\/wp-content\/uploads\/sites\/3\/2025\/02\/IMG_4112-1024x683.jpg\" alt=\"\" width=\"1024\" height=\"683\" srcset=\"https:\/\/www.ch-dunkerque.fr\/maternite\/wp-content\/uploads\/sites\/3\/2025\/02\/IMG_4112-1024x683.jpg 1024w, https:\/\/www.ch-dunkerque.fr\/maternite\/wp-content\/uploads\/sites\/3\/2025\/02\/IMG_4112-300x200.jpg 300w, https:\/\/www.ch-dunkerque.fr\/maternite\/wp-content\/uploads\/sites\/3\/2025\/02\/IMG_4112-768x512.jpg 768w, https:\/\/www.ch-dunkerque.fr\/maternite\/wp-content\/uploads\/sites\/3\/2025\/02\/IMG_4112-1536x1024.jpg 1536w, https:\/\/www.ch-dunkerque.fr\/maternite\/wp-content\/uploads\/sites\/3\/2025\/02\/IMG_4112-2048x1365.jpg 2048w, https:\/\/www.ch-dunkerque.fr\/maternite\/wp-content\/uploads\/sites\/3\/2025\/02\/IMG_4112-340x227.jpg 340w\" sizes=\"(max-width: 1024px) 100vw, 1024px\" \/><\/p>\n","protected":false},"excerpt":{"rendered":"<p>L&#8217;hospitalisation de votre b\u00e9b\u00e9 ne doit pas compromettre votre projet d&#8217;allaitement. Un accompagnement individualis\u00e9 vous sera propos\u00e9 afin de vous guider dans la concr\u00e9tisation de votre projet d&#8217;allaitement. Des outils adapt\u00e9s vous seront propos\u00e9s au sein du service (Fleur de lait, carnet de bord&#8230;). Un salon d&#8217;allaitement est \u00e0 votre disposition ainsi que des tire-laits.<\/p>\n","protected":false},"author":1,"featured_media":354,"parent":123,"menu_order":2,"comment_status":"closed","ping_status":"closed","template":"","meta":{"_exactmetrics_skip_tracking":false,"_exactmetrics_sitenote_active":false,"_exactmetrics_sitenote_note":"","_exactmetrics_sitenote_category":0,"_genesis_hide_title":false,"_genesis_hide_breadcrumbs":false,"_genesis_hide_singular_image":false,"_genesis_hide_footer_widgets":false,"_genesis_custom_body_class":"","_genesis_custom_post_class":"","_genesis_layout":"","footnotes":""},"class_list":{"0":"post-129","1":"page","2":"type-page","3":"status-publish","4":"has-post-thumbnail","6":"entry"},"yoast_head":"<!-- This site is optimized with the Yoast SEO plugin v27.6 - https:\/\/yoast.com\/product\/yoast-seo-wordpress\/ -->\n<title>L&#039;allaitement - Mini site Maternit\u00e9<\/title>\n<meta name=\"robots\" content=\"index, follow, max-snippet:-1, max-image-preview:large, max-video-preview:-1\" \/>\n<link rel=\"canonical\" href=\"https:\/\/www.ch-dunkerque.fr\/maternite\/mon-bebe-est-hospitalise\/lallaitement\/\" \/>\n<meta property=\"og:locale\" content=\"fr_FR\" \/>\n<meta property=\"og:type\" content=\"article\" \/>\n<meta property=\"og:title\" content=\"L&#039;allaitement - Mini site Maternit\u00e9\" \/>\n<meta property=\"og:description\" content=\"L&#8217;hospitalisation de votre b\u00e9b\u00e9 ne doit pas compromettre votre projet d&#8217;allaitement. Un accompagnement individualis\u00e9 vous sera propos\u00e9 afin de vous guider dans la concr\u00e9tisation de votre projet d&#8217;allaitement. Des outils adapt\u00e9s vous seront propos\u00e9s au sein du service (Fleur de lait, carnet de bord&#8230;). Un salon d&#8217;allaitement est \u00e0 votre disposition ainsi que des tire-laits.\" \/>\n<meta property=\"og:url\" content=\"https:\/\/www.ch-dunkerque.fr\/maternite\/mon-bebe-est-hospitalise\/lallaitement\/\" \/>\n<meta property=\"og:site_name\" content=\"Mini site Maternit\u00e9\" \/>\n<meta property=\"article:modified_time\" content=\"2025-02-04T09:08:48+00:00\" \/>\n<meta property=\"og:image\" content=\"https:\/\/www.ch-dunkerque.fr\/maternite\/wp-content\/uploads\/sites\/3\/2020\/01\/DSC_2035-1024x683.jpg\" \/>\n\t<meta property=\"og:image:width\" content=\"1024\" \/>\n\t<meta property=\"og:image:height\" content=\"683\" \/>\n\t<meta property=\"og:image:type\" content=\"image\/jpeg\" \/>\n<meta name=\"twitter:card\" content=\"summary_large_image\" \/>\n<meta name=\"twitter:label1\" content=\"Dur\u00e9e de lecture estim\u00e9e\" \/>\n\t<meta name=\"twitter:data1\" content=\"1 minute\" \/>\n<script type=\"application\/ld+json\" class=\"yoast-schema-graph\">{\"@context\":\"https:\\\/\\\/schema.org\",\"@graph\":[{\"@type\":\"WebPage\",\"@id\":\"https:\\\/\\\/www.ch-dunkerque.fr\\\/maternite\\\/mon-bebe-est-hospitalise\\\/lallaitement\\\/\",\"url\":\"https:\\\/\\\/www.ch-dunkerque.fr\\\/maternite\\\/mon-bebe-est-hospitalise\\\/lallaitement\\\/\",\"name\":\"L'allaitement - Mini site Maternit\u00e9\",\"isPartOf\":{\"@id\":\"https:\\\/\\\/www.ch-dunkerque.fr\\\/maternite\\\/#website\"},\"primaryImageOfPage\":{\"@id\":\"https:\\\/\\\/www.ch-dunkerque.fr\\\/maternite\\\/mon-bebe-est-hospitalise\\\/lallaitement\\\/#primaryimage\"},\"image\":{\"@id\":\"https:\\\/\\\/www.ch-dunkerque.fr\\\/maternite\\\/mon-bebe-est-hospitalise\\\/lallaitement\\\/#primaryimage\"},\"thumbnailUrl\":\"https:\\\/\\\/www.ch-dunkerque.fr\\\/maternite\\\/wp-content\\\/uploads\\\/sites\\\/3\\\/2020\\\/01\\\/DSC_2035.jpg\",\"datePublished\":\"2019-05-29T08:18:57+00:00\",\"dateModified\":\"2025-02-04T09:08:48+00:00\",\"breadcrumb\":{\"@id\":\"https:\\\/\\\/www.ch-dunkerque.fr\\\/maternite\\\/mon-bebe-est-hospitalise\\\/lallaitement\\\/#breadcrumb\"},\"inLanguage\":\"fr-FR\",\"potentialAction\":[{\"@type\":\"ReadAction\",\"target\":[\"https:\\\/\\\/www.ch-dunkerque.fr\\\/maternite\\\/mon-bebe-est-hospitalise\\\/lallaitement\\\/\"]}]},{\"@type\":\"ImageObject\",\"inLanguage\":\"fr-FR\",\"@id\":\"https:\\\/\\\/www.ch-dunkerque.fr\\\/maternite\\\/mon-bebe-est-hospitalise\\\/lallaitement\\\/#primaryimage\",\"url\":\"https:\\\/\\\/www.ch-dunkerque.fr\\\/maternite\\\/wp-content\\\/uploads\\\/sites\\\/3\\\/2020\\\/01\\\/DSC_2035.jpg\",\"contentUrl\":\"https:\\\/\\\/www.ch-dunkerque.fr\\\/maternite\\\/wp-content\\\/uploads\\\/sites\\\/3\\\/2020\\\/01\\\/DSC_2035.jpg\",\"width\":4176,\"height\":2784},{\"@type\":\"BreadcrumbList\",\"@id\":\"https:\\\/\\\/www.ch-dunkerque.fr\\\/maternite\\\/mon-bebe-est-hospitalise\\\/lallaitement\\\/#breadcrumb\",\"itemListElement\":[{\"@type\":\"ListItem\",\"position\":1,\"name\":\"Accueil\",\"item\":\"https:\\\/\\\/www.ch-dunkerque.fr\\\/maternite\\\/\"},{\"@type\":\"ListItem\",\"position\":2,\"name\":\"Mon b\u00e9b\u00e9 est hospitalis\u00e9\",\"item\":\"https:\\\/\\\/www.ch-dunkerque.fr\\\/maternite\\\/mon-bebe-est-hospitalise\\\/\"},{\"@type\":\"ListItem\",\"position\":3,\"name\":\"L&#8217;allaitement\"}]},{\"@type\":\"WebSite\",\"@id\":\"https:\\\/\\\/www.ch-dunkerque.fr\\\/maternite\\\/#website\",\"url\":\"https:\\\/\\\/www.ch-dunkerque.fr\\\/maternite\\\/\",\"name\":\"Mini site Maternit\u00e9\",\"description\":\"Un site utilisant Les sites de chdunkerque\",\"potentialAction\":[{\"@type\":\"SearchAction\",\"target\":{\"@type\":\"EntryPoint\",\"urlTemplate\":\"https:\\\/\\\/www.ch-dunkerque.fr\\\/maternite\\\/?s={search_term_string}\"},\"query-input\":{\"@type\":\"PropertyValueSpecification\",\"valueRequired\":true,\"valueName\":\"search_term_string\"}}],\"inLanguage\":\"fr-FR\"}]}<\/script>\n<!-- \/ Yoast SEO plugin. -->","yoast_head_json":{"title":"L'allaitement - Mini site Maternit\u00e9","robots":{"index":"index","follow":"follow","max-snippet":"max-snippet:-1","max-image-preview":"max-image-preview:large","max-video-preview":"max-video-preview:-1"},"canonical":"https:\/\/www.ch-dunkerque.fr\/maternite\/mon-bebe-est-hospitalise\/lallaitement\/","og_locale":"fr_FR","og_type":"article","og_title":"L'allaitement - Mini site Maternit\u00e9","og_description":"L&#8217;hospitalisation de votre b\u00e9b\u00e9 ne doit pas compromettre votre projet d&#8217;allaitement. Un accompagnement individualis\u00e9 vous sera propos\u00e9 afin de vous guider dans la concr\u00e9tisation de votre projet d&#8217;allaitement. Des outils adapt\u00e9s vous seront propos\u00e9s au sein du service (Fleur de lait, carnet de bord&#8230;). Un salon d&#8217;allaitement est \u00e0 votre disposition ainsi que des tire-laits.","og_url":"https:\/\/www.ch-dunkerque.fr\/maternite\/mon-bebe-est-hospitalise\/lallaitement\/","og_site_name":"Mini site Maternit\u00e9","article_modified_time":"2025-02-04T09:08:48+00:00","og_image":[{"width":1024,"height":683,"url":"https:\/\/www.ch-dunkerque.fr\/maternite\/wp-content\/uploads\/sites\/3\/2020\/01\/DSC_2035-1024x683.jpg","type":"image\/jpeg"}],"twitter_card":"summary_large_image","twitter_misc":{"Dur\u00e9e de lecture estim\u00e9e":"1 minute"},"schema":{"@context":"https:\/\/schema.org","@graph":[{"@type":"WebPage","@id":"https:\/\/www.ch-dunkerque.fr\/maternite\/mon-bebe-est-hospitalise\/lallaitement\/","url":"https:\/\/www.ch-dunkerque.fr\/maternite\/mon-bebe-est-hospitalise\/lallaitement\/","name":"L'allaitement - Mini site Maternit\u00e9","isPartOf":{"@id":"https:\/\/www.ch-dunkerque.fr\/maternite\/#website"},"primaryImageOfPage":{"@id":"https:\/\/www.ch-dunkerque.fr\/maternite\/mon-bebe-est-hospitalise\/lallaitement\/#primaryimage"},"image":{"@id":"https:\/\/www.ch-dunkerque.fr\/maternite\/mon-bebe-est-hospitalise\/lallaitement\/#primaryimage"},"thumbnailUrl":"https:\/\/www.ch-dunkerque.fr\/maternite\/wp-content\/uploads\/sites\/3\/2020\/01\/DSC_2035.jpg","datePublished":"2019-05-29T08:18:57+00:00","dateModified":"2025-02-04T09:08:48+00:00","breadcrumb":{"@id":"https:\/\/www.ch-dunkerque.fr\/maternite\/mon-bebe-est-hospitalise\/lallaitement\/#breadcrumb"},"inLanguage":"fr-FR","potentialAction":[{"@type":"ReadAction","target":["https:\/\/www.ch-dunkerque.fr\/maternite\/mon-bebe-est-hospitalise\/lallaitement\/"]}]},{"@type":"ImageObject","inLanguage":"fr-FR","@id":"https:\/\/www.ch-dunkerque.fr\/maternite\/mon-bebe-est-hospitalise\/lallaitement\/#primaryimage","url":"https:\/\/www.ch-dunkerque.fr\/maternite\/wp-content\/uploads\/sites\/3\/2020\/01\/DSC_2035.jpg","contentUrl":"https:\/\/www.ch-dunkerque.fr\/maternite\/wp-content\/uploads\/sites\/3\/2020\/01\/DSC_2035.jpg","width":4176,"height":2784},{"@type":"BreadcrumbList","@id":"https:\/\/www.ch-dunkerque.fr\/maternite\/mon-bebe-est-hospitalise\/lallaitement\/#breadcrumb","itemListElement":[{"@type":"ListItem","position":1,"name":"Accueil","item":"https:\/\/www.ch-dunkerque.fr\/maternite\/"},{"@type":"ListItem","position":2,"name":"Mon b\u00e9b\u00e9 est hospitalis\u00e9","item":"https:\/\/www.ch-dunkerque.fr\/maternite\/mon-bebe-est-hospitalise\/"},{"@type":"ListItem","position":3,"name":"L&#8217;allaitement"}]},{"@type":"WebSite","@id":"https:\/\/www.ch-dunkerque.fr\/maternite\/#website","url":"https:\/\/www.ch-dunkerque.fr\/maternite\/","name":"Mini site Maternit\u00e9","description":"Un site utilisant Les sites de chdunkerque","potentialAction":[{"@type":"SearchAction","target":{"@type":"EntryPoint","urlTemplate":"https:\/\/www.ch-dunkerque.fr\/maternite\/?s={search_term_string}"},"query-input":{"@type":"PropertyValueSpecification","valueRequired":true,"valueName":"search_term_string"}}],"inLanguage":"fr-FR"}]}},"_links":{"self":[{"href":"https:\/\/www.ch-dunkerque.fr\/maternite\/wp-json\/wp\/v2\/pages\/129","targetHints":{"allow":["GET"]}}],"collection":[{"href":"https:\/\/www.ch-dunkerque.fr\/maternite\/wp-json\/wp\/v2\/pages"}],"about":[{"href":"https:\/\/www.ch-dunkerque.fr\/maternite\/wp-json\/wp\/v2\/types\/page"}],"author":[{"embeddable":true,"href":"https:\/\/www.ch-dunkerque.fr\/maternite\/wp-json\/wp\/v2\/users\/1"}],"replies":[{"embeddable":true,"href":"https:\/\/www.ch-dunkerque.fr\/maternite\/wp-json\/wp\/v2\/comments?post=129"}],"version-history":[{"count":7,"href":"https:\/\/www.ch-dunkerque.fr\/maternite\/wp-json\/wp\/v2\/pages\/129\/revisions"}],"predecessor-version":[{"id":711,"href":"https:\/\/www.ch-dunkerque.fr\/maternite\/wp-json\/wp\/v2\/pages\/129\/revisions\/711"}],"up":[{"embeddable":true,"href":"https:\/\/www.ch-dunkerque.fr\/maternite\/wp-json\/wp\/v2\/pages\/123"}],"wp:featuredmedia":[{"embeddable":true,"href":"https:\/\/www.ch-dunkerque.fr\/maternite\/wp-json\/wp\/v2\/media\/354"}],"wp:attachment":[{"href":"https:\/\/www.ch-dunkerque.fr\/maternite\/wp-json\/wp\/v2\/media?parent=129"}],"curies":[{"name":"wp","href":"https:\/\/api.w.org\/{rel}","templated":true}]}}