{"id":127,"date":"2019-05-29T10:18:35","date_gmt":"2019-05-29T08:18:35","guid":{"rendered":"https:\/\/www.ch-dunkerque.fr\/maternite\/?page_id=127"},"modified":"2025-02-06T13:31:25","modified_gmt":"2025-02-06T12:31:25","slug":"mon-sejour-dans-le-service","status":"publish","type":"page","link":"https:\/\/www.ch-dunkerque.fr\/maternite\/mon-bebe-est-hospitalise\/mon-sejour-dans-le-service\/","title":{"rendered":"Mon s\u00e9jour dans le service"},"content":{"rendered":"<h3>Mes soins de d\u00e9veloppement<\/h3>\n<p>Vous avez une place centrale dans tous les soins donn\u00e9s \u00e0 votre b\u00e9b\u00e9, vous faites partie de la triade b\u00e9b\u00e9, parents, soignants.<\/p>\n<p>Les soins de votre b\u00e9b\u00e9 sont individualis\u00e9s et r\u00e9alis\u00e9s dans le cadre du soutien au d\u00e9veloppement. En favorisant son confort (cocon, enveloppement, massage, emmaillotement, portage, r\u00e9flexologie et bain thalasso), en r\u00e9duisant l\u2019intensit\u00e9 lumineuse et sonore. En s\u2019adaptant au rythme de votre b\u00e9b\u00e9, ses soins sont r\u00e9alis\u00e9s pendant ses phases d\u2019\u00e9veil, avec un soutien postural et une manipulation douce.<\/p>\n<h3>Mes visites<\/h3>\n<ul>\n<li><strong>La pr\u00e9sence de mes parents est possible et vivement recommand\u00e9e de jour comme de nuit, 24h\/24 et sans limitation de dur\u00e9e.<\/strong><\/li>\n<\/ul>\n<p style=\"padding-left: 40px\">Votre pr\u00e9sence aupr\u00e8s de moi \u00a0est essentielle. Le personnel soignant peut m\u2019apporter des soins sp\u00e9cifiques et attentionn\u00e9s mais en aucun cas il ne peut vous remplacer.<br \/>\nJe reconnais d\u00e9j\u00e0 votre voix, votre odeur qui me r\u00e9conforte, me calme et me s\u00e9curise. Vous pouvez prendre soin de moi et\u00a0 m\u2019apporter du soutien par vos gestes et vos paroles : caresses, massages, changes, prises dans les bras, mise en peau \u00e0 peau, bain, repas, chant, jeux&#8230;tout ceci en respectant mon rythme de sommeil.<\/p>\n<ul>\n<li><strong>Les visites de l&#8217;entourage proche sont \u00e9galement possibles.<\/strong><em>Dans le respect de mon rythme d\u2019\u00e9veil, mes parents s\u2019ils le souhaitent, ont la possibilit\u00e9 de faire entrer dans le service des personnes proches<\/em> :<\/li>\n<li style=\"list-style-type: none\">\n<ul>\n<li style=\"list-style-type: none\">\n<ul>\n<li><em>En limitant la dur\u00e9e de ces visites \u00e0 30 minutes et le nombre de visiteurs : pas plus de deux personnes autour de moi et maximum deux visiteurs ext\u00e9rieurs dans une m\u00eame journ\u00e9e<\/em><\/li>\n<li><em>Un de mes parent doit toujours \u00eatre pr\u00e9sent avec le visiteur et doit pr\u00e9venir les soignants avant les visites<\/em><\/li>\n<\/ul>\n<\/li>\n<\/ul>\n<\/li>\n<\/ul>\n<p><em>Le respect de ces mesures est indispensable pour le calme et la s\u00e9r\u00e9nit\u00e9 du service et des autres enfants hospitalis\u00e9s. Si elle l\u2019estime n\u00e9cessaire, l\u2019\u00e9quipe pourra \u00e0 tout moment demander aux visiteurs de revenir ult\u00e9rieurement.<\/em><\/p>\n<h3>Ma sortie<\/h3>\n<p>La sortie est pr\u00e9par\u00e9e avec l\u2019ensemble de l\u2019\u00e9quipe soignante tout au long du s\u00e9jour.\u00a0 Des temps d\u2019\u00e9change avec la pu\u00e9ricultrice sont organis\u00e9s afin de r\u00e9pondre \u00e0 vos questions et vous conseiller concernant votre retour \u00e0 domicile (remise de documents, informations sur les aides possibles selon votre secteur d\u2019habitation (PMI, ateliers Dk\u2019parentalit\u00e9, Materlait, \u2026), rendez-vous de suivi\u2026).<\/p>\n","protected":false},"excerpt":{"rendered":"<p>Mes soins de d\u00e9veloppement Vous avez une place centrale dans tous les soins donn\u00e9s \u00e0 votre b\u00e9b\u00e9, vous faites partie de la triade b\u00e9b\u00e9, parents, soignants. Les soins de votre b\u00e9b\u00e9 sont individualis\u00e9s et r\u00e9alis\u00e9s dans le cadre du soutien au d\u00e9veloppement. En favorisant son confort (cocon, enveloppement, massage, emmaillotement, portage, r\u00e9flexologie et bain thalasso), [&hellip;]<\/p>\n","protected":false},"author":1,"featured_media":363,"parent":123,"menu_order":1,"comment_status":"closed","ping_status":"closed","template":"","meta":{"_exactmetrics_skip_tracking":false,"_exactmetrics_sitenote_active":false,"_exactmetrics_sitenote_note":"","_exactmetrics_sitenote_category":0,"_genesis_hide_title":false,"_genesis_hide_breadcrumbs":false,"_genesis_hide_singular_image":false,"_genesis_hide_footer_widgets":false,"_genesis_custom_body_class":"","_genesis_custom_post_class":"","_genesis_layout":"","footnotes":""},"class_list":{"0":"post-127","1":"page","2":"type-page","3":"status-publish","4":"has-post-thumbnail","6":"entry"},"yoast_head":"<!-- This site is optimized with the Yoast SEO plugin v26.9 - https:\/\/yoast.com\/product\/yoast-seo-wordpress\/ -->\n<title>Mon s\u00e9jour dans le service - Mini site Maternit\u00e9<\/title>\n<meta name=\"robots\" content=\"index, follow, max-snippet:-1, max-image-preview:large, max-video-preview:-1\" \/>\n<link rel=\"canonical\" href=\"https:\/\/www.ch-dunkerque.fr\/maternite\/mon-bebe-est-hospitalise\/mon-sejour-dans-le-service\/\" \/>\n<meta property=\"og:locale\" content=\"fr_FR\" \/>\n<meta property=\"og:type\" content=\"article\" \/>\n<meta property=\"og:title\" content=\"Mon s\u00e9jour dans le service - Mini site Maternit\u00e9\" \/>\n<meta property=\"og:description\" content=\"Mes soins de d\u00e9veloppement Vous avez une place centrale dans tous les soins donn\u00e9s \u00e0 votre b\u00e9b\u00e9, vous faites partie de la triade b\u00e9b\u00e9, parents, soignants. Les soins de votre b\u00e9b\u00e9 sont individualis\u00e9s et r\u00e9alis\u00e9s dans le cadre du soutien au d\u00e9veloppement. En favorisant son confort (cocon, enveloppement, massage, emmaillotement, portage, r\u00e9flexologie et bain thalasso), [&hellip;]\" \/>\n<meta property=\"og:url\" content=\"https:\/\/www.ch-dunkerque.fr\/maternite\/mon-bebe-est-hospitalise\/mon-sejour-dans-le-service\/\" \/>\n<meta property=\"og:site_name\" content=\"Mini site Maternit\u00e9\" \/>\n<meta property=\"article:modified_time\" content=\"2025-02-06T12:31:25+00:00\" \/>\n<meta property=\"og:image\" content=\"https:\/\/www.ch-dunkerque.fr\/maternite\/wp-content\/uploads\/sites\/3\/2020\/01\/DSC_2239-1024x683.jpg\" \/>\n\t<meta property=\"og:image:width\" content=\"1024\" \/>\n\t<meta property=\"og:image:height\" content=\"683\" \/>\n\t<meta property=\"og:image:type\" content=\"image\/jpeg\" \/>\n<meta name=\"twitter:card\" content=\"summary_large_image\" \/>\n<meta name=\"twitter:label1\" content=\"Dur\u00e9e de lecture estim\u00e9e\" \/>\n\t<meta name=\"twitter:data1\" content=\"3 minutes\" \/>\n<script type=\"application\/ld+json\" class=\"yoast-schema-graph\">{\"@context\":\"https:\/\/schema.org\",\"@graph\":[{\"@type\":\"WebPage\",\"@id\":\"https:\/\/www.ch-dunkerque.fr\/maternite\/mon-bebe-est-hospitalise\/mon-sejour-dans-le-service\/\",\"url\":\"https:\/\/www.ch-dunkerque.fr\/maternite\/mon-bebe-est-hospitalise\/mon-sejour-dans-le-service\/\",\"name\":\"Mon s\u00e9jour dans le service - Mini site Maternit\u00e9\",\"isPartOf\":{\"@id\":\"https:\/\/www.ch-dunkerque.fr\/maternite\/#website\"},\"primaryImageOfPage\":{\"@id\":\"https:\/\/www.ch-dunkerque.fr\/maternite\/mon-bebe-est-hospitalise\/mon-sejour-dans-le-service\/#primaryimage\"},\"image\":{\"@id\":\"https:\/\/www.ch-dunkerque.fr\/maternite\/mon-bebe-est-hospitalise\/mon-sejour-dans-le-service\/#primaryimage\"},\"thumbnailUrl\":\"https:\/\/www.ch-dunkerque.fr\/maternite\/wp-content\/uploads\/sites\/3\/2020\/01\/DSC_2239.jpg\",\"datePublished\":\"2019-05-29T08:18:35+00:00\",\"dateModified\":\"2025-02-06T12:31:25+00:00\",\"breadcrumb\":{\"@id\":\"https:\/\/www.ch-dunkerque.fr\/maternite\/mon-bebe-est-hospitalise\/mon-sejour-dans-le-service\/#breadcrumb\"},\"inLanguage\":\"fr-FR\",\"potentialAction\":[{\"@type\":\"ReadAction\",\"target\":[\"https:\/\/www.ch-dunkerque.fr\/maternite\/mon-bebe-est-hospitalise\/mon-sejour-dans-le-service\/\"]}]},{\"@type\":\"ImageObject\",\"inLanguage\":\"fr-FR\",\"@id\":\"https:\/\/www.ch-dunkerque.fr\/maternite\/mon-bebe-est-hospitalise\/mon-sejour-dans-le-service\/#primaryimage\",\"url\":\"https:\/\/www.ch-dunkerque.fr\/maternite\/wp-content\/uploads\/sites\/3\/2020\/01\/DSC_2239.jpg\",\"contentUrl\":\"https:\/\/www.ch-dunkerque.fr\/maternite\/wp-content\/uploads\/sites\/3\/2020\/01\/DSC_2239.jpg\",\"width\":4176,\"height\":2784},{\"@type\":\"BreadcrumbList\",\"@id\":\"https:\/\/www.ch-dunkerque.fr\/maternite\/mon-bebe-est-hospitalise\/mon-sejour-dans-le-service\/#breadcrumb\",\"itemListElement\":[{\"@type\":\"ListItem\",\"position\":1,\"name\":\"Accueil\",\"item\":\"https:\/\/www.ch-dunkerque.fr\/maternite\/\"},{\"@type\":\"ListItem\",\"position\":2,\"name\":\"Mon b\u00e9b\u00e9 est hospitalis\u00e9\",\"item\":\"https:\/\/www.ch-dunkerque.fr\/maternite\/mon-bebe-est-hospitalise\/\"},{\"@type\":\"ListItem\",\"position\":3,\"name\":\"Mon s\u00e9jour dans le service\"}]},{\"@type\":\"WebSite\",\"@id\":\"https:\/\/www.ch-dunkerque.fr\/maternite\/#website\",\"url\":\"https:\/\/www.ch-dunkerque.fr\/maternite\/\",\"name\":\"Mini site Maternit\u00e9\",\"description\":\"Un site utilisant Les sites de chdunkerque\",\"potentialAction\":[{\"@type\":\"SearchAction\",\"target\":{\"@type\":\"EntryPoint\",\"urlTemplate\":\"https:\/\/www.ch-dunkerque.fr\/maternite\/?s={search_term_string}\"},\"query-input\":{\"@type\":\"PropertyValueSpecification\",\"valueRequired\":true,\"valueName\":\"search_term_string\"}}],\"inLanguage\":\"fr-FR\"}]}<\/script>\n<!-- \/ Yoast SEO plugin. -->","yoast_head_json":{"title":"Mon s\u00e9jour dans le service - Mini site Maternit\u00e9","robots":{"index":"index","follow":"follow","max-snippet":"max-snippet:-1","max-image-preview":"max-image-preview:large","max-video-preview":"max-video-preview:-1"},"canonical":"https:\/\/www.ch-dunkerque.fr\/maternite\/mon-bebe-est-hospitalise\/mon-sejour-dans-le-service\/","og_locale":"fr_FR","og_type":"article","og_title":"Mon s\u00e9jour dans le service - Mini site Maternit\u00e9","og_description":"Mes soins de d\u00e9veloppement Vous avez une place centrale dans tous les soins donn\u00e9s \u00e0 votre b\u00e9b\u00e9, vous faites partie de la triade b\u00e9b\u00e9, parents, soignants. Les soins de votre b\u00e9b\u00e9 sont individualis\u00e9s et r\u00e9alis\u00e9s dans le cadre du soutien au d\u00e9veloppement. En favorisant son confort (cocon, enveloppement, massage, emmaillotement, portage, r\u00e9flexologie et bain thalasso), [&hellip;]","og_url":"https:\/\/www.ch-dunkerque.fr\/maternite\/mon-bebe-est-hospitalise\/mon-sejour-dans-le-service\/","og_site_name":"Mini site Maternit\u00e9","article_modified_time":"2025-02-06T12:31:25+00:00","og_image":[{"width":1024,"height":683,"url":"https:\/\/www.ch-dunkerque.fr\/maternite\/wp-content\/uploads\/sites\/3\/2020\/01\/DSC_2239-1024x683.jpg","type":"image\/jpeg"}],"twitter_card":"summary_large_image","twitter_misc":{"Dur\u00e9e de lecture estim\u00e9e":"3 minutes"},"schema":{"@context":"https:\/\/schema.org","@graph":[{"@type":"WebPage","@id":"https:\/\/www.ch-dunkerque.fr\/maternite\/mon-bebe-est-hospitalise\/mon-sejour-dans-le-service\/","url":"https:\/\/www.ch-dunkerque.fr\/maternite\/mon-bebe-est-hospitalise\/mon-sejour-dans-le-service\/","name":"Mon s\u00e9jour dans le service - Mini site Maternit\u00e9","isPartOf":{"@id":"https:\/\/www.ch-dunkerque.fr\/maternite\/#website"},"primaryImageOfPage":{"@id":"https:\/\/www.ch-dunkerque.fr\/maternite\/mon-bebe-est-hospitalise\/mon-sejour-dans-le-service\/#primaryimage"},"image":{"@id":"https:\/\/www.ch-dunkerque.fr\/maternite\/mon-bebe-est-hospitalise\/mon-sejour-dans-le-service\/#primaryimage"},"thumbnailUrl":"https:\/\/www.ch-dunkerque.fr\/maternite\/wp-content\/uploads\/sites\/3\/2020\/01\/DSC_2239.jpg","datePublished":"2019-05-29T08:18:35+00:00","dateModified":"2025-02-06T12:31:25+00:00","breadcrumb":{"@id":"https:\/\/www.ch-dunkerque.fr\/maternite\/mon-bebe-est-hospitalise\/mon-sejour-dans-le-service\/#breadcrumb"},"inLanguage":"fr-FR","potentialAction":[{"@type":"ReadAction","target":["https:\/\/www.ch-dunkerque.fr\/maternite\/mon-bebe-est-hospitalise\/mon-sejour-dans-le-service\/"]}]},{"@type":"ImageObject","inLanguage":"fr-FR","@id":"https:\/\/www.ch-dunkerque.fr\/maternite\/mon-bebe-est-hospitalise\/mon-sejour-dans-le-service\/#primaryimage","url":"https:\/\/www.ch-dunkerque.fr\/maternite\/wp-content\/uploads\/sites\/3\/2020\/01\/DSC_2239.jpg","contentUrl":"https:\/\/www.ch-dunkerque.fr\/maternite\/wp-content\/uploads\/sites\/3\/2020\/01\/DSC_2239.jpg","width":4176,"height":2784},{"@type":"BreadcrumbList","@id":"https:\/\/www.ch-dunkerque.fr\/maternite\/mon-bebe-est-hospitalise\/mon-sejour-dans-le-service\/#breadcrumb","itemListElement":[{"@type":"ListItem","position":1,"name":"Accueil","item":"https:\/\/www.ch-dunkerque.fr\/maternite\/"},{"@type":"ListItem","position":2,"name":"Mon b\u00e9b\u00e9 est hospitalis\u00e9","item":"https:\/\/www.ch-dunkerque.fr\/maternite\/mon-bebe-est-hospitalise\/"},{"@type":"ListItem","position":3,"name":"Mon s\u00e9jour dans le service"}]},{"@type":"WebSite","@id":"https:\/\/www.ch-dunkerque.fr\/maternite\/#website","url":"https:\/\/www.ch-dunkerque.fr\/maternite\/","name":"Mini site Maternit\u00e9","description":"Un site utilisant Les sites de chdunkerque","potentialAction":[{"@type":"SearchAction","target":{"@type":"EntryPoint","urlTemplate":"https:\/\/www.ch-dunkerque.fr\/maternite\/?s={search_term_string}"},"query-input":{"@type":"PropertyValueSpecification","valueRequired":true,"valueName":"search_term_string"}}],"inLanguage":"fr-FR"}]}},"_links":{"self":[{"href":"https:\/\/www.ch-dunkerque.fr\/maternite\/wp-json\/wp\/v2\/pages\/127","targetHints":{"allow":["GET"]}}],"collection":[{"href":"https:\/\/www.ch-dunkerque.fr\/maternite\/wp-json\/wp\/v2\/pages"}],"about":[{"href":"https:\/\/www.ch-dunkerque.fr\/maternite\/wp-json\/wp\/v2\/types\/page"}],"author":[{"embeddable":true,"href":"https:\/\/www.ch-dunkerque.fr\/maternite\/wp-json\/wp\/v2\/users\/1"}],"replies":[{"embeddable":true,"href":"https:\/\/www.ch-dunkerque.fr\/maternite\/wp-json\/wp\/v2\/comments?post=127"}],"version-history":[{"count":9,"href":"https:\/\/www.ch-dunkerque.fr\/maternite\/wp-json\/wp\/v2\/pages\/127\/revisions"}],"predecessor-version":[{"id":720,"href":"https:\/\/www.ch-dunkerque.fr\/maternite\/wp-json\/wp\/v2\/pages\/127\/revisions\/720"}],"up":[{"embeddable":true,"href":"https:\/\/www.ch-dunkerque.fr\/maternite\/wp-json\/wp\/v2\/pages\/123"}],"wp:featuredmedia":[{"embeddable":true,"href":"https:\/\/www.ch-dunkerque.fr\/maternite\/wp-json\/wp\/v2\/media\/363"}],"wp:attachment":[{"href":"https:\/\/www.ch-dunkerque.fr\/maternite\/wp-json\/wp\/v2\/media?parent=127"}],"curies":[{"name":"wp","href":"https:\/\/api.w.org\/{rel}","templated":true}]}}