{"id":706,"date":"2022-03-03T16:36:39","date_gmt":"2022-03-03T15:36:39","guid":{"rendered":"https:\/\/www.ch-dunkerque.fr\/ifs\/?page_id=706"},"modified":"2026-01-06T11:15:11","modified_gmt":"2026-01-06T10:15:11","slug":"tutorat-as","status":"publish","type":"page","link":"https:\/\/www.ch-dunkerque.fr\/ifs\/nos-formations\/tutorat-as\/","title":{"rendered":"Tutorat Aide-Soignant"},"content":{"rendered":"<p><span style=\"color: #000000\">\u00ab La r\u00e9alisation de stages constituant pour les \u00e9tudiants un \u00e9l\u00e9ment primordial dans l\u2019acquisition de comp\u00e9tences et la bonne appr\u00e9hension de leur future posture de professionnel de sant\u00e9, l\u2019encadrement par des pairs est consid\u00e9r\u00e9 comme essentiel. Afin de garantir aux \u00e9tudiants un accompagnement en stage de qualit\u00e9, il convient de professionnaliser la fonction de tuteur de stage et d\u2019assurer aux professionnels concern\u00e9s une formation adapt\u00e9e et harmonis\u00e9e sur l\u2019ensemble du territoire \u00bb.<\/span><\/p>\n<p><a href=\"https:\/\/www.legifrance.gouv.fr\/circulaire\/id\/41479\">Instruction n\u00b0 DGOS\/RH1\/2016\/330 du 4 novembre 2016 relative \u00e0 la formation des tuteurs de stages param\u00e9dicaux.<\/a><\/p>\n<h2>Objectifs :<\/h2>\n<ul>\n<li><span style=\"color: #000000\">Acqu\u00e9rir les comp\u00e9tences tutorales.<\/span><\/li>\n<li><span style=\"color: #000000\">Appr\u00e9hender le r\u00e9f\u00e9rentiel de formation AS du 10 juin 2021.<\/span><\/li>\n<li><span style=\"color: #000000\">Comprendre le dispositif de formation, les r\u00f4les et missions de chaque professionnel ayant un r\u00f4le aupr\u00e8s de l&#8217;\u00e9l\u00e8ve aide-soignant.<\/span><\/li>\n<li><span style=\"color: #000000\">R\u00e9aliser un accueil individualis\u00e9, conna\u00eetre et utiliser les outils de suivi adapt\u00e9s au lieu de stage.<\/span><\/li>\n<li><span style=\"color: #000000\">Elaborer un projet d\u2019accompagnement individualis\u00e9 de l\u2019\u00e9l\u00e8ve aide-soignant.<\/span><\/li>\n<li><span style=\"color: #000000\">Accompagner l\u2019\u00e9l\u00e8ve dans le d\u00e9veloppement de sa capacit\u00e9 r\u00e9flexive afin de lui permettre de construire ses comp\u00e9tences.<\/span><\/li>\n<li><span style=\"color: #000000\">Identifier la posture relationnelle adapt\u00e9e dans la fonction de tuteur.<\/span><\/li>\n<li><span style=\"color: #000000\">Etre capable d\u2019\u00e9valuer un \u00e9l\u00e8ve en fonction des comp\u00e9tences et activit\u00e9s sp\u00e9cifiques au service.<\/span><\/li>\n<\/ul>\n<h2>Public :<\/h2>\n<p><span style=\"color: #000000\">Cadres de sant\u00e9\u00a0; Infirmier(e)s\u00a0; Aide-soignant appel\u00e9 \u00e0 encadrer les \u00e9l\u00e8ves aides-soignants<\/span><\/p>\n<p><span style=\"color: #000000\">Groupe de 20 participants maximum.<\/span><\/p>\n<h2>Pr\u00e9requis :<\/h2>\n<p><span style=\"color: #000000\">Etre titulaire du Dipl\u00f4me d&#8217;Etat Cadre de Sant\u00e9 ou Dipl\u00f4me d&#8217;Etat Infirmier ou Dipl\u00f4me d&#8217;Etat Aide-Soignant<\/span><\/p>\n<h2>Formateurs :<\/h2>\n<p><span style=\"color: #000000\">Cadres de sant\u00e9 formateur \u00e0 l\u2019Institut des Formations en Sant\u00e9 du Centre Hospitalier de Dunkerque.<\/span><\/p>\n<h2>M\u00e9thodes p\u00e9dagogiques :<\/h2>\n<p><span style=\"color: #000000\">Apports th\u00e9oriques didactiques, jeux de r\u00f4le, travaux de groupe, utilisation de boitiers de vote interactif, retour d\u2019exp\u00e9riences\u2026.<\/span><\/p>\n<p><span style=\"color: #000000\">Questionnaire d\u2019\u00e9valuation de fin de formation.<\/span><\/p>\n<h2>Ressources mat\u00e9rielles :<\/h2>\n<p><span style=\"color: #000000\">&#8211; 1 amphith\u00e9\u00e2tre (130 places)<\/span><\/p>\n<p><span style=\"color: #000000\">&#8211; des salles de groupe (25 places)<\/span><\/p>\n<p><span style=\"color: #000000\">&#8211; des bureaux individuels <\/span><\/p>\n<p><span style=\"color: #000000\">&#8211; des salles de pratique<\/span><\/p>\n<p><span style=\"color: #000000\">&#8211; des salles de simulation<\/span><\/p>\n<p><span style=\"color: #000000\">Toutes les salles peuvent \u00eatre \u00e9quip\u00e9es de mat\u00e9riels p\u00e9dagogiques et num\u00e9riques ( ordinateur portable, vid\u00e9oprojection, &#8230;)<\/span><\/p>\n<h2>Co\u00fbt de la formation :<\/h2>\n<p><span style=\"color: #000000\">315\u20ac par personne<\/span><\/p>\n<h2>Dates :<\/h2>\n<p><span style=\"color: #000000\">3 jours de formation : <\/span><\/p>\n<ul>\n<li>05-06\/03 et 03\/04\/2026<\/li>\n<\/ul>\n<h2>Inscription :<\/h2>\n<p><span style=\"color: #000000\">par mail \u00e0 l&#8217;adresse suivante :<\/span> <a href=\"mailto:ifs@ch-dunkerque.fr\">ifs@ch-dunkerque.fr<\/a><\/p>\n<p><a href=\"https:\/\/www.ch-dunkerque.fr\/ifs\/wp-content\/uploads\/sites\/4\/2026\/01\/Livret-formation-tutorat-AS-Imp-1000.pdf\">Livret formation tutorat AS &#8211; Imp 1000<\/a><\/p>\n<p><a href=\"https:\/\/www.ch-dunkerque.fr\/ifs\/wp-content\/uploads\/sites\/4\/2025\/12\/Formulaire-dinscription-tutorat-AS-02-03-2026-V1.pdf\">Formulaire d&#8217;inscription tutorat AS 02-03 2026 V1<\/a><\/p>\n<p><span style=\"color: #000000\">Voici le r\u00e8glement int\u00e9rieur de l&#8217;IFS \u00e0 destination des apprenants en formation continue \u00e0 prendre connaissance lors de votre inscription :<\/span><\/p>\n<p><a href=\"https:\/\/www.ch-dunkerque.fr\/ifs\/wp-content\/uploads\/sites\/4\/2024\/10\/Reglement-Interieur-Formations-FC-VAE-2024.pdf\">Reglement Interieur Formations FC-VAE 2024<\/a><\/p>\n","protected":false},"excerpt":{"rendered":"<p>\u00ab La r\u00e9alisation de stages constituant pour les \u00e9tudiants un \u00e9l\u00e9ment primordial dans l\u2019acquisition de comp\u00e9tences et la bonne appr\u00e9hension de leur future posture de professionnel de sant\u00e9, l\u2019encadrement par des pairs est consid\u00e9r\u00e9 comme essentiel. Afin de garantir aux \u00e9tudiants un accompagnement en stage de qualit\u00e9, il convient de professionnaliser la fonction de tuteur [&hellip;]<\/p>\n","protected":false},"author":13,"featured_media":466,"parent":9,"menu_order":0,"comment_status":"closed","ping_status":"closed","template":"","meta":{"_exactmetrics_skip_tracking":false,"_exactmetrics_sitenote_active":false,"_exactmetrics_sitenote_note":"","_exactmetrics_sitenote_category":0,"_genesis_hide_title":false,"_genesis_hide_breadcrumbs":false,"_genesis_hide_singular_image":false,"_genesis_hide_footer_widgets":false,"_genesis_custom_body_class":"","_genesis_custom_post_class":"","_genesis_layout":"","footnotes":""},"class_list":{"0":"post-706","1":"page","2":"type-page","3":"status-publish","4":"has-post-thumbnail","6":"entry"},"yoast_head":"<!-- This site is optimized with the Yoast SEO plugin v26.9 - https:\/\/yoast.com\/product\/yoast-seo-wordpress\/ -->\n<title>Tutorat Aide-Soignant - Institut de Formation en Sant\u00e9 du CHD<\/title>\n<meta name=\"robots\" content=\"index, follow, max-snippet:-1, max-image-preview:large, max-video-preview:-1\" \/>\n<link rel=\"canonical\" href=\"https:\/\/www.ch-dunkerque.fr\/ifs\/nos-formations\/tutorat-as\/\" \/>\n<meta property=\"og:locale\" content=\"fr_FR\" \/>\n<meta property=\"og:type\" content=\"article\" \/>\n<meta property=\"og:title\" content=\"Tutorat Aide-Soignant - Institut de Formation en Sant\u00e9 du CHD\" \/>\n<meta property=\"og:description\" content=\"\u00ab La r\u00e9alisation de stages constituant pour les \u00e9tudiants un \u00e9l\u00e9ment primordial dans l\u2019acquisition de comp\u00e9tences et la bonne appr\u00e9hension de leur future posture de professionnel de sant\u00e9, l\u2019encadrement par des pairs est consid\u00e9r\u00e9 comme essentiel. Afin de garantir aux \u00e9tudiants un accompagnement en stage de qualit\u00e9, il convient de professionnaliser la fonction de tuteur [&hellip;]\" \/>\n<meta property=\"og:url\" content=\"https:\/\/www.ch-dunkerque.fr\/ifs\/nos-formations\/tutorat-as\/\" \/>\n<meta property=\"og:site_name\" content=\"Institut de Formation en Sant\u00e9 du CHD\" \/>\n<meta property=\"article:modified_time\" content=\"2026-01-06T10:15:11+00:00\" \/>\n<meta property=\"og:image\" content=\"https:\/\/www.ch-dunkerque.fr\/ifs\/wp-content\/uploads\/sites\/4\/2021\/03\/IMG_2427.jpeg\" \/>\n\t<meta property=\"og:image:width\" content=\"1920\" \/>\n\t<meta property=\"og:image:height\" content=\"1080\" \/>\n\t<meta property=\"og:image:type\" content=\"image\/jpeg\" \/>\n<meta name=\"twitter:card\" content=\"summary_large_image\" \/>\n<meta name=\"twitter:label1\" content=\"Dur\u00e9e de lecture estim\u00e9e\" \/>\n\t<meta name=\"twitter:data1\" content=\"3 minutes\" \/>\n<script type=\"application\/ld+json\" class=\"yoast-schema-graph\">{\"@context\":\"https:\/\/schema.org\",\"@graph\":[{\"@type\":\"WebPage\",\"@id\":\"https:\/\/www.ch-dunkerque.fr\/ifs\/nos-formations\/tutorat-as\/\",\"url\":\"https:\/\/www.ch-dunkerque.fr\/ifs\/nos-formations\/tutorat-as\/\",\"name\":\"Tutorat Aide-Soignant - Institut de Formation en Sant\u00e9 du CHD\",\"isPartOf\":{\"@id\":\"https:\/\/www.ch-dunkerque.fr\/ifs\/#website\"},\"primaryImageOfPage\":{\"@id\":\"https:\/\/www.ch-dunkerque.fr\/ifs\/nos-formations\/tutorat-as\/#primaryimage\"},\"image\":{\"@id\":\"https:\/\/www.ch-dunkerque.fr\/ifs\/nos-formations\/tutorat-as\/#primaryimage\"},\"thumbnailUrl\":\"https:\/\/www.ch-dunkerque.fr\/ifs\/wp-content\/uploads\/sites\/4\/2021\/03\/IMG_2427.jpeg\",\"datePublished\":\"2022-03-03T15:36:39+00:00\",\"dateModified\":\"2026-01-06T10:15:11+00:00\",\"breadcrumb\":{\"@id\":\"https:\/\/www.ch-dunkerque.fr\/ifs\/nos-formations\/tutorat-as\/#breadcrumb\"},\"inLanguage\":\"fr-FR\",\"potentialAction\":[{\"@type\":\"ReadAction\",\"target\":[\"https:\/\/www.ch-dunkerque.fr\/ifs\/nos-formations\/tutorat-as\/\"]}]},{\"@type\":\"ImageObject\",\"inLanguage\":\"fr-FR\",\"@id\":\"https:\/\/www.ch-dunkerque.fr\/ifs\/nos-formations\/tutorat-as\/#primaryimage\",\"url\":\"https:\/\/www.ch-dunkerque.fr\/ifs\/wp-content\/uploads\/sites\/4\/2021\/03\/IMG_2427.jpeg\",\"contentUrl\":\"https:\/\/www.ch-dunkerque.fr\/ifs\/wp-content\/uploads\/sites\/4\/2021\/03\/IMG_2427.jpeg\",\"width\":1920,\"height\":1080},{\"@type\":\"BreadcrumbList\",\"@id\":\"https:\/\/www.ch-dunkerque.fr\/ifs\/nos-formations\/tutorat-as\/#breadcrumb\",\"itemListElement\":[{\"@type\":\"ListItem\",\"position\":1,\"name\":\"Accueil\",\"item\":\"https:\/\/www.ch-dunkerque.fr\/ifs\/\"},{\"@type\":\"ListItem\",\"position\":2,\"name\":\"Nos formations\",\"item\":\"https:\/\/www.ch-dunkerque.fr\/ifs\/nos-formations\/\"},{\"@type\":\"ListItem\",\"position\":3,\"name\":\"Tutorat Aide-Soignant\"}]},{\"@type\":\"WebSite\",\"@id\":\"https:\/\/www.ch-dunkerque.fr\/ifs\/#website\",\"url\":\"https:\/\/www.ch-dunkerque.fr\/ifs\/\",\"name\":\"Institut de Formation en Sant\u00e9 du CHD\",\"description\":\"Un site utilisant Les sites de chdunkerque\",\"potentialAction\":[{\"@type\":\"SearchAction\",\"target\":{\"@type\":\"EntryPoint\",\"urlTemplate\":\"https:\/\/www.ch-dunkerque.fr\/ifs\/?s={search_term_string}\"},\"query-input\":{\"@type\":\"PropertyValueSpecification\",\"valueRequired\":true,\"valueName\":\"search_term_string\"}}],\"inLanguage\":\"fr-FR\"}]}<\/script>\n<!-- \/ Yoast SEO plugin. -->","yoast_head_json":{"title":"Tutorat Aide-Soignant - Institut de Formation en Sant\u00e9 du CHD","robots":{"index":"index","follow":"follow","max-snippet":"max-snippet:-1","max-image-preview":"max-image-preview:large","max-video-preview":"max-video-preview:-1"},"canonical":"https:\/\/www.ch-dunkerque.fr\/ifs\/nos-formations\/tutorat-as\/","og_locale":"fr_FR","og_type":"article","og_title":"Tutorat Aide-Soignant - Institut de Formation en Sant\u00e9 du CHD","og_description":"\u00ab La r\u00e9alisation de stages constituant pour les \u00e9tudiants un \u00e9l\u00e9ment primordial dans l\u2019acquisition de comp\u00e9tences et la bonne appr\u00e9hension de leur future posture de professionnel de sant\u00e9, l\u2019encadrement par des pairs est consid\u00e9r\u00e9 comme essentiel. Afin de garantir aux \u00e9tudiants un accompagnement en stage de qualit\u00e9, il convient de professionnaliser la fonction de tuteur [&hellip;]","og_url":"https:\/\/www.ch-dunkerque.fr\/ifs\/nos-formations\/tutorat-as\/","og_site_name":"Institut de Formation en Sant\u00e9 du CHD","article_modified_time":"2026-01-06T10:15:11+00:00","og_image":[{"width":1920,"height":1080,"url":"https:\/\/www.ch-dunkerque.fr\/ifs\/wp-content\/uploads\/sites\/4\/2021\/03\/IMG_2427.jpeg","type":"image\/jpeg"}],"twitter_card":"summary_large_image","twitter_misc":{"Dur\u00e9e de lecture estim\u00e9e":"3 minutes"},"schema":{"@context":"https:\/\/schema.org","@graph":[{"@type":"WebPage","@id":"https:\/\/www.ch-dunkerque.fr\/ifs\/nos-formations\/tutorat-as\/","url":"https:\/\/www.ch-dunkerque.fr\/ifs\/nos-formations\/tutorat-as\/","name":"Tutorat Aide-Soignant - Institut de Formation en Sant\u00e9 du CHD","isPartOf":{"@id":"https:\/\/www.ch-dunkerque.fr\/ifs\/#website"},"primaryImageOfPage":{"@id":"https:\/\/www.ch-dunkerque.fr\/ifs\/nos-formations\/tutorat-as\/#primaryimage"},"image":{"@id":"https:\/\/www.ch-dunkerque.fr\/ifs\/nos-formations\/tutorat-as\/#primaryimage"},"thumbnailUrl":"https:\/\/www.ch-dunkerque.fr\/ifs\/wp-content\/uploads\/sites\/4\/2021\/03\/IMG_2427.jpeg","datePublished":"2022-03-03T15:36:39+00:00","dateModified":"2026-01-06T10:15:11+00:00","breadcrumb":{"@id":"https:\/\/www.ch-dunkerque.fr\/ifs\/nos-formations\/tutorat-as\/#breadcrumb"},"inLanguage":"fr-FR","potentialAction":[{"@type":"ReadAction","target":["https:\/\/www.ch-dunkerque.fr\/ifs\/nos-formations\/tutorat-as\/"]}]},{"@type":"ImageObject","inLanguage":"fr-FR","@id":"https:\/\/www.ch-dunkerque.fr\/ifs\/nos-formations\/tutorat-as\/#primaryimage","url":"https:\/\/www.ch-dunkerque.fr\/ifs\/wp-content\/uploads\/sites\/4\/2021\/03\/IMG_2427.jpeg","contentUrl":"https:\/\/www.ch-dunkerque.fr\/ifs\/wp-content\/uploads\/sites\/4\/2021\/03\/IMG_2427.jpeg","width":1920,"height":1080},{"@type":"BreadcrumbList","@id":"https:\/\/www.ch-dunkerque.fr\/ifs\/nos-formations\/tutorat-as\/#breadcrumb","itemListElement":[{"@type":"ListItem","position":1,"name":"Accueil","item":"https:\/\/www.ch-dunkerque.fr\/ifs\/"},{"@type":"ListItem","position":2,"name":"Nos formations","item":"https:\/\/www.ch-dunkerque.fr\/ifs\/nos-formations\/"},{"@type":"ListItem","position":3,"name":"Tutorat Aide-Soignant"}]},{"@type":"WebSite","@id":"https:\/\/www.ch-dunkerque.fr\/ifs\/#website","url":"https:\/\/www.ch-dunkerque.fr\/ifs\/","name":"Institut de Formation en Sant\u00e9 du CHD","description":"Un site utilisant Les sites de chdunkerque","potentialAction":[{"@type":"SearchAction","target":{"@type":"EntryPoint","urlTemplate":"https:\/\/www.ch-dunkerque.fr\/ifs\/?s={search_term_string}"},"query-input":{"@type":"PropertyValueSpecification","valueRequired":true,"valueName":"search_term_string"}}],"inLanguage":"fr-FR"}]}},"_links":{"self":[{"href":"https:\/\/www.ch-dunkerque.fr\/ifs\/wp-json\/wp\/v2\/pages\/706","targetHints":{"allow":["GET"]}}],"collection":[{"href":"https:\/\/www.ch-dunkerque.fr\/ifs\/wp-json\/wp\/v2\/pages"}],"about":[{"href":"https:\/\/www.ch-dunkerque.fr\/ifs\/wp-json\/wp\/v2\/types\/page"}],"author":[{"embeddable":true,"href":"https:\/\/www.ch-dunkerque.fr\/ifs\/wp-json\/wp\/v2\/users\/13"}],"replies":[{"embeddable":true,"href":"https:\/\/www.ch-dunkerque.fr\/ifs\/wp-json\/wp\/v2\/comments?post=706"}],"version-history":[{"count":28,"href":"https:\/\/www.ch-dunkerque.fr\/ifs\/wp-json\/wp\/v2\/pages\/706\/revisions"}],"predecessor-version":[{"id":1373,"href":"https:\/\/www.ch-dunkerque.fr\/ifs\/wp-json\/wp\/v2\/pages\/706\/revisions\/1373"}],"up":[{"embeddable":true,"href":"https:\/\/www.ch-dunkerque.fr\/ifs\/wp-json\/wp\/v2\/pages\/9"}],"wp:featuredmedia":[{"embeddable":true,"href":"https:\/\/www.ch-dunkerque.fr\/ifs\/wp-json\/wp\/v2\/media\/466"}],"wp:attachment":[{"href":"https:\/\/www.ch-dunkerque.fr\/ifs\/wp-json\/wp\/v2\/media?parent=706"}],"curies":[{"name":"wp","href":"https:\/\/api.w.org\/{rel}","templated":true}]}}