{"id":606,"date":"2021-07-09T16:18:23","date_gmt":"2021-07-09T14:18:23","guid":{"rendered":"https:\/\/www.ch-dunkerque.fr\/ifs\/?page_id=606"},"modified":"2024-10-01T11:09:26","modified_gmt":"2024-10-01T09:09:26","slug":"le-referent-handicap","status":"publish","type":"page","link":"https:\/\/www.ch-dunkerque.fr\/ifs\/nos-atouts\/le-referent-handicap\/","title":{"rendered":"Le r\u00e9f\u00e9rent handicap"},"content":{"rendered":"<h2><strong>L\u2019IFS\u00a0 est dot\u00e9 d\u2019un r\u00e9f\u00e9rent handicap<\/strong><\/h2>\n<p>Depuis 2015, la loi d\u00e9finit le handicap comme une limitation des capacit\u00e9s de l\u2019individu dans un environnement donn\u00e9. On parle de situation de handicap qui peut \u00eatre durable ou temporaire. Il existe une grande vari\u00e9t\u00e9 de handicaps : d\u00e9ficiences auditive, visuelle, motrice ou maladies invalidantes, intellectuelle ou handicap mental, psychique ou maladie mentale. Les handicaps dit invisibles repr\u00e9sentent 80 % des situations.<\/p>\n<p>L\u2019Institut des Formations en Sant\u00e9 de Dunkerque accompagne de mani\u00e8re adapt\u00e9e et individualis\u00e9e les apprenants en situation de handicap, sous conditions de d\u00e9marches sp\u00e9cifiques engag\u00e9es, dans la mesure o\u00f9 le handicap est compatible avec le suivi de la formation souhait\u00e9e.<\/p>\n<p>De la m\u00eame mani\u00e8re, en cas de survenue d\u2019un handicap, temporaire ou d\u00e9finitif, au cours de la formation, un accompagnement sp\u00e9cifique sera mis en place, apr\u00e8s accord de la Direction.<\/p>\n<p>L\u2019apprenant en situation de handicap b\u00e9n\u00e9ficie d\u2019un accueil, d\u2019un accompagnement dans les d\u00e9marches effectu\u00e9es ainsi qu&#8217;au tout au long de sa formation, et d\u2019am\u00e9nagements pr\u00e9servant toutes ses chances de r\u00e9ussite.<\/p>\n<p>Vous \u00eates en situation de handicap, vous pouvez contacter :<\/p>\n<ul>\n<li>Le secr\u00e9tariat de l\u2019Institut par t\u00e9l\u00e9phone au 03 28 28 56 80 ou par mail ifs@ch-dunkerque.fr<\/li>\n<\/ul>\n<p>&nbsp;<\/p>\n<ul>\n<li>Le \u00ab r\u00e9f\u00e9rent handicap \u00bb Mme Brygo Ludivine par t\u00e9l\u00e9phone au 03 28 28 56 80 poste 4315 ou par mail ludivine.brygo@ch-dunkerque.fr<\/li>\n<\/ul>\n<p>&nbsp;<\/p>\n","protected":false},"excerpt":{"rendered":"<p>L\u2019IFS\u00a0 est dot\u00e9 d\u2019un r\u00e9f\u00e9rent handicap Depuis 2015, la loi d\u00e9finit le handicap comme une limitation des capacit\u00e9s de l\u2019individu dans un environnement donn\u00e9. On parle de situation de handicap qui peut \u00eatre durable ou temporaire. Il existe une grande vari\u00e9t\u00e9 de handicaps : d\u00e9ficiences auditive, visuelle, motrice ou maladies invalidantes, intellectuelle ou handicap mental, [&hellip;]<\/p>\n","protected":false},"author":11,"featured_media":0,"parent":10,"menu_order":0,"comment_status":"closed","ping_status":"closed","template":"","meta":{"_exactmetrics_skip_tracking":false,"_exactmetrics_sitenote_active":false,"_exactmetrics_sitenote_note":"","_exactmetrics_sitenote_category":0,"_genesis_hide_title":false,"_genesis_hide_breadcrumbs":false,"_genesis_hide_singular_image":false,"_genesis_hide_footer_widgets":false,"_genesis_custom_body_class":"","_genesis_custom_post_class":"","_genesis_layout":"","footnotes":""},"class_list":{"0":"post-606","1":"page","2":"type-page","3":"status-publish","5":"entry"},"yoast_head":"<!-- This site is optimized with the Yoast SEO plugin v27.6 - https:\/\/yoast.com\/product\/yoast-seo-wordpress\/ -->\n<title>Le r\u00e9f\u00e9rent handicap - Institut de Formation en Sant\u00e9 du CHD<\/title>\n<meta name=\"robots\" content=\"index, follow, max-snippet:-1, max-image-preview:large, max-video-preview:-1\" \/>\n<link rel=\"canonical\" href=\"https:\/\/www.ch-dunkerque.fr\/ifs\/nos-atouts\/le-referent-handicap\/\" \/>\n<meta property=\"og:locale\" content=\"fr_FR\" \/>\n<meta property=\"og:type\" content=\"article\" \/>\n<meta property=\"og:title\" content=\"Le r\u00e9f\u00e9rent handicap - Institut de Formation en Sant\u00e9 du CHD\" \/>\n<meta property=\"og:description\" content=\"L\u2019IFS\u00a0 est dot\u00e9 d\u2019un r\u00e9f\u00e9rent handicap Depuis 2015, la loi d\u00e9finit le handicap comme une limitation des capacit\u00e9s de l\u2019individu dans un environnement donn\u00e9. On parle de situation de handicap qui peut \u00eatre durable ou temporaire. Il existe une grande vari\u00e9t\u00e9 de handicaps : d\u00e9ficiences auditive, visuelle, motrice ou maladies invalidantes, intellectuelle ou handicap mental, [&hellip;]\" \/>\n<meta property=\"og:url\" content=\"https:\/\/www.ch-dunkerque.fr\/ifs\/nos-atouts\/le-referent-handicap\/\" \/>\n<meta property=\"og:site_name\" content=\"Institut de Formation en Sant\u00e9 du CHD\" \/>\n<meta property=\"article:modified_time\" content=\"2024-10-01T09:09:26+00:00\" \/>\n<meta name=\"twitter:card\" content=\"summary_large_image\" \/>\n<meta name=\"twitter:label1\" content=\"Dur\u00e9e de lecture estim\u00e9e\" \/>\n\t<meta name=\"twitter:data1\" content=\"2 minutes\" \/>\n<script type=\"application\/ld+json\" class=\"yoast-schema-graph\">{\"@context\":\"https:\\\/\\\/schema.org\",\"@graph\":[{\"@type\":\"WebPage\",\"@id\":\"https:\\\/\\\/www.ch-dunkerque.fr\\\/ifs\\\/nos-atouts\\\/le-referent-handicap\\\/\",\"url\":\"https:\\\/\\\/www.ch-dunkerque.fr\\\/ifs\\\/nos-atouts\\\/le-referent-handicap\\\/\",\"name\":\"Le r\u00e9f\u00e9rent handicap - Institut de Formation en Sant\u00e9 du CHD\",\"isPartOf\":{\"@id\":\"https:\\\/\\\/www.ch-dunkerque.fr\\\/ifs\\\/#website\"},\"datePublished\":\"2021-07-09T14:18:23+00:00\",\"dateModified\":\"2024-10-01T09:09:26+00:00\",\"breadcrumb\":{\"@id\":\"https:\\\/\\\/www.ch-dunkerque.fr\\\/ifs\\\/nos-atouts\\\/le-referent-handicap\\\/#breadcrumb\"},\"inLanguage\":\"fr-FR\",\"potentialAction\":[{\"@type\":\"ReadAction\",\"target\":[\"https:\\\/\\\/www.ch-dunkerque.fr\\\/ifs\\\/nos-atouts\\\/le-referent-handicap\\\/\"]}]},{\"@type\":\"BreadcrumbList\",\"@id\":\"https:\\\/\\\/www.ch-dunkerque.fr\\\/ifs\\\/nos-atouts\\\/le-referent-handicap\\\/#breadcrumb\",\"itemListElement\":[{\"@type\":\"ListItem\",\"position\":1,\"name\":\"Accueil\",\"item\":\"https:\\\/\\\/www.ch-dunkerque.fr\\\/ifs\\\/\"},{\"@type\":\"ListItem\",\"position\":2,\"name\":\"Nos atouts\",\"item\":\"https:\\\/\\\/www.ch-dunkerque.fr\\\/ifs\\\/nos-atouts\\\/\"},{\"@type\":\"ListItem\",\"position\":3,\"name\":\"Le r\u00e9f\u00e9rent handicap\"}]},{\"@type\":\"WebSite\",\"@id\":\"https:\\\/\\\/www.ch-dunkerque.fr\\\/ifs\\\/#website\",\"url\":\"https:\\\/\\\/www.ch-dunkerque.fr\\\/ifs\\\/\",\"name\":\"Institut de Formation en Sant\u00e9 du CHD\",\"description\":\"Un site utilisant Les sites de chdunkerque\",\"potentialAction\":[{\"@type\":\"SearchAction\",\"target\":{\"@type\":\"EntryPoint\",\"urlTemplate\":\"https:\\\/\\\/www.ch-dunkerque.fr\\\/ifs\\\/?s={search_term_string}\"},\"query-input\":{\"@type\":\"PropertyValueSpecification\",\"valueRequired\":true,\"valueName\":\"search_term_string\"}}],\"inLanguage\":\"fr-FR\"}]}<\/script>\n<!-- \/ Yoast SEO plugin. -->","yoast_head_json":{"title":"Le r\u00e9f\u00e9rent handicap - Institut de Formation en Sant\u00e9 du CHD","robots":{"index":"index","follow":"follow","max-snippet":"max-snippet:-1","max-image-preview":"max-image-preview:large","max-video-preview":"max-video-preview:-1"},"canonical":"https:\/\/www.ch-dunkerque.fr\/ifs\/nos-atouts\/le-referent-handicap\/","og_locale":"fr_FR","og_type":"article","og_title":"Le r\u00e9f\u00e9rent handicap - Institut de Formation en Sant\u00e9 du CHD","og_description":"L\u2019IFS\u00a0 est dot\u00e9 d\u2019un r\u00e9f\u00e9rent handicap Depuis 2015, la loi d\u00e9finit le handicap comme une limitation des capacit\u00e9s de l\u2019individu dans un environnement donn\u00e9. On parle de situation de handicap qui peut \u00eatre durable ou temporaire. Il existe une grande vari\u00e9t\u00e9 de handicaps : d\u00e9ficiences auditive, visuelle, motrice ou maladies invalidantes, intellectuelle ou handicap mental, [&hellip;]","og_url":"https:\/\/www.ch-dunkerque.fr\/ifs\/nos-atouts\/le-referent-handicap\/","og_site_name":"Institut de Formation en Sant\u00e9 du CHD","article_modified_time":"2024-10-01T09:09:26+00:00","twitter_card":"summary_large_image","twitter_misc":{"Dur\u00e9e de lecture estim\u00e9e":"2 minutes"},"schema":{"@context":"https:\/\/schema.org","@graph":[{"@type":"WebPage","@id":"https:\/\/www.ch-dunkerque.fr\/ifs\/nos-atouts\/le-referent-handicap\/","url":"https:\/\/www.ch-dunkerque.fr\/ifs\/nos-atouts\/le-referent-handicap\/","name":"Le r\u00e9f\u00e9rent handicap - Institut de Formation en Sant\u00e9 du CHD","isPartOf":{"@id":"https:\/\/www.ch-dunkerque.fr\/ifs\/#website"},"datePublished":"2021-07-09T14:18:23+00:00","dateModified":"2024-10-01T09:09:26+00:00","breadcrumb":{"@id":"https:\/\/www.ch-dunkerque.fr\/ifs\/nos-atouts\/le-referent-handicap\/#breadcrumb"},"inLanguage":"fr-FR","potentialAction":[{"@type":"ReadAction","target":["https:\/\/www.ch-dunkerque.fr\/ifs\/nos-atouts\/le-referent-handicap\/"]}]},{"@type":"BreadcrumbList","@id":"https:\/\/www.ch-dunkerque.fr\/ifs\/nos-atouts\/le-referent-handicap\/#breadcrumb","itemListElement":[{"@type":"ListItem","position":1,"name":"Accueil","item":"https:\/\/www.ch-dunkerque.fr\/ifs\/"},{"@type":"ListItem","position":2,"name":"Nos atouts","item":"https:\/\/www.ch-dunkerque.fr\/ifs\/nos-atouts\/"},{"@type":"ListItem","position":3,"name":"Le r\u00e9f\u00e9rent handicap"}]},{"@type":"WebSite","@id":"https:\/\/www.ch-dunkerque.fr\/ifs\/#website","url":"https:\/\/www.ch-dunkerque.fr\/ifs\/","name":"Institut de Formation en Sant\u00e9 du CHD","description":"Un site utilisant Les sites de chdunkerque","potentialAction":[{"@type":"SearchAction","target":{"@type":"EntryPoint","urlTemplate":"https:\/\/www.ch-dunkerque.fr\/ifs\/?s={search_term_string}"},"query-input":{"@type":"PropertyValueSpecification","valueRequired":true,"valueName":"search_term_string"}}],"inLanguage":"fr-FR"}]}},"_links":{"self":[{"href":"https:\/\/www.ch-dunkerque.fr\/ifs\/wp-json\/wp\/v2\/pages\/606","targetHints":{"allow":["GET"]}}],"collection":[{"href":"https:\/\/www.ch-dunkerque.fr\/ifs\/wp-json\/wp\/v2\/pages"}],"about":[{"href":"https:\/\/www.ch-dunkerque.fr\/ifs\/wp-json\/wp\/v2\/types\/page"}],"author":[{"embeddable":true,"href":"https:\/\/www.ch-dunkerque.fr\/ifs\/wp-json\/wp\/v2\/users\/11"}],"replies":[{"embeddable":true,"href":"https:\/\/www.ch-dunkerque.fr\/ifs\/wp-json\/wp\/v2\/comments?post=606"}],"version-history":[{"count":6,"href":"https:\/\/www.ch-dunkerque.fr\/ifs\/wp-json\/wp\/v2\/pages\/606\/revisions"}],"predecessor-version":[{"id":1049,"href":"https:\/\/www.ch-dunkerque.fr\/ifs\/wp-json\/wp\/v2\/pages\/606\/revisions\/1049"}],"up":[{"embeddable":true,"href":"https:\/\/www.ch-dunkerque.fr\/ifs\/wp-json\/wp\/v2\/pages\/10"}],"wp:attachment":[{"href":"https:\/\/www.ch-dunkerque.fr\/ifs\/wp-json\/wp\/v2\/media?parent=606"}],"curies":[{"name":"wp","href":"https:\/\/api.w.org\/{rel}","templated":true}]}}