{"id":480,"date":"2021-03-25T11:48:43","date_gmt":"2021-03-25T10:48:43","guid":{"rendered":"https:\/\/www.ch-dunkerque.fr\/ifs\/?page_id=480"},"modified":"2026-01-08T10:26:36","modified_gmt":"2026-01-08T09:26:36","slug":"nous-contacter","status":"publish","type":"page","link":"https:\/\/www.ch-dunkerque.fr\/ifs\/notre-institut-des-formations-en-sante-ifs\/nous-contacter\/","title":{"rendered":"Nous contacter \/ nous situer"},"content":{"rendered":"<p><iframe src=\"https:\/\/maps.google.com\/maps?q=IFSI%2C%20Dunkerque%20&amp;t=m&amp;z=15&amp;output=embed&amp;iwloc=near\" frameborder=\"0\"><\/iframe><\/p>\n<p>&nbsp;<\/p>\n<h2>Situation g\u00e9ographique :<\/h2>\n<p><span style=\"color: #000000\">Institut des Formations en Sant\u00e9<\/span><\/p>\n<p><span style=\"color: #000000\">Impasse Flor\u00e9al<\/span><\/p>\n<p><span style=\"color: #000000\">CS 76367<\/span><\/p>\n<p><span style=\"color: #000000\">59385 Dunkerque cedex1<\/span><\/p>\n<p><span style=\"color: #000000\">T\u00e9l. 03.28.28.56.80<\/span><\/p>\n<p><span style=\"color: #000000\">ifs@ch-dunkerque.fr<\/span><\/p>\n<h2>Secr\u00e9tariat :<\/h2>\n<p><span style=\"color: #000000\"><strong>Si vous souhaitez contacter notre secr\u00e9tariat pour des informations compl\u00e9mentaires sur nos formations merci de nous contacter aux horaires d\u2019accueils\u00a0 suivants :<\/strong><\/span><\/p>\n<p><span style=\"color: #000000\">lundi au vendredi de 8h \u00e0 12h et de 13h \u00e0 17h.<\/span><\/p>\n<p><span style=\"color: #000000\">En dehors de ces horaires, vous pouvez contacter le secr\u00e9tariat \u00a0\u00e0 l\u2019adresse suivante ifs@ch-dunkerque.fr ou au 03.28.28.56.80<\/span><\/p>\n<h2>Une question, un probl\u00e8me ?<\/h2>\n<p><span style=\"color: #000000\">En cas de r\u00e9clamations ou de difficult\u00e9s rencontr\u00e9s, merci de contacter le secr\u00e9tariat \u00e0 l\u2019adresse suivante ifs@ch-dunkerque.fr<br \/>\n<\/span><\/p>\n<h2>Comment venir \u00e0 l&#8217;IFS :<\/h2>\n<ul>\n<li><span style=\"color: #000000\">Proximit\u00e9 du Centre Hospitalier<\/span><\/li>\n<li><span style=\"color: #000000\">Parking de 120 places<\/span><\/li>\n<li><span style=\"color: #000000\">Proximit\u00e9 Belgique\/Angleterre (autoroute A16)<\/span><\/li>\n<li><span style=\"color: #000000\">Plage (12 minutes en voiture \/ 2,9km)<\/span><\/li>\n<li><span style=\"color: #000000\">Centre ville de Dunkerque (8 minutes en voiture \/ 1,3km)<\/span><\/li>\n<li><span style=\"color: #000000\">Proximit\u00e9 gare \/ desserte bus (gratuit) ligne C1-14-S (arr\u00eat &#8220;H\u00f4pital&#8221;) (gare de Dunkerque \/ IFS) toutes les 10 minutes en journ\u00e9e :<\/span> <a href=\"https:\/\/www.dkbus.com\/\">https:\/\/www.dkbus.com\/<\/a><\/li>\n<li><span style=\"color: #000000\">2 places de parking sont r\u00e9serv\u00e9es aux personnes \u00e0 mobilit\u00e9 r\u00e9duite sur le site de l&#8217;Institut<\/span><\/li>\n<\/ul>\n<p><img fetchpriority=\"high\" decoding=\"async\" class=\"size-large wp-image-1388 aligncenter\" src=\"https:\/\/www.ch-dunkerque.fr\/ifs\/wp-content\/uploads\/sites\/4\/2026\/01\/A-partir-du-27-avril-2026-1-1-724x1024.png\" alt=\"\" width=\"724\" height=\"1024\" srcset=\"https:\/\/www.ch-dunkerque.fr\/ifs\/wp-content\/uploads\/sites\/4\/2026\/01\/A-partir-du-27-avril-2026-1-1-724x1024.png 724w, https:\/\/www.ch-dunkerque.fr\/ifs\/wp-content\/uploads\/sites\/4\/2026\/01\/A-partir-du-27-avril-2026-1-1-212x300.png 212w, https:\/\/www.ch-dunkerque.fr\/ifs\/wp-content\/uploads\/sites\/4\/2026\/01\/A-partir-du-27-avril-2026-1-1-768x1086.png 768w, https:\/\/www.ch-dunkerque.fr\/ifs\/wp-content\/uploads\/sites\/4\/2026\/01\/A-partir-du-27-avril-2026-1-1-1086x1536.png 1086w, https:\/\/www.ch-dunkerque.fr\/ifs\/wp-content\/uploads\/sites\/4\/2026\/01\/A-partir-du-27-avril-2026-1-1-1448x2048.png 1448w, https:\/\/www.ch-dunkerque.fr\/ifs\/wp-content\/uploads\/sites\/4\/2026\/01\/A-partir-du-27-avril-2026-1-1.png 1587w\" sizes=\"(max-width: 724px) 100vw, 724px\" \/><\/p>\n","protected":false},"excerpt":{"rendered":"<p>&nbsp; Situation g\u00e9ographique : Institut des Formations en Sant\u00e9 Impasse Flor\u00e9al CS 76367 59385 Dunkerque cedex1 T\u00e9l. 03.28.28.56.80 ifs@ch-dunkerque.fr Secr\u00e9tariat : Si vous souhaitez contacter notre secr\u00e9tariat pour des informations compl\u00e9mentaires sur nos formations merci de nous contacter aux horaires d\u2019accueils\u00a0 suivants : lundi au vendredi de 8h \u00e0 12h et de 13h \u00e0 17h. [&hellip;]<\/p>\n","protected":false},"author":13,"featured_media":369,"parent":7,"menu_order":0,"comment_status":"closed","ping_status":"closed","template":"","meta":{"_exactmetrics_skip_tracking":false,"_exactmetrics_sitenote_active":false,"_exactmetrics_sitenote_note":"","_exactmetrics_sitenote_category":0,"_genesis_hide_title":false,"_genesis_hide_breadcrumbs":false,"_genesis_hide_singular_image":false,"_genesis_hide_footer_widgets":false,"_genesis_custom_body_class":"","_genesis_custom_post_class":"","_genesis_layout":"","footnotes":""},"class_list":{"0":"post-480","1":"page","2":"type-page","3":"status-publish","4":"has-post-thumbnail","6":"entry"},"yoast_head":"<!-- This site is optimized with the Yoast SEO plugin v26.9 - https:\/\/yoast.com\/product\/yoast-seo-wordpress\/ -->\n<title>Nous contacter \/ nous situer - Institut de Formation en Sant\u00e9 du CHD<\/title>\n<meta name=\"robots\" content=\"index, follow, max-snippet:-1, max-image-preview:large, max-video-preview:-1\" \/>\n<link rel=\"canonical\" href=\"https:\/\/www.ch-dunkerque.fr\/ifs\/notre-institut-des-formations-en-sante-ifs\/nous-contacter\/\" \/>\n<meta property=\"og:locale\" content=\"fr_FR\" \/>\n<meta property=\"og:type\" content=\"article\" \/>\n<meta property=\"og:title\" content=\"Nous contacter \/ nous situer - Institut de Formation en Sant\u00e9 du CHD\" \/>\n<meta property=\"og:description\" content=\"&nbsp; Situation g\u00e9ographique : Institut des Formations en Sant\u00e9 Impasse Flor\u00e9al CS 76367 59385 Dunkerque cedex1 T\u00e9l. 03.28.28.56.80 ifs@ch-dunkerque.fr Secr\u00e9tariat : Si vous souhaitez contacter notre secr\u00e9tariat pour des informations compl\u00e9mentaires sur nos formations merci de nous contacter aux horaires d\u2019accueils\u00a0 suivants : lundi au vendredi de 8h \u00e0 12h et de 13h \u00e0 17h. [&hellip;]\" \/>\n<meta property=\"og:url\" content=\"https:\/\/www.ch-dunkerque.fr\/ifs\/notre-institut-des-formations-en-sante-ifs\/nous-contacter\/\" \/>\n<meta property=\"og:site_name\" content=\"Institut de Formation en Sant\u00e9 du CHD\" \/>\n<meta property=\"article:modified_time\" content=\"2026-01-08T09:26:36+00:00\" \/>\n<meta property=\"og:image\" content=\"https:\/\/www.ch-dunkerque.fr\/ifs\/wp-content\/uploads\/sites\/4\/2021\/03\/IMG_9466.jpeg\" \/>\n\t<meta property=\"og:image:width\" content=\"1920\" \/>\n\t<meta property=\"og:image:height\" content=\"1080\" \/>\n\t<meta property=\"og:image:type\" content=\"image\/jpeg\" \/>\n<meta name=\"twitter:card\" content=\"summary_large_image\" \/>\n<meta name=\"twitter:label1\" content=\"Dur\u00e9e de lecture estim\u00e9e\" \/>\n\t<meta name=\"twitter:data1\" content=\"2 minutes\" \/>\n<script type=\"application\/ld+json\" class=\"yoast-schema-graph\">{\"@context\":\"https:\/\/schema.org\",\"@graph\":[{\"@type\":\"WebPage\",\"@id\":\"https:\/\/www.ch-dunkerque.fr\/ifs\/notre-institut-des-formations-en-sante-ifs\/nous-contacter\/\",\"url\":\"https:\/\/www.ch-dunkerque.fr\/ifs\/notre-institut-des-formations-en-sante-ifs\/nous-contacter\/\",\"name\":\"Nous contacter \/ nous situer - Institut de Formation en Sant\u00e9 du CHD\",\"isPartOf\":{\"@id\":\"https:\/\/www.ch-dunkerque.fr\/ifs\/#website\"},\"primaryImageOfPage\":{\"@id\":\"https:\/\/www.ch-dunkerque.fr\/ifs\/notre-institut-des-formations-en-sante-ifs\/nous-contacter\/#primaryimage\"},\"image\":{\"@id\":\"https:\/\/www.ch-dunkerque.fr\/ifs\/notre-institut-des-formations-en-sante-ifs\/nous-contacter\/#primaryimage\"},\"thumbnailUrl\":\"https:\/\/www.ch-dunkerque.fr\/ifs\/wp-content\/uploads\/sites\/4\/2021\/03\/IMG_9466.jpeg\",\"datePublished\":\"2021-03-25T10:48:43+00:00\",\"dateModified\":\"2026-01-08T09:26:36+00:00\",\"breadcrumb\":{\"@id\":\"https:\/\/www.ch-dunkerque.fr\/ifs\/notre-institut-des-formations-en-sante-ifs\/nous-contacter\/#breadcrumb\"},\"inLanguage\":\"fr-FR\",\"potentialAction\":[{\"@type\":\"ReadAction\",\"target\":[\"https:\/\/www.ch-dunkerque.fr\/ifs\/notre-institut-des-formations-en-sante-ifs\/nous-contacter\/\"]}]},{\"@type\":\"ImageObject\",\"inLanguage\":\"fr-FR\",\"@id\":\"https:\/\/www.ch-dunkerque.fr\/ifs\/notre-institut-des-formations-en-sante-ifs\/nous-contacter\/#primaryimage\",\"url\":\"https:\/\/www.ch-dunkerque.fr\/ifs\/wp-content\/uploads\/sites\/4\/2021\/03\/IMG_9466.jpeg\",\"contentUrl\":\"https:\/\/www.ch-dunkerque.fr\/ifs\/wp-content\/uploads\/sites\/4\/2021\/03\/IMG_9466.jpeg\",\"width\":1920,\"height\":1080},{\"@type\":\"BreadcrumbList\",\"@id\":\"https:\/\/www.ch-dunkerque.fr\/ifs\/notre-institut-des-formations-en-sante-ifs\/nous-contacter\/#breadcrumb\",\"itemListElement\":[{\"@type\":\"ListItem\",\"position\":1,\"name\":\"Accueil\",\"item\":\"https:\/\/www.ch-dunkerque.fr\/ifs\/\"},{\"@type\":\"ListItem\",\"position\":2,\"name\":\"Notre Institut des Formations en Sant\u00e9 (IFS)\",\"item\":\"https:\/\/www.ch-dunkerque.fr\/ifs\/notre-institut-des-formations-en-sante-ifs\/\"},{\"@type\":\"ListItem\",\"position\":3,\"name\":\"Nous contacter \/ nous situer\"}]},{\"@type\":\"WebSite\",\"@id\":\"https:\/\/www.ch-dunkerque.fr\/ifs\/#website\",\"url\":\"https:\/\/www.ch-dunkerque.fr\/ifs\/\",\"name\":\"Institut de Formation en Sant\u00e9 du CHD\",\"description\":\"Un site utilisant Les sites de chdunkerque\",\"potentialAction\":[{\"@type\":\"SearchAction\",\"target\":{\"@type\":\"EntryPoint\",\"urlTemplate\":\"https:\/\/www.ch-dunkerque.fr\/ifs\/?s={search_term_string}\"},\"query-input\":{\"@type\":\"PropertyValueSpecification\",\"valueRequired\":true,\"valueName\":\"search_term_string\"}}],\"inLanguage\":\"fr-FR\"}]}<\/script>\n<!-- \/ Yoast SEO plugin. -->","yoast_head_json":{"title":"Nous contacter \/ nous situer - Institut de Formation en Sant\u00e9 du CHD","robots":{"index":"index","follow":"follow","max-snippet":"max-snippet:-1","max-image-preview":"max-image-preview:large","max-video-preview":"max-video-preview:-1"},"canonical":"https:\/\/www.ch-dunkerque.fr\/ifs\/notre-institut-des-formations-en-sante-ifs\/nous-contacter\/","og_locale":"fr_FR","og_type":"article","og_title":"Nous contacter \/ nous situer - Institut de Formation en Sant\u00e9 du CHD","og_description":"&nbsp; Situation g\u00e9ographique : Institut des Formations en Sant\u00e9 Impasse Flor\u00e9al CS 76367 59385 Dunkerque cedex1 T\u00e9l. 03.28.28.56.80 ifs@ch-dunkerque.fr Secr\u00e9tariat : Si vous souhaitez contacter notre secr\u00e9tariat pour des informations compl\u00e9mentaires sur nos formations merci de nous contacter aux horaires d\u2019accueils\u00a0 suivants : lundi au vendredi de 8h \u00e0 12h et de 13h \u00e0 17h. [&hellip;]","og_url":"https:\/\/www.ch-dunkerque.fr\/ifs\/notre-institut-des-formations-en-sante-ifs\/nous-contacter\/","og_site_name":"Institut de Formation en Sant\u00e9 du CHD","article_modified_time":"2026-01-08T09:26:36+00:00","og_image":[{"width":1920,"height":1080,"url":"https:\/\/www.ch-dunkerque.fr\/ifs\/wp-content\/uploads\/sites\/4\/2021\/03\/IMG_9466.jpeg","type":"image\/jpeg"}],"twitter_card":"summary_large_image","twitter_misc":{"Dur\u00e9e de lecture estim\u00e9e":"2 minutes"},"schema":{"@context":"https:\/\/schema.org","@graph":[{"@type":"WebPage","@id":"https:\/\/www.ch-dunkerque.fr\/ifs\/notre-institut-des-formations-en-sante-ifs\/nous-contacter\/","url":"https:\/\/www.ch-dunkerque.fr\/ifs\/notre-institut-des-formations-en-sante-ifs\/nous-contacter\/","name":"Nous contacter \/ nous situer - Institut de Formation en Sant\u00e9 du CHD","isPartOf":{"@id":"https:\/\/www.ch-dunkerque.fr\/ifs\/#website"},"primaryImageOfPage":{"@id":"https:\/\/www.ch-dunkerque.fr\/ifs\/notre-institut-des-formations-en-sante-ifs\/nous-contacter\/#primaryimage"},"image":{"@id":"https:\/\/www.ch-dunkerque.fr\/ifs\/notre-institut-des-formations-en-sante-ifs\/nous-contacter\/#primaryimage"},"thumbnailUrl":"https:\/\/www.ch-dunkerque.fr\/ifs\/wp-content\/uploads\/sites\/4\/2021\/03\/IMG_9466.jpeg","datePublished":"2021-03-25T10:48:43+00:00","dateModified":"2026-01-08T09:26:36+00:00","breadcrumb":{"@id":"https:\/\/www.ch-dunkerque.fr\/ifs\/notre-institut-des-formations-en-sante-ifs\/nous-contacter\/#breadcrumb"},"inLanguage":"fr-FR","potentialAction":[{"@type":"ReadAction","target":["https:\/\/www.ch-dunkerque.fr\/ifs\/notre-institut-des-formations-en-sante-ifs\/nous-contacter\/"]}]},{"@type":"ImageObject","inLanguage":"fr-FR","@id":"https:\/\/www.ch-dunkerque.fr\/ifs\/notre-institut-des-formations-en-sante-ifs\/nous-contacter\/#primaryimage","url":"https:\/\/www.ch-dunkerque.fr\/ifs\/wp-content\/uploads\/sites\/4\/2021\/03\/IMG_9466.jpeg","contentUrl":"https:\/\/www.ch-dunkerque.fr\/ifs\/wp-content\/uploads\/sites\/4\/2021\/03\/IMG_9466.jpeg","width":1920,"height":1080},{"@type":"BreadcrumbList","@id":"https:\/\/www.ch-dunkerque.fr\/ifs\/notre-institut-des-formations-en-sante-ifs\/nous-contacter\/#breadcrumb","itemListElement":[{"@type":"ListItem","position":1,"name":"Accueil","item":"https:\/\/www.ch-dunkerque.fr\/ifs\/"},{"@type":"ListItem","position":2,"name":"Notre Institut des Formations en Sant\u00e9 (IFS)","item":"https:\/\/www.ch-dunkerque.fr\/ifs\/notre-institut-des-formations-en-sante-ifs\/"},{"@type":"ListItem","position":3,"name":"Nous contacter \/ nous situer"}]},{"@type":"WebSite","@id":"https:\/\/www.ch-dunkerque.fr\/ifs\/#website","url":"https:\/\/www.ch-dunkerque.fr\/ifs\/","name":"Institut de Formation en Sant\u00e9 du CHD","description":"Un site utilisant Les sites de chdunkerque","potentialAction":[{"@type":"SearchAction","target":{"@type":"EntryPoint","urlTemplate":"https:\/\/www.ch-dunkerque.fr\/ifs\/?s={search_term_string}"},"query-input":{"@type":"PropertyValueSpecification","valueRequired":true,"valueName":"search_term_string"}}],"inLanguage":"fr-FR"}]}},"_links":{"self":[{"href":"https:\/\/www.ch-dunkerque.fr\/ifs\/wp-json\/wp\/v2\/pages\/480","targetHints":{"allow":["GET"]}}],"collection":[{"href":"https:\/\/www.ch-dunkerque.fr\/ifs\/wp-json\/wp\/v2\/pages"}],"about":[{"href":"https:\/\/www.ch-dunkerque.fr\/ifs\/wp-json\/wp\/v2\/types\/page"}],"author":[{"embeddable":true,"href":"https:\/\/www.ch-dunkerque.fr\/ifs\/wp-json\/wp\/v2\/users\/13"}],"replies":[{"embeddable":true,"href":"https:\/\/www.ch-dunkerque.fr\/ifs\/wp-json\/wp\/v2\/comments?post=480"}],"version-history":[{"count":18,"href":"https:\/\/www.ch-dunkerque.fr\/ifs\/wp-json\/wp\/v2\/pages\/480\/revisions"}],"predecessor-version":[{"id":1391,"href":"https:\/\/www.ch-dunkerque.fr\/ifs\/wp-json\/wp\/v2\/pages\/480\/revisions\/1391"}],"up":[{"embeddable":true,"href":"https:\/\/www.ch-dunkerque.fr\/ifs\/wp-json\/wp\/v2\/pages\/7"}],"wp:featuredmedia":[{"embeddable":true,"href":"https:\/\/www.ch-dunkerque.fr\/ifs\/wp-json\/wp\/v2\/media\/369"}],"wp:attachment":[{"href":"https:\/\/www.ch-dunkerque.fr\/ifs\/wp-json\/wp\/v2\/media?parent=480"}],"curies":[{"name":"wp","href":"https:\/\/api.w.org\/{rel}","templated":true}]}}