{"id":144,"date":"2021-01-13T09:57:51","date_gmt":"2021-01-13T08:57:51","guid":{"rendered":"https:\/\/www.ch-dunkerque.fr\/ifs\/?page_id=144"},"modified":"2025-09-18T15:49:13","modified_gmt":"2025-09-18T13:49:13","slug":"validation-des-acquis-et-de-lexperience-vae","status":"publish","type":"page","link":"https:\/\/www.ch-dunkerque.fr\/ifs\/nos-formations\/validation-des-acquis-et-de-lexperience-vae\/","title":{"rendered":"Validation des acquis et de l&#8217;exp\u00e9rience (VAE) Aide-soignante"},"content":{"rendered":"<p><span style=\"color: #000000\">La VAE est un dispositif qui permet de valoriser ses acquis de l\u2019exp\u00e9rience (professionnelle, b\u00e9n\u00e9vole\u2026) et de valider les comp\u00e9tences permettant d\u2019obtenir une certification professionnelle.<\/span><\/p>\n<p><span style=\"color: #000000\">Depuis 2005, l\u2019IFS de Dunkerque propose l\u2019accompagnement de candidats \u00e0 la VAE en vue d\u2019obtenir le Dipl\u00f4me d\u2019Etat d\u2019Aide-Soignant (DEAS), et plus r\u00e9cemment le Dipl\u00f4me d&#8217;Etat d&#8217;Auxiliaire de Pu\u00e9riculture (DEAP)<br \/>\n<\/span><\/p>\n<p><a href=\"https:\/\/www.ch-dunkerque.fr\/ifs\/wp-content\/uploads\/sites\/4\/2025\/09\/Triptyque-VAE-DEAP-Sept-2025.pdf\">Triptyque VAE DEAP Sept 2025<\/a><\/p>\n<p><a href=\"https:\/\/www.ch-dunkerque.fr\/ifs\/wp-content\/uploads\/sites\/4\/2025\/09\/Triptyque-VAE-DEAS-Sept-2025.pdf\">Triptyque VAE DEAS Sept 2025<\/a><\/p>\n<p><span style=\"color: #000000\">Vous pensez avoir des exp\u00e9riences en lien avec les 11 comp\u00e9tences qui d\u00e9finissent les m\u00e9tiers d\u2019Aide-Soignant et d&#8217;Auxiliaire de Pu\u00e9riculture ? Nous vous proposons de vous accompagner afin de les valoriser et de les pr\u00e9senter \u00e0 un jury afin de valider vos comp\u00e9tences.<\/span><\/p>\n<p><span style=\"color: #000000\">Dans les Hauts de France, il y a actuellement 2 sessions de jury VAE en vue de l\u2019obtention du DEAS ou du DEAP par an.<\/span><\/p>\n<p><span style=\"color: #000000\">Pour compl\u00e9ment d&#8217;information 2 sites d\u00e9di\u00e9s \u00e0 la VAE :<\/span><\/p>\n<ul>\n<li><span style=\"color: #000000\">Pour tous candidat le site de l&#8217;ASP :\u00a0<\/span><a href=\"https:\/\/www.asp-public.fr\/aides\/validation-des-acquis-de-lexperience-vae-dans-le-domaine-sanitaire-et-social-candidats-la-vae\">https:\/\/www.asp-public.fr\/aides\/validation-des-acquis-de-lexperience-vae-dans-le-domaine-sanitaire-et-social-candidats-la-vae<\/a><\/li>\n<li><span style=\"color: #000000\">Pour tous candidat \u00e0 l&#8217;exception des personnes relevant de la fonction publique, le site de France VAE :\u00a0 <a href=\"https:\/\/vae.gouv.fr\/\">VAE.gouv<\/a><\/span><\/li>\n<\/ul>\n<p style=\"padding-left: 40px\"><span style=\"color: #000000\">Comment se d\u00e9roule un parcours France VAE :<\/span>\u00a0<a href=\"https:\/\/vae.gouv.fr\/savoir-plus\/articles\/etapes-parcours-france-vae\/\">https:\/\/vae.gouv.fr\/savoir-plus\/articles\/etapes-parcours-france-vae\/<\/a><span style=\"color: #000000\">\u00a0<\/span><\/p>\n<p style=\"padding-left: 40px\"><span style=\"color: #000000\">Parcours candidat :\u00a0<\/span><a href=\"https:\/\/www.ch-dunkerque.fr\/ifs\/wp-content\/uploads\/sites\/4\/2024\/10\/c2rp-schema-vae-parcours-candidat.pdf\">c2rp-schema-vae-parcours-candidat<\/a><\/p>\n<p style=\"padding-left: 40px\"><span style=\"color: #000000\">Parcours diff\u00e9rents acteurs :<\/span>\u00a0<a href=\"https:\/\/www.ch-dunkerque.fr\/ifs\/wp-content\/uploads\/sites\/4\/2024\/10\/c2rp-schema-vae-parcours-differents-acteurs.pdf\">c2rp-schema-vae-parcours-differents-acteurs<\/a><\/p>\n<p>&nbsp;<\/p>\n<h2>Nos objectifs :<\/h2>\n<p><span style=\"color: #000000\">Vous informer sur la d\u00e9marche VAE et vous accompagner lors des diff\u00e9rentes \u00e9tapes\u00a0:<\/span><\/p>\n<p><span style=\"color: #000000\">&#8211; Etape 1\u00a0: Accompagnement \u00e0 l\u2019\u00e9criture du dossier de recevabilit\u00e9<\/span><\/p>\n<p><span style=\"color: #000000\">&#8211; Etape 2\u00a0: Accompagnement pour le Livret 2.<\/span><\/p>\n<p><span style=\"color: #000000\">Nous proposons\u00a0:<\/span><\/p>\n<p><span style=\"color: #000000\">&#8211; un suivi personnalis\u00e9 et bienveillant avec la m\u00eame personne tout au long de votre VAE.<\/span><\/p>\n<p><span style=\"color: #000000\">&#8211; des entretiens individuels et\/ou collectifs afin d\u2019expliciter vos exp\u00e9riences, vous guider dans votre r\u00e9flexion et des conseils pour l\u2019\u00e9criture. Ces entretiens seront planifi\u00e9s en fonction, de vos disponibilit\u00e9s et celles du formateur, \u00e0 votre rythme.<\/span><\/p>\n<p><span style=\"color: #000000\">&#8211; une pr\u00e9paration \u00e0 l\u2019argumentation orale devant un jury, par le biais notamment d\u2019une simulation d\u2019entretien.<\/span><\/p>\n<p><span style=\"color: #000000\">&#8211; un retour d\u2019exp\u00e9rience post-jury afin de faire le point sur votre d\u00e9marche et les \u00e9ventuelles suites \u00e0 donner.<\/span><\/p>\n<p>&nbsp;<\/p>\n<h2>Public :<\/h2>\n<p><span style=\"color: #000000\">Sont concern\u00e9es les personnes ayant exerc\u00e9 <\/span><span style=\"color: #000000\">au moins une activit\u00e9 dans chacun des 5 domaines d\u2019activit\u00e9 du R\u00e9f\u00e9rentiel d\u2019Activit\u00e9s de l\u2019Aide-Soignant (Annexe I de l\u2019Arr\u00eat\u00e9 du 10 juin 2021 relatif \u00e0 la formation conduisant au DEAS), ou R\u00e9f\u00e9rentiel d\u2019Activit\u00e9s de l\u2019Auxiliaire de Pu\u00e9riculture (Annexe I de l\u2019Arr\u00eat\u00e9 du 10 juin 2021 relatif \u00e0 la formation conduisant au DEAP)<\/span><\/p>\n<p>&nbsp;<\/p>\n<h2>Pr\u00e9requis :<\/h2>\n<p><span style=\"color: #000000\">Avoir exerc\u00e9 pendant au moins 1 an, soit 1607h, de mani\u00e8re continue ou en p\u00e9riodes cumul\u00e9es, en pouvant le justifier : travail salari\u00e9, b\u00e9n\u00e9volat, stages durant une formation, &#8230;<\/span><\/p>\n<p>&nbsp;<\/p>\n<h2>Formateurs :<\/h2>\n<p><span style=\"color: #000000\">L\u2019\u00e9quipe de cadres de sant\u00e9 formateurs exp\u00e9riment\u00e9s sur la formation et les m\u00e9tiers d&#8217;aides-soignants et d&#8217;auxiliaire de pu\u00e9riculture, form\u00e9s \u00e0 l\u2019accompagnement.<\/span><\/p>\n<p>&nbsp;<\/p>\n<h2>Ressources mat\u00e9rielles :<\/h2>\n<p><span style=\"color: #000000\">&#8211; des amphith\u00e9\u00e2tres\u00a0<\/span><\/p>\n<p>&#8211;<span style=\"color: #000000\"> des salles polyvalentes<\/span><\/p>\n<p><span style=\"color: #000000\">&#8211; des salles de groupe<\/span><\/p>\n<p><span style=\"color: #000000\">&#8211; des bureaux individuels<\/span><\/p>\n<p><span style=\"color: #000000\">&#8211; des salles de pratiques<\/span><\/p>\n<p><span style=\"color: #000000\">&#8211; des salles de simulation<\/span><\/p>\n<p><span style=\"color: #000000\">&#8211; un centre de ressources<\/span><\/p>\n<p><span style=\"color: #000000\">Toutes les salles peuvent \u00eatre \u00e9quip\u00e9es de mat\u00e9riels p\u00e9dagogiques et num\u00e9riques ( ordinateur portable, vid\u00e9oprojection, &#8230;)<\/span><\/p>\n<p>&nbsp;<\/p>\n<h2>Dur\u00e9e et co\u00fbt\u00a0 VAE :<\/h2>\n<p><span style=\"color: #000000\">Accompagnement individuel pour le dossier de recevabilit\u00e9 : forfait de 3h\u2013 200 euros<\/span><\/p>\n<p><span style=\"color: #000000\">Accompagnement pour le Livret 2\u00a0:<\/span><\/p>\n<p><span style=\"color: #000000\">&#8211; 12h, si vous poss\u00e9dez un dipl\u00f4me \u00ab passerelle \u00bb \u2013 840 euros<\/span><\/p>\n<p><span style=\"color: #000000\">&#8211; 20h, si vous devez envisager la validation de la totalit\u00e9 des comp\u00e9tences \u2013 1400 euros<\/span><\/p>\n<p><span style=\"color: #000000\">Diff\u00e9rentes possibilit\u00e9s de financement sont possibles : le r\u00e9seau Transition Pro, votre Compte Personnel de Formation, des OPCO, votre employeur, France Travail, et vous m\u00eame \u2026.<\/span><\/p>\n<p>&nbsp;<\/p>\n<h2>Contact :<\/h2>\n<p><span style=\"color: #000000\">par mail : ifs@ch-dunkerque.fr \/ par t\u00e9l. 03.28.28.56.80<\/span><\/p>\n<p><span style=\"color: #000000\">Voici le r\u00e8glement int\u00e9rieur de l&#8217;IFS \u00e0 destination des apprenants en formation continue \u00e0 prendre connaissance lors de votre inscription :<\/span><\/p>\n<p><a href=\"https:\/\/www.ch-dunkerque.fr\/ifs\/wp-content\/uploads\/sites\/4\/2024\/10\/Reglement-Interieur-Formations-FC-VAE-2024.pdf\">Reglement Interieur Formations FC-VAE 2024<\/a><\/p>\n<p>&nbsp;<\/p>\n<h2>Sources et indications r\u00e9glementaires<\/h2>\n<p><span style=\"color: #000000\">La VAE est r\u00e9glement\u00e9e par<\/span><span style=\"color: #3366ff\"> <a style=\"color: #3366ff\" href=\"https:\/\/www.legifrance.gouv.fr\/loda\/id\/JORFTEXT000000408905\/\">la loi n\u00b02002-73 du 17 janvier 2002 de modernisation sociale,<\/a> <a style=\"color: #3366ff\" href=\"https:\/\/www.legifrance.gouv.fr\/jorf\/id\/JORFTEXT000045462629\">l&#8217;arr\u00eat\u00e9 du 28 mars 2022 relatif aux modalit\u00e9s d&#8217;organisation de la validation des acquis de l&#8217;exp\u00e9rience pour l&#8217;obtention du dipl\u00f4me d&#8217;Etat d&#8217;aide-soignant et d&#8217;Auxiliaire de Pu\u00e9riculture<\/a>\u00a0<\/span><\/p>\n<p class=\"main-title\"><span style=\"color: #000000\">D\u00e9cret n\u00b0 2024-332 du 10 avril 2024 relatif au jury et au cong\u00e9 de validation des acquis de l&#8217;exp\u00e9rience :<\/span> <a href=\"https:\/\/www.legifrance.gouv.fr\/jorf\/id\/JORFTEXT000049405419\">https:\/\/www.legifrance.gouv.fr\/jorf\/id\/JORFTEXT000049405419<\/a><\/p>\n<p><span style=\"color: #000000\">Formation inscrite au RNCP :<\/span><\/p>\n<ul>\n<li><span style=\"color: #000000\">D.E. &#8211; Dipl\u00f4me d&#8217;aide-soignant &#8211; Niveau 4 &#8211; Code de la fiche : RNCP40692 &#8211; Certification par le Minist\u00e8re de la Sant\u00e9 &#8211; Date \u00e9ch\u00e9ance de l&#8217;enregistrement : 01\/09\/2029. Au lien suivant<\/span> :<a href=\"https:\/\/www.francecompetences.fr\/recherche\/rncp\/40692\/\">https:\/\/www.francecompetences.fr\/recherche\/rncp\/40692\/<\/a><\/li>\n<li><span style=\"color: #000000\">D.E. &#8211; Dipl\u00f4me d&#8217;auxiliaire de pu\u00e9riculture &#8211; Niveau 4 &#8211; Code de la fiche : RNCP40743 &#8211; Certification par le Minist\u00e8re de la Sant\u00e9 &#8211; Date \u00e9ch\u00e9ance de l&#8217;enregistrement : 01\/09\/2029. Au lien suivant :<\/span><a href=\"https:\/\/www.francecompetences.fr\/recherche\/rncp\/40743\/\">https:\/\/www.francecompetences.fr\/recherche\/rncp\/40743\/<\/a><\/li>\n<\/ul>\n<p><span style=\"color: #000000\">Depuis ao\u00fbt 2023, l&#8217;IFS est aussi inscrit sur la plateforme France VAE. Cette derni\u00e8re est r\u00e9glement\u00e9e par le d\u00e9cret n\u00b02023-1275 du 27 d\u00e9cembre 2023 relatif \u00e0 la validation des acquis de l&#8217;exp\u00e9rience. Elle permet l&#8217;acc\u00e8s au dipl\u00f4me aide-soignant et auxiliaire de pu\u00e9riculture.<\/span><\/p>\n","protected":false},"excerpt":{"rendered":"<p>La VAE est un dispositif qui permet de valoriser ses acquis de l\u2019exp\u00e9rience (professionnelle, b\u00e9n\u00e9vole\u2026) et de valider les comp\u00e9tences permettant d\u2019obtenir une certification professionnelle. Depuis 2005, l\u2019IFS de Dunkerque propose l\u2019accompagnement de candidats \u00e0 la VAE en vue d\u2019obtenir le Dipl\u00f4me d\u2019Etat d\u2019Aide-Soignant (DEAS), et plus r\u00e9cemment le Dipl\u00f4me d&#8217;Etat d&#8217;Auxiliaire de Pu\u00e9riculture (DEAP) [&hellip;]<\/p>\n","protected":false},"author":13,"featured_media":501,"parent":9,"menu_order":0,"comment_status":"closed","ping_status":"closed","template":"","meta":{"_exactmetrics_skip_tracking":false,"_exactmetrics_sitenote_active":false,"_exactmetrics_sitenote_note":"","_exactmetrics_sitenote_category":0,"_genesis_hide_title":false,"_genesis_hide_breadcrumbs":false,"_genesis_hide_singular_image":false,"_genesis_hide_footer_widgets":false,"_genesis_custom_body_class":"","_genesis_custom_post_class":"","_genesis_layout":"","footnotes":""},"class_list":{"0":"post-144","1":"page","2":"type-page","3":"status-publish","4":"has-post-thumbnail","6":"entry"},"yoast_head":"<!-- This site is optimized with the Yoast SEO plugin v26.9 - https:\/\/yoast.com\/product\/yoast-seo-wordpress\/ -->\n<title>Validation des acquis et de l&#039;exp\u00e9rience (VAE) Aide-soignante - Institut de Formation en Sant\u00e9 du CHD<\/title>\n<meta name=\"robots\" content=\"index, follow, max-snippet:-1, max-image-preview:large, max-video-preview:-1\" \/>\n<link rel=\"canonical\" href=\"https:\/\/www.ch-dunkerque.fr\/ifs\/nos-formations\/validation-des-acquis-et-de-lexperience-vae\/\" \/>\n<meta property=\"og:locale\" content=\"fr_FR\" \/>\n<meta property=\"og:type\" content=\"article\" \/>\n<meta property=\"og:title\" content=\"Validation des acquis et de l&#039;exp\u00e9rience (VAE) Aide-soignante - Institut de Formation en Sant\u00e9 du CHD\" \/>\n<meta property=\"og:description\" content=\"La VAE est un dispositif qui permet de valoriser ses acquis de l\u2019exp\u00e9rience (professionnelle, b\u00e9n\u00e9vole\u2026) et de valider les comp\u00e9tences permettant d\u2019obtenir une certification professionnelle. Depuis 2005, l\u2019IFS de Dunkerque propose l\u2019accompagnement de candidats \u00e0 la VAE en vue d\u2019obtenir le Dipl\u00f4me d\u2019Etat d\u2019Aide-Soignant (DEAS), et plus r\u00e9cemment le Dipl\u00f4me d&#8217;Etat d&#8217;Auxiliaire de Pu\u00e9riculture (DEAP) [&hellip;]\" \/>\n<meta property=\"og:url\" content=\"https:\/\/www.ch-dunkerque.fr\/ifs\/nos-formations\/validation-des-acquis-et-de-lexperience-vae\/\" \/>\n<meta property=\"og:site_name\" content=\"Institut de Formation en Sant\u00e9 du CHD\" \/>\n<meta property=\"article:modified_time\" content=\"2025-09-18T13:49:13+00:00\" \/>\n<meta property=\"og:image\" content=\"https:\/\/www.ch-dunkerque.fr\/ifs\/wp-content\/uploads\/sites\/4\/2021\/03\/IMG_2445.jpeg\" \/>\n\t<meta property=\"og:image:width\" content=\"1920\" \/>\n\t<meta property=\"og:image:height\" content=\"1080\" \/>\n\t<meta property=\"og:image:type\" content=\"image\/jpeg\" \/>\n<meta name=\"twitter:card\" content=\"summary_large_image\" \/>\n<meta name=\"twitter:label1\" content=\"Dur\u00e9e de lecture estim\u00e9e\" \/>\n\t<meta name=\"twitter:data1\" content=\"4 minutes\" \/>\n<script type=\"application\/ld+json\" class=\"yoast-schema-graph\">{\"@context\":\"https:\/\/schema.org\",\"@graph\":[{\"@type\":\"WebPage\",\"@id\":\"https:\/\/www.ch-dunkerque.fr\/ifs\/nos-formations\/validation-des-acquis-et-de-lexperience-vae\/\",\"url\":\"https:\/\/www.ch-dunkerque.fr\/ifs\/nos-formations\/validation-des-acquis-et-de-lexperience-vae\/\",\"name\":\"Validation des acquis et de l'exp\u00e9rience (VAE) Aide-soignante - Institut de Formation en Sant\u00e9 du CHD\",\"isPartOf\":{\"@id\":\"https:\/\/www.ch-dunkerque.fr\/ifs\/#website\"},\"primaryImageOfPage\":{\"@id\":\"https:\/\/www.ch-dunkerque.fr\/ifs\/nos-formations\/validation-des-acquis-et-de-lexperience-vae\/#primaryimage\"},\"image\":{\"@id\":\"https:\/\/www.ch-dunkerque.fr\/ifs\/nos-formations\/validation-des-acquis-et-de-lexperience-vae\/#primaryimage\"},\"thumbnailUrl\":\"https:\/\/www.ch-dunkerque.fr\/ifs\/wp-content\/uploads\/sites\/4\/2021\/03\/IMG_2445.jpeg\",\"datePublished\":\"2021-01-13T08:57:51+00:00\",\"dateModified\":\"2025-09-18T13:49:13+00:00\",\"breadcrumb\":{\"@id\":\"https:\/\/www.ch-dunkerque.fr\/ifs\/nos-formations\/validation-des-acquis-et-de-lexperience-vae\/#breadcrumb\"},\"inLanguage\":\"fr-FR\",\"potentialAction\":[{\"@type\":\"ReadAction\",\"target\":[\"https:\/\/www.ch-dunkerque.fr\/ifs\/nos-formations\/validation-des-acquis-et-de-lexperience-vae\/\"]}]},{\"@type\":\"ImageObject\",\"inLanguage\":\"fr-FR\",\"@id\":\"https:\/\/www.ch-dunkerque.fr\/ifs\/nos-formations\/validation-des-acquis-et-de-lexperience-vae\/#primaryimage\",\"url\":\"https:\/\/www.ch-dunkerque.fr\/ifs\/wp-content\/uploads\/sites\/4\/2021\/03\/IMG_2445.jpeg\",\"contentUrl\":\"https:\/\/www.ch-dunkerque.fr\/ifs\/wp-content\/uploads\/sites\/4\/2021\/03\/IMG_2445.jpeg\",\"width\":1920,\"height\":1080},{\"@type\":\"BreadcrumbList\",\"@id\":\"https:\/\/www.ch-dunkerque.fr\/ifs\/nos-formations\/validation-des-acquis-et-de-lexperience-vae\/#breadcrumb\",\"itemListElement\":[{\"@type\":\"ListItem\",\"position\":1,\"name\":\"Accueil\",\"item\":\"https:\/\/www.ch-dunkerque.fr\/ifs\/\"},{\"@type\":\"ListItem\",\"position\":2,\"name\":\"Nos formations\",\"item\":\"https:\/\/www.ch-dunkerque.fr\/ifs\/nos-formations\/\"},{\"@type\":\"ListItem\",\"position\":3,\"name\":\"Validation des acquis et de l&#8217;exp\u00e9rience (VAE) Aide-soignante\"}]},{\"@type\":\"WebSite\",\"@id\":\"https:\/\/www.ch-dunkerque.fr\/ifs\/#website\",\"url\":\"https:\/\/www.ch-dunkerque.fr\/ifs\/\",\"name\":\"Institut de Formation en Sant\u00e9 du CHD\",\"description\":\"Un site utilisant Les sites de chdunkerque\",\"potentialAction\":[{\"@type\":\"SearchAction\",\"target\":{\"@type\":\"EntryPoint\",\"urlTemplate\":\"https:\/\/www.ch-dunkerque.fr\/ifs\/?s={search_term_string}\"},\"query-input\":{\"@type\":\"PropertyValueSpecification\",\"valueRequired\":true,\"valueName\":\"search_term_string\"}}],\"inLanguage\":\"fr-FR\"}]}<\/script>\n<!-- \/ Yoast SEO plugin. -->","yoast_head_json":{"title":"Validation des acquis et de l'exp\u00e9rience (VAE) Aide-soignante - Institut de Formation en Sant\u00e9 du CHD","robots":{"index":"index","follow":"follow","max-snippet":"max-snippet:-1","max-image-preview":"max-image-preview:large","max-video-preview":"max-video-preview:-1"},"canonical":"https:\/\/www.ch-dunkerque.fr\/ifs\/nos-formations\/validation-des-acquis-et-de-lexperience-vae\/","og_locale":"fr_FR","og_type":"article","og_title":"Validation des acquis et de l'exp\u00e9rience (VAE) Aide-soignante - Institut de Formation en Sant\u00e9 du CHD","og_description":"La VAE est un dispositif qui permet de valoriser ses acquis de l\u2019exp\u00e9rience (professionnelle, b\u00e9n\u00e9vole\u2026) et de valider les comp\u00e9tences permettant d\u2019obtenir une certification professionnelle. Depuis 2005, l\u2019IFS de Dunkerque propose l\u2019accompagnement de candidats \u00e0 la VAE en vue d\u2019obtenir le Dipl\u00f4me d\u2019Etat d\u2019Aide-Soignant (DEAS), et plus r\u00e9cemment le Dipl\u00f4me d&#8217;Etat d&#8217;Auxiliaire de Pu\u00e9riculture (DEAP) [&hellip;]","og_url":"https:\/\/www.ch-dunkerque.fr\/ifs\/nos-formations\/validation-des-acquis-et-de-lexperience-vae\/","og_site_name":"Institut de Formation en Sant\u00e9 du CHD","article_modified_time":"2025-09-18T13:49:13+00:00","og_image":[{"width":1920,"height":1080,"url":"https:\/\/www.ch-dunkerque.fr\/ifs\/wp-content\/uploads\/sites\/4\/2021\/03\/IMG_2445.jpeg","type":"image\/jpeg"}],"twitter_card":"summary_large_image","twitter_misc":{"Dur\u00e9e de lecture estim\u00e9e":"4 minutes"},"schema":{"@context":"https:\/\/schema.org","@graph":[{"@type":"WebPage","@id":"https:\/\/www.ch-dunkerque.fr\/ifs\/nos-formations\/validation-des-acquis-et-de-lexperience-vae\/","url":"https:\/\/www.ch-dunkerque.fr\/ifs\/nos-formations\/validation-des-acquis-et-de-lexperience-vae\/","name":"Validation des acquis et de l'exp\u00e9rience (VAE) Aide-soignante - Institut de Formation en Sant\u00e9 du CHD","isPartOf":{"@id":"https:\/\/www.ch-dunkerque.fr\/ifs\/#website"},"primaryImageOfPage":{"@id":"https:\/\/www.ch-dunkerque.fr\/ifs\/nos-formations\/validation-des-acquis-et-de-lexperience-vae\/#primaryimage"},"image":{"@id":"https:\/\/www.ch-dunkerque.fr\/ifs\/nos-formations\/validation-des-acquis-et-de-lexperience-vae\/#primaryimage"},"thumbnailUrl":"https:\/\/www.ch-dunkerque.fr\/ifs\/wp-content\/uploads\/sites\/4\/2021\/03\/IMG_2445.jpeg","datePublished":"2021-01-13T08:57:51+00:00","dateModified":"2025-09-18T13:49:13+00:00","breadcrumb":{"@id":"https:\/\/www.ch-dunkerque.fr\/ifs\/nos-formations\/validation-des-acquis-et-de-lexperience-vae\/#breadcrumb"},"inLanguage":"fr-FR","potentialAction":[{"@type":"ReadAction","target":["https:\/\/www.ch-dunkerque.fr\/ifs\/nos-formations\/validation-des-acquis-et-de-lexperience-vae\/"]}]},{"@type":"ImageObject","inLanguage":"fr-FR","@id":"https:\/\/www.ch-dunkerque.fr\/ifs\/nos-formations\/validation-des-acquis-et-de-lexperience-vae\/#primaryimage","url":"https:\/\/www.ch-dunkerque.fr\/ifs\/wp-content\/uploads\/sites\/4\/2021\/03\/IMG_2445.jpeg","contentUrl":"https:\/\/www.ch-dunkerque.fr\/ifs\/wp-content\/uploads\/sites\/4\/2021\/03\/IMG_2445.jpeg","width":1920,"height":1080},{"@type":"BreadcrumbList","@id":"https:\/\/www.ch-dunkerque.fr\/ifs\/nos-formations\/validation-des-acquis-et-de-lexperience-vae\/#breadcrumb","itemListElement":[{"@type":"ListItem","position":1,"name":"Accueil","item":"https:\/\/www.ch-dunkerque.fr\/ifs\/"},{"@type":"ListItem","position":2,"name":"Nos formations","item":"https:\/\/www.ch-dunkerque.fr\/ifs\/nos-formations\/"},{"@type":"ListItem","position":3,"name":"Validation des acquis et de l&#8217;exp\u00e9rience (VAE) Aide-soignante"}]},{"@type":"WebSite","@id":"https:\/\/www.ch-dunkerque.fr\/ifs\/#website","url":"https:\/\/www.ch-dunkerque.fr\/ifs\/","name":"Institut de Formation en Sant\u00e9 du CHD","description":"Un site utilisant Les sites de chdunkerque","potentialAction":[{"@type":"SearchAction","target":{"@type":"EntryPoint","urlTemplate":"https:\/\/www.ch-dunkerque.fr\/ifs\/?s={search_term_string}"},"query-input":{"@type":"PropertyValueSpecification","valueRequired":true,"valueName":"search_term_string"}}],"inLanguage":"fr-FR"}]}},"_links":{"self":[{"href":"https:\/\/www.ch-dunkerque.fr\/ifs\/wp-json\/wp\/v2\/pages\/144","targetHints":{"allow":["GET"]}}],"collection":[{"href":"https:\/\/www.ch-dunkerque.fr\/ifs\/wp-json\/wp\/v2\/pages"}],"about":[{"href":"https:\/\/www.ch-dunkerque.fr\/ifs\/wp-json\/wp\/v2\/types\/page"}],"author":[{"embeddable":true,"href":"https:\/\/www.ch-dunkerque.fr\/ifs\/wp-json\/wp\/v2\/users\/13"}],"replies":[{"embeddable":true,"href":"https:\/\/www.ch-dunkerque.fr\/ifs\/wp-json\/wp\/v2\/comments?post=144"}],"version-history":[{"count":39,"href":"https:\/\/www.ch-dunkerque.fr\/ifs\/wp-json\/wp\/v2\/pages\/144\/revisions"}],"predecessor-version":[{"id":1291,"href":"https:\/\/www.ch-dunkerque.fr\/ifs\/wp-json\/wp\/v2\/pages\/144\/revisions\/1291"}],"up":[{"embeddable":true,"href":"https:\/\/www.ch-dunkerque.fr\/ifs\/wp-json\/wp\/v2\/pages\/9"}],"wp:featuredmedia":[{"embeddable":true,"href":"https:\/\/www.ch-dunkerque.fr\/ifs\/wp-json\/wp\/v2\/media\/501"}],"wp:attachment":[{"href":"https:\/\/www.ch-dunkerque.fr\/ifs\/wp-json\/wp\/v2\/media?parent=144"}],"curies":[{"name":"wp","href":"https:\/\/api.w.org\/{rel}","templated":true}]}}