{"id":138,"date":"2021-01-13T09:52:43","date_gmt":"2021-01-13T08:52:43","guid":{"rendered":"https:\/\/www.ch-dunkerque.fr\/ifs\/?page_id=138"},"modified":"2026-01-16T13:05:23","modified_gmt":"2026-01-16T12:05:23","slug":"le-confort","status":"publish","type":"page","link":"https:\/\/www.ch-dunkerque.fr\/ifs\/nos-atouts\/le-confort\/","title":{"rendered":"Le confort"},"content":{"rendered":"<p>&nbsp;<\/p>\n<h2 style=\"text-align: center\">Repas des apprenants<\/h2>\n<p><img fetchpriority=\"high\" decoding=\"async\" class=\"alignnone size-medium wp-image-745\" src=\"https:\/\/www.ch-dunkerque.fr\/ifs\/wp-content\/uploads\/sites\/4\/2022\/06\/20220628_143756-300x225.jpg\" alt=\"\" width=\"300\" height=\"225\" srcset=\"https:\/\/www.ch-dunkerque.fr\/ifs\/wp-content\/uploads\/sites\/4\/2022\/06\/20220628_143756-300x225.jpg 300w, https:\/\/www.ch-dunkerque.fr\/ifs\/wp-content\/uploads\/sites\/4\/2022\/06\/20220628_143756-768x576.jpg 768w, https:\/\/www.ch-dunkerque.fr\/ifs\/wp-content\/uploads\/sites\/4\/2022\/06\/20220628_143756-1024x768.jpg 1024w, https:\/\/www.ch-dunkerque.fr\/ifs\/wp-content\/uploads\/sites\/4\/2022\/06\/20220628_143756-293x220.jpg 293w\" sizes=\"(max-width: 300px) 100vw, 300px\" \/> \u00a0\u00a0\u00a0\u00a0 <img decoding=\"async\" class=\"alignnone size-medium wp-image-443\" src=\"https:\/\/www.ch-dunkerque.fr\/ifs\/wp-content\/uploads\/sites\/4\/2021\/03\/IMG_1860-300x225.jpg\" alt=\"\" width=\"300\" height=\"225\" srcset=\"https:\/\/www.ch-dunkerque.fr\/ifs\/wp-content\/uploads\/sites\/4\/2021\/03\/IMG_1860-300x225.jpg 300w, https:\/\/www.ch-dunkerque.fr\/ifs\/wp-content\/uploads\/sites\/4\/2021\/03\/IMG_1860-768x576.jpg 768w, https:\/\/www.ch-dunkerque.fr\/ifs\/wp-content\/uploads\/sites\/4\/2021\/03\/IMG_1860-1024x768.jpg 1024w, https:\/\/www.ch-dunkerque.fr\/ifs\/wp-content\/uploads\/sites\/4\/2021\/03\/IMG_1860-293x220.jpg 293w\" sizes=\"(max-width: 300px) 100vw, 300px\" \/><\/p>\n<p><strong>Il y a un<\/strong><strong>e possibilit\u00e9 de restauration au niveau de l\u2019Institut<\/strong>,<span style=\"color: #000000\"> dans deux salles d\u00e9di\u00e9es o\u00f9 des fours micro-ondes sont \u00e0 la disposition des \u00e9tudiants\/\u00e9l\u00e8ves. Le mobilier ext\u00e9rieur permet la prise de repas \u00e0 l&#8217;ext\u00e9rieur par beau temps.<\/span><\/p>\n<p><img decoding=\"async\" class=\"alignnone wp-image-743 \" src=\"https:\/\/www.ch-dunkerque.fr\/ifs\/wp-content\/uploads\/sites\/4\/2022\/06\/20220628_144059-300x225.jpg\" alt=\"\" width=\"208\" height=\"278\" \/> \u00a0 \u00a0\u00a0 <img loading=\"lazy\" decoding=\"async\" class=\"alignnone size-medium wp-image-744\" src=\"https:\/\/www.ch-dunkerque.fr\/ifs\/wp-content\/uploads\/sites\/4\/2022\/06\/20220628_144125-300x225.jpg\" alt=\"\" width=\"300\" height=\"225\" srcset=\"https:\/\/www.ch-dunkerque.fr\/ifs\/wp-content\/uploads\/sites\/4\/2022\/06\/20220628_144125-300x225.jpg 300w, https:\/\/www.ch-dunkerque.fr\/ifs\/wp-content\/uploads\/sites\/4\/2022\/06\/20220628_144125-768x576.jpg 768w, https:\/\/www.ch-dunkerque.fr\/ifs\/wp-content\/uploads\/sites\/4\/2022\/06\/20220628_144125-1024x768.jpg 1024w, https:\/\/www.ch-dunkerque.fr\/ifs\/wp-content\/uploads\/sites\/4\/2022\/06\/20220628_144125-293x220.jpg 293w\" sizes=\"(max-width: 300px) 100vw, 300px\" \/> \u00a0\u00a0 <img loading=\"lazy\" decoding=\"async\" class=\"alignnone size-medium wp-image-317\" src=\"https:\/\/www.ch-dunkerque.fr\/ifs\/wp-content\/uploads\/sites\/4\/2021\/03\/IMG_E1774-300x225.jpg\" alt=\"\" width=\"300\" height=\"225\" srcset=\"https:\/\/www.ch-dunkerque.fr\/ifs\/wp-content\/uploads\/sites\/4\/2021\/03\/IMG_E1774-300x225.jpg 300w, https:\/\/www.ch-dunkerque.fr\/ifs\/wp-content\/uploads\/sites\/4\/2021\/03\/IMG_E1774-768x576.jpg 768w, https:\/\/www.ch-dunkerque.fr\/ifs\/wp-content\/uploads\/sites\/4\/2021\/03\/IMG_E1774-1024x768.jpg 1024w, https:\/\/www.ch-dunkerque.fr\/ifs\/wp-content\/uploads\/sites\/4\/2021\/03\/IMG_E1774-293x220.jpg 293w\" sizes=\"(max-width: 300px) 100vw, 300px\" \/><\/p>\n<p><strong>Acc\u00e8s au self de l\u2019h\u00f4pital<\/strong> <span style=\"color: #000000\">(tarif moyen de 3,5\u20ac). Il est possible de prendre les repas le midi au self du Centre Hospitalier de Dunkerque au tarif du personnel hospitalier (\u00e0 7 minutes \u00e0 pieds).<\/span><\/p>\n<p><strong>Acc\u00e8s<\/strong><strong> au restaurant universitaire (RU<\/strong>)<span style=\"color: #000000\"> : pour les \u00e9tudiants en soins infirmiers. Il est possible de prendre le repas midi et soir au restaurant universitaire, 10, place des Nations \u00e0 Dunkerque.<\/span><\/p>\n<hr \/>\n<p><img loading=\"lazy\" decoding=\"async\" class=\" wp-image-578 alignleft\" src=\"https:\/\/www.ch-dunkerque.fr\/ifs\/wp-content\/uploads\/sites\/4\/2021\/05\/IMG_2079-300x225.jpg\" alt=\"\" width=\"245\" height=\"184\" srcset=\"https:\/\/www.ch-dunkerque.fr\/ifs\/wp-content\/uploads\/sites\/4\/2021\/05\/IMG_2079-300x225.jpg 300w, https:\/\/www.ch-dunkerque.fr\/ifs\/wp-content\/uploads\/sites\/4\/2021\/05\/IMG_2079-768x576.jpg 768w, https:\/\/www.ch-dunkerque.fr\/ifs\/wp-content\/uploads\/sites\/4\/2021\/05\/IMG_2079-1024x768.jpg 1024w, https:\/\/www.ch-dunkerque.fr\/ifs\/wp-content\/uploads\/sites\/4\/2021\/05\/IMG_2079-293x220.jpg 293w\" sizes=\"(max-width: 245px) 100vw, 245px\" \/><\/p>\n<h2 style=\"text-align: center\">Tenues professionnelles<\/h2>\n<p><span style=\"color: #000000\">Les tenues professionnelles\u00a0 sont entretenues par le Centre hospitalier. La gestion du linge se fait directement dans les b\u00e2timents de l&#8217;IFS.<\/span><\/p>\n<p>&nbsp;<\/p>\n<p>&nbsp;<\/p>\n<hr \/>\n<h2 style=\"text-align: center\">Stages<\/h2>\n<p><span style=\"color: #000000\">L&#8217;attribution et la gestion des stages sont effectu\u00e9es par l&#8217;IFS.<\/span><\/p>\n<p><span style=\"color: #000000\"><span style=\"text-decoration: underline\">Sauf demande particuli\u00e8re, les \u00e9tudiants\/\u00e9l\u00e8ves n&#8217;ont aucune d\u00e9marche \u00e0 faire<\/span>.<\/span><\/p>\n","protected":false},"excerpt":{"rendered":"<p>&nbsp; Repas des apprenants \u00a0\u00a0\u00a0\u00a0 Il y a une possibilit\u00e9 de restauration au niveau de l\u2019Institut, dans deux salles d\u00e9di\u00e9es o\u00f9 des fours micro-ondes sont \u00e0 la disposition des \u00e9tudiants\/\u00e9l\u00e8ves. Le mobilier ext\u00e9rieur permet la prise de repas \u00e0 l&#8217;ext\u00e9rieur par beau temps. \u00a0 \u00a0\u00a0 \u00a0\u00a0 Acc\u00e8s au self de l\u2019h\u00f4pital (tarif moyen de 3,5\u20ac). [&hellip;]<\/p>\n","protected":false},"author":13,"featured_media":314,"parent":10,"menu_order":0,"comment_status":"closed","ping_status":"closed","template":"","meta":{"_exactmetrics_skip_tracking":false,"_exactmetrics_sitenote_active":false,"_exactmetrics_sitenote_note":"","_exactmetrics_sitenote_category":0,"_genesis_hide_title":false,"_genesis_hide_breadcrumbs":false,"_genesis_hide_singular_image":false,"_genesis_hide_footer_widgets":false,"_genesis_custom_body_class":"","_genesis_custom_post_class":"","_genesis_layout":"","footnotes":""},"class_list":{"0":"post-138","1":"page","2":"type-page","3":"status-publish","4":"has-post-thumbnail","6":"entry"},"yoast_head":"<!-- This site is optimized with the Yoast SEO plugin v27.6 - https:\/\/yoast.com\/product\/yoast-seo-wordpress\/ -->\n<title>Le confort - Institut de Formation en Sant\u00e9 du CHD<\/title>\n<meta name=\"robots\" content=\"index, follow, max-snippet:-1, max-image-preview:large, max-video-preview:-1\" \/>\n<link rel=\"canonical\" href=\"https:\/\/www.ch-dunkerque.fr\/ifs\/nos-atouts\/le-confort\/\" \/>\n<meta property=\"og:locale\" content=\"fr_FR\" \/>\n<meta property=\"og:type\" content=\"article\" \/>\n<meta property=\"og:title\" content=\"Le confort - Institut de Formation en Sant\u00e9 du CHD\" \/>\n<meta property=\"og:description\" content=\"&nbsp; Repas des apprenants \u00a0\u00a0\u00a0\u00a0 Il y a une possibilit\u00e9 de restauration au niveau de l\u2019Institut, dans deux salles d\u00e9di\u00e9es o\u00f9 des fours micro-ondes sont \u00e0 la disposition des \u00e9tudiants\/\u00e9l\u00e8ves. Le mobilier ext\u00e9rieur permet la prise de repas \u00e0 l&#8217;ext\u00e9rieur par beau temps. \u00a0 \u00a0\u00a0 \u00a0\u00a0 Acc\u00e8s au self de l\u2019h\u00f4pital (tarif moyen de 3,5\u20ac). [&hellip;]\" \/>\n<meta property=\"og:url\" content=\"https:\/\/www.ch-dunkerque.fr\/ifs\/nos-atouts\/le-confort\/\" \/>\n<meta property=\"og:site_name\" content=\"Institut de Formation en Sant\u00e9 du CHD\" \/>\n<meta property=\"article:modified_time\" content=\"2026-01-16T12:05:23+00:00\" \/>\n<meta property=\"og:image\" content=\"https:\/\/www.ch-dunkerque.fr\/ifs\/wp-content\/uploads\/sites\/4\/2021\/03\/IMG_E1771.jpg\" \/>\n\t<meta property=\"og:image:width\" content=\"3534\" \/>\n\t<meta property=\"og:image:height\" content=\"2650\" \/>\n\t<meta property=\"og:image:type\" content=\"image\/jpeg\" \/>\n<meta name=\"twitter:card\" content=\"summary_large_image\" \/>\n<meta name=\"twitter:label1\" content=\"Dur\u00e9e de lecture estim\u00e9e\" \/>\n\t<meta name=\"twitter:data1\" content=\"3 minutes\" \/>\n<script type=\"application\/ld+json\" class=\"yoast-schema-graph\">{\"@context\":\"https:\\\/\\\/schema.org\",\"@graph\":[{\"@type\":\"WebPage\",\"@id\":\"https:\\\/\\\/www.ch-dunkerque.fr\\\/ifs\\\/nos-atouts\\\/le-confort\\\/\",\"url\":\"https:\\\/\\\/www.ch-dunkerque.fr\\\/ifs\\\/nos-atouts\\\/le-confort\\\/\",\"name\":\"Le confort - Institut de Formation en Sant\u00e9 du CHD\",\"isPartOf\":{\"@id\":\"https:\\\/\\\/www.ch-dunkerque.fr\\\/ifs\\\/#website\"},\"primaryImageOfPage\":{\"@id\":\"https:\\\/\\\/www.ch-dunkerque.fr\\\/ifs\\\/nos-atouts\\\/le-confort\\\/#primaryimage\"},\"image\":{\"@id\":\"https:\\\/\\\/www.ch-dunkerque.fr\\\/ifs\\\/nos-atouts\\\/le-confort\\\/#primaryimage\"},\"thumbnailUrl\":\"https:\\\/\\\/www.ch-dunkerque.fr\\\/ifs\\\/wp-content\\\/uploads\\\/sites\\\/4\\\/2021\\\/03\\\/IMG_E1771.jpg\",\"datePublished\":\"2021-01-13T08:52:43+00:00\",\"dateModified\":\"2026-01-16T12:05:23+00:00\",\"breadcrumb\":{\"@id\":\"https:\\\/\\\/www.ch-dunkerque.fr\\\/ifs\\\/nos-atouts\\\/le-confort\\\/#breadcrumb\"},\"inLanguage\":\"fr-FR\",\"potentialAction\":[{\"@type\":\"ReadAction\",\"target\":[\"https:\\\/\\\/www.ch-dunkerque.fr\\\/ifs\\\/nos-atouts\\\/le-confort\\\/\"]}]},{\"@type\":\"ImageObject\",\"inLanguage\":\"fr-FR\",\"@id\":\"https:\\\/\\\/www.ch-dunkerque.fr\\\/ifs\\\/nos-atouts\\\/le-confort\\\/#primaryimage\",\"url\":\"https:\\\/\\\/www.ch-dunkerque.fr\\\/ifs\\\/wp-content\\\/uploads\\\/sites\\\/4\\\/2021\\\/03\\\/IMG_E1771.jpg\",\"contentUrl\":\"https:\\\/\\\/www.ch-dunkerque.fr\\\/ifs\\\/wp-content\\\/uploads\\\/sites\\\/4\\\/2021\\\/03\\\/IMG_E1771.jpg\",\"width\":3534,\"height\":2650},{\"@type\":\"BreadcrumbList\",\"@id\":\"https:\\\/\\\/www.ch-dunkerque.fr\\\/ifs\\\/nos-atouts\\\/le-confort\\\/#breadcrumb\",\"itemListElement\":[{\"@type\":\"ListItem\",\"position\":1,\"name\":\"Accueil\",\"item\":\"https:\\\/\\\/www.ch-dunkerque.fr\\\/ifs\\\/\"},{\"@type\":\"ListItem\",\"position\":2,\"name\":\"Nos atouts\",\"item\":\"https:\\\/\\\/www.ch-dunkerque.fr\\\/ifs\\\/nos-atouts\\\/\"},{\"@type\":\"ListItem\",\"position\":3,\"name\":\"Le confort\"}]},{\"@type\":\"WebSite\",\"@id\":\"https:\\\/\\\/www.ch-dunkerque.fr\\\/ifs\\\/#website\",\"url\":\"https:\\\/\\\/www.ch-dunkerque.fr\\\/ifs\\\/\",\"name\":\"Institut de Formation en Sant\u00e9 du CHD\",\"description\":\"Un site utilisant Les sites de chdunkerque\",\"potentialAction\":[{\"@type\":\"SearchAction\",\"target\":{\"@type\":\"EntryPoint\",\"urlTemplate\":\"https:\\\/\\\/www.ch-dunkerque.fr\\\/ifs\\\/?s={search_term_string}\"},\"query-input\":{\"@type\":\"PropertyValueSpecification\",\"valueRequired\":true,\"valueName\":\"search_term_string\"}}],\"inLanguage\":\"fr-FR\"}]}<\/script>\n<!-- \/ Yoast SEO plugin. -->","yoast_head_json":{"title":"Le confort - Institut de Formation en Sant\u00e9 du CHD","robots":{"index":"index","follow":"follow","max-snippet":"max-snippet:-1","max-image-preview":"max-image-preview:large","max-video-preview":"max-video-preview:-1"},"canonical":"https:\/\/www.ch-dunkerque.fr\/ifs\/nos-atouts\/le-confort\/","og_locale":"fr_FR","og_type":"article","og_title":"Le confort - Institut de Formation en Sant\u00e9 du CHD","og_description":"&nbsp; Repas des apprenants \u00a0\u00a0\u00a0\u00a0 Il y a une possibilit\u00e9 de restauration au niveau de l\u2019Institut, dans deux salles d\u00e9di\u00e9es o\u00f9 des fours micro-ondes sont \u00e0 la disposition des \u00e9tudiants\/\u00e9l\u00e8ves. Le mobilier ext\u00e9rieur permet la prise de repas \u00e0 l&#8217;ext\u00e9rieur par beau temps. \u00a0 \u00a0\u00a0 \u00a0\u00a0 Acc\u00e8s au self de l\u2019h\u00f4pital (tarif moyen de 3,5\u20ac). [&hellip;]","og_url":"https:\/\/www.ch-dunkerque.fr\/ifs\/nos-atouts\/le-confort\/","og_site_name":"Institut de Formation en Sant\u00e9 du CHD","article_modified_time":"2026-01-16T12:05:23+00:00","og_image":[{"width":3534,"height":2650,"url":"https:\/\/www.ch-dunkerque.fr\/ifs\/wp-content\/uploads\/sites\/4\/2021\/03\/IMG_E1771.jpg","type":"image\/jpeg"}],"twitter_card":"summary_large_image","twitter_misc":{"Dur\u00e9e de lecture estim\u00e9e":"3 minutes"},"schema":{"@context":"https:\/\/schema.org","@graph":[{"@type":"WebPage","@id":"https:\/\/www.ch-dunkerque.fr\/ifs\/nos-atouts\/le-confort\/","url":"https:\/\/www.ch-dunkerque.fr\/ifs\/nos-atouts\/le-confort\/","name":"Le confort - Institut de Formation en Sant\u00e9 du CHD","isPartOf":{"@id":"https:\/\/www.ch-dunkerque.fr\/ifs\/#website"},"primaryImageOfPage":{"@id":"https:\/\/www.ch-dunkerque.fr\/ifs\/nos-atouts\/le-confort\/#primaryimage"},"image":{"@id":"https:\/\/www.ch-dunkerque.fr\/ifs\/nos-atouts\/le-confort\/#primaryimage"},"thumbnailUrl":"https:\/\/www.ch-dunkerque.fr\/ifs\/wp-content\/uploads\/sites\/4\/2021\/03\/IMG_E1771.jpg","datePublished":"2021-01-13T08:52:43+00:00","dateModified":"2026-01-16T12:05:23+00:00","breadcrumb":{"@id":"https:\/\/www.ch-dunkerque.fr\/ifs\/nos-atouts\/le-confort\/#breadcrumb"},"inLanguage":"fr-FR","potentialAction":[{"@type":"ReadAction","target":["https:\/\/www.ch-dunkerque.fr\/ifs\/nos-atouts\/le-confort\/"]}]},{"@type":"ImageObject","inLanguage":"fr-FR","@id":"https:\/\/www.ch-dunkerque.fr\/ifs\/nos-atouts\/le-confort\/#primaryimage","url":"https:\/\/www.ch-dunkerque.fr\/ifs\/wp-content\/uploads\/sites\/4\/2021\/03\/IMG_E1771.jpg","contentUrl":"https:\/\/www.ch-dunkerque.fr\/ifs\/wp-content\/uploads\/sites\/4\/2021\/03\/IMG_E1771.jpg","width":3534,"height":2650},{"@type":"BreadcrumbList","@id":"https:\/\/www.ch-dunkerque.fr\/ifs\/nos-atouts\/le-confort\/#breadcrumb","itemListElement":[{"@type":"ListItem","position":1,"name":"Accueil","item":"https:\/\/www.ch-dunkerque.fr\/ifs\/"},{"@type":"ListItem","position":2,"name":"Nos atouts","item":"https:\/\/www.ch-dunkerque.fr\/ifs\/nos-atouts\/"},{"@type":"ListItem","position":3,"name":"Le confort"}]},{"@type":"WebSite","@id":"https:\/\/www.ch-dunkerque.fr\/ifs\/#website","url":"https:\/\/www.ch-dunkerque.fr\/ifs\/","name":"Institut de Formation en Sant\u00e9 du CHD","description":"Un site utilisant Les sites de chdunkerque","potentialAction":[{"@type":"SearchAction","target":{"@type":"EntryPoint","urlTemplate":"https:\/\/www.ch-dunkerque.fr\/ifs\/?s={search_term_string}"},"query-input":{"@type":"PropertyValueSpecification","valueRequired":true,"valueName":"search_term_string"}}],"inLanguage":"fr-FR"}]}},"_links":{"self":[{"href":"https:\/\/www.ch-dunkerque.fr\/ifs\/wp-json\/wp\/v2\/pages\/138","targetHints":{"allow":["GET"]}}],"collection":[{"href":"https:\/\/www.ch-dunkerque.fr\/ifs\/wp-json\/wp\/v2\/pages"}],"about":[{"href":"https:\/\/www.ch-dunkerque.fr\/ifs\/wp-json\/wp\/v2\/types\/page"}],"author":[{"embeddable":true,"href":"https:\/\/www.ch-dunkerque.fr\/ifs\/wp-json\/wp\/v2\/users\/13"}],"replies":[{"embeddable":true,"href":"https:\/\/www.ch-dunkerque.fr\/ifs\/wp-json\/wp\/v2\/comments?post=138"}],"version-history":[{"count":37,"href":"https:\/\/www.ch-dunkerque.fr\/ifs\/wp-json\/wp\/v2\/pages\/138\/revisions"}],"predecessor-version":[{"id":1398,"href":"https:\/\/www.ch-dunkerque.fr\/ifs\/wp-json\/wp\/v2\/pages\/138\/revisions\/1398"}],"up":[{"embeddable":true,"href":"https:\/\/www.ch-dunkerque.fr\/ifs\/wp-json\/wp\/v2\/pages\/10"}],"wp:featuredmedia":[{"embeddable":true,"href":"https:\/\/www.ch-dunkerque.fr\/ifs\/wp-json\/wp\/v2\/media\/314"}],"wp:attachment":[{"href":"https:\/\/www.ch-dunkerque.fr\/ifs\/wp-json\/wp\/v2\/media?parent=138"}],"curies":[{"name":"wp","href":"https:\/\/api.w.org\/{rel}","templated":true}]}}