{"id":127,"date":"2021-01-13T09:53:29","date_gmt":"2021-01-13T08:53:29","guid":{"rendered":"https:\/\/www.ch-dunkerque.fr\/ifs\/?page_id=127"},"modified":"2024-09-11T10:30:55","modified_gmt":"2024-09-11T08:30:55","slug":"lapprentissage-multimedia","status":"publish","type":"page","link":"https:\/\/www.ch-dunkerque.fr\/ifs\/nos-atouts\/lapprentissage-multimedia\/","title":{"rendered":"L&#8217;apprentissage Multim\u00e9dia"},"content":{"rendered":"<h2>Amphith\u00e9\u00e2tre<\/h2>\n<p><span style=\"color: #000000\">Les amphith\u00e9\u00e2tres sont sonoris\u00e9s et \u00e9quip\u00e9s de report d&#8217;\u00e9cran.<\/span><\/p>\n<p><img decoding=\"async\" class=\" wp-image-363 aligncenter\" src=\"https:\/\/www.ch-dunkerque.fr\/ifs\/wp-content\/uploads\/sites\/4\/2021\/03\/IMG_0284-300x225.jpg\" alt=\"\" width=\"226\" height=\"170\" srcset=\"https:\/\/www.ch-dunkerque.fr\/ifs\/wp-content\/uploads\/sites\/4\/2021\/03\/IMG_0284-300x225.jpg 300w, https:\/\/www.ch-dunkerque.fr\/ifs\/wp-content\/uploads\/sites\/4\/2021\/03\/IMG_0284-768x576.jpg 768w, https:\/\/www.ch-dunkerque.fr\/ifs\/wp-content\/uploads\/sites\/4\/2021\/03\/IMG_0284-1024x768.jpg 1024w, https:\/\/www.ch-dunkerque.fr\/ifs\/wp-content\/uploads\/sites\/4\/2021\/03\/IMG_0284-293x220.jpg 293w\" sizes=\"(max-width: 226px) 100vw, 226px\" \/><\/p>\n<hr \/>\n<h2>Centre de ressources et de documentation<\/h2>\n<p><span style=\"color: #000000\">Une documentaliste est pr\u00e9sente au Centre de ressources.<\/span><\/p>\n<p><span style=\"color: #000000\">Le Centre de ressources et de documentation vous donne acc\u00e8s \u00e0 :<\/span><\/p>\n<ul>\n<li><span style=\"color: #000000\">environ 2500 ouvrages papiers<\/span><\/li>\n<li><span style=\"color: #000000\">70 vid\u00e9os<\/span><\/li>\n<li><span style=\"color: #000000\">les m\u00e9moires infirmiers des 5 derni\u00e8res ann\u00e9es<\/span><\/li>\n<li><span style=\"color: #000000\">les abonnements \u00e9lectroniques via le portail de la BULCO ( partenariat de l&#8217;IFS avec l&#8217;ULCO)<\/span><\/li>\n<\/ul>\n<p><img fetchpriority=\"high\" decoding=\"async\" src=\"https:\/\/www.ch-dunkerque.fr\/ifs\/wp-content\/uploads\/sites\/4\/2021\/03\/IMG_1829-300x225.jpg\" alt=\"\" width=\"300\" height=\"225\" \/>\u00a0 <img decoding=\"async\" class=\"alignnone size-medium wp-image-362\" src=\"https:\/\/www.ch-dunkerque.fr\/ifs\/wp-content\/uploads\/sites\/4\/2021\/03\/IMG_1835-300x225.jpg\" alt=\"\" width=\"300\" height=\"225\" srcset=\"https:\/\/www.ch-dunkerque.fr\/ifs\/wp-content\/uploads\/sites\/4\/2021\/03\/IMG_1835-300x225.jpg 300w, https:\/\/www.ch-dunkerque.fr\/ifs\/wp-content\/uploads\/sites\/4\/2021\/03\/IMG_1835-768x576.jpg 768w, https:\/\/www.ch-dunkerque.fr\/ifs\/wp-content\/uploads\/sites\/4\/2021\/03\/IMG_1835-1024x768.jpg 1024w, https:\/\/www.ch-dunkerque.fr\/ifs\/wp-content\/uploads\/sites\/4\/2021\/03\/IMG_1835-293x220.jpg 293w\" sizes=\"(max-width: 300px) 100vw, 300px\" \/><\/p>\n<p><span style=\"color: #000000\">Il vous propose diff\u00e9rents services:<\/span><\/p>\n<ul>\n<li><span style=\"color: #000000\">le pr\u00eat de documents<\/span><\/li>\n<li><span style=\"color: #000000\">l&#8217;aide \u00e0 la recherche documentaire sur le logiciel du CR ( PMB)<\/span><\/li>\n<li><span style=\"color: #000000\">la consultation de produits documentaires (newsletters, bibliographies, &#8230;)<\/span><\/li>\n<li><span style=\"color: #000000\">le pr\u00eat entre biblioth\u00e8ques via le r\u00e9seau RNDH<\/span><\/li>\n<li><span style=\"color: #000000\">le libre acc\u00e8s \u00e0 des postes informatiques et \u00e0 une imprimante<\/span><\/li>\n<\/ul>\n<p><span style=\"color: #000000\">Il est accessible \u00e0 tous les \u00e9l\u00e8ves\/\u00e9tudiants de l&#8217;IFS et aux professionnels du centre hospitalier.<\/span><\/p>\n<hr \/>\n<h2 style=\"text-align: center\">Le portfolio num\u00e9rique<\/h2>\n<p style=\"text-align: left\"><span style=\"color: #000000\">Ce document est destin\u00e9 au suivi du parcours de formation. C\u2019est un outil de lisibilit\u00e9 et un guide pour le tuteur, les professionnels qui encadrent en proximit\u00e9, le formateur et les \u00e9tudiants. Il permet de mieux mesurer leur progression.<\/span><\/p>\n<p><span style=\"color: #000000\">Afin de faciliter sa consultation et les \u00e9changes entre \u00e9tudiants, professionnels et formateurs, l&#8217;IFS de Dunkerque a choisi depuis quelques ann\u00e9es la version en ligne par rapport \u00e0 la version papier.<\/span><\/p>\n<hr \/>\n<p><img loading=\"lazy\" decoding=\"async\" class=\"size-medium wp-image-1027 alignright\" src=\"https:\/\/www.ch-dunkerque.fr\/ifs\/wp-content\/uploads\/sites\/4\/2024\/09\/moodle-300x166.jpg\" alt=\"\" width=\"300\" height=\"166\" srcset=\"https:\/\/www.ch-dunkerque.fr\/ifs\/wp-content\/uploads\/sites\/4\/2024\/09\/moodle-300x166.jpg 300w, https:\/\/www.ch-dunkerque.fr\/ifs\/wp-content\/uploads\/sites\/4\/2024\/09\/moodle-1024x567.jpg 1024w, https:\/\/www.ch-dunkerque.fr\/ifs\/wp-content\/uploads\/sites\/4\/2024\/09\/moodle-768x425.jpg 768w, https:\/\/www.ch-dunkerque.fr\/ifs\/wp-content\/uploads\/sites\/4\/2024\/09\/moodle.jpg 1234w\" sizes=\"(max-width: 300px) 100vw, 300px\" \/><\/p>\n<h2>Moodle<\/h2>\n<p><span style=\"color: #000000\">L&#8217;IFS utilise la plateforme Moodle pour communiquer et diffuser les contenus p\u00e9dagogiques via internet.<\/span><\/p>\n<p>&nbsp;<\/p>\n<p>&nbsp;<\/p>\n<hr \/>\n","protected":false},"excerpt":{"rendered":"<p>Amphith\u00e9\u00e2tre Les amphith\u00e9\u00e2tres sont sonoris\u00e9s et \u00e9quip\u00e9s de report d&#8217;\u00e9cran. Centre de ressources et de documentation Une documentaliste est pr\u00e9sente au Centre de ressources. Le Centre de ressources et de documentation vous donne acc\u00e8s \u00e0 : environ 2500 ouvrages papiers 70 vid\u00e9os les m\u00e9moires infirmiers des 5 derni\u00e8res ann\u00e9es les abonnements \u00e9lectroniques via le portail [&hellip;]<\/p>\n","protected":false},"author":13,"featured_media":350,"parent":10,"menu_order":0,"comment_status":"closed","ping_status":"closed","template":"","meta":{"_exactmetrics_skip_tracking":false,"_exactmetrics_sitenote_active":false,"_exactmetrics_sitenote_note":"","_exactmetrics_sitenote_category":0,"_genesis_hide_title":false,"_genesis_hide_breadcrumbs":false,"_genesis_hide_singular_image":false,"_genesis_hide_footer_widgets":false,"_genesis_custom_body_class":"","_genesis_custom_post_class":"","_genesis_layout":"","footnotes":""},"class_list":{"0":"post-127","1":"page","2":"type-page","3":"status-publish","4":"has-post-thumbnail","6":"entry"},"yoast_head":"<!-- This site is optimized with the Yoast SEO plugin v26.9 - https:\/\/yoast.com\/product\/yoast-seo-wordpress\/ -->\n<title>L&#039;apprentissage Multim\u00e9dia - Institut de Formation en Sant\u00e9 du CHD<\/title>\n<meta name=\"robots\" content=\"index, follow, max-snippet:-1, max-image-preview:large, max-video-preview:-1\" \/>\n<link rel=\"canonical\" href=\"https:\/\/www.ch-dunkerque.fr\/ifs\/nos-atouts\/lapprentissage-multimedia\/\" \/>\n<meta property=\"og:locale\" content=\"fr_FR\" \/>\n<meta property=\"og:type\" content=\"article\" \/>\n<meta property=\"og:title\" content=\"L&#039;apprentissage Multim\u00e9dia - Institut de Formation en Sant\u00e9 du CHD\" \/>\n<meta property=\"og:description\" content=\"Amphith\u00e9\u00e2tre Les amphith\u00e9\u00e2tres sont sonoris\u00e9s et \u00e9quip\u00e9s de report d&#8217;\u00e9cran. Centre de ressources et de documentation Une documentaliste est pr\u00e9sente au Centre de ressources. Le Centre de ressources et de documentation vous donne acc\u00e8s \u00e0 : environ 2500 ouvrages papiers 70 vid\u00e9os les m\u00e9moires infirmiers des 5 derni\u00e8res ann\u00e9es les abonnements \u00e9lectroniques via le portail [&hellip;]\" \/>\n<meta property=\"og:url\" content=\"https:\/\/www.ch-dunkerque.fr\/ifs\/nos-atouts\/lapprentissage-multimedia\/\" \/>\n<meta property=\"og:site_name\" content=\"Institut de Formation en Sant\u00e9 du CHD\" \/>\n<meta property=\"article:modified_time\" content=\"2024-09-11T08:30:55+00:00\" \/>\n<meta property=\"og:image\" content=\"https:\/\/www.ch-dunkerque.fr\/ifs\/wp-content\/uploads\/sites\/4\/2021\/03\/IMG_1663-1024x768.jpg\" \/>\n\t<meta property=\"og:image:width\" content=\"1024\" \/>\n\t<meta property=\"og:image:height\" content=\"768\" \/>\n\t<meta property=\"og:image:type\" content=\"image\/jpeg\" \/>\n<meta name=\"twitter:card\" content=\"summary_large_image\" \/>\n<meta name=\"twitter:label1\" content=\"Dur\u00e9e de lecture estim\u00e9e\" \/>\n\t<meta name=\"twitter:data1\" content=\"3 minutes\" \/>\n<script type=\"application\/ld+json\" class=\"yoast-schema-graph\">{\"@context\":\"https:\/\/schema.org\",\"@graph\":[{\"@type\":\"WebPage\",\"@id\":\"https:\/\/www.ch-dunkerque.fr\/ifs\/nos-atouts\/lapprentissage-multimedia\/\",\"url\":\"https:\/\/www.ch-dunkerque.fr\/ifs\/nos-atouts\/lapprentissage-multimedia\/\",\"name\":\"L'apprentissage Multim\u00e9dia - Institut de Formation en Sant\u00e9 du CHD\",\"isPartOf\":{\"@id\":\"https:\/\/www.ch-dunkerque.fr\/ifs\/#website\"},\"primaryImageOfPage\":{\"@id\":\"https:\/\/www.ch-dunkerque.fr\/ifs\/nos-atouts\/lapprentissage-multimedia\/#primaryimage\"},\"image\":{\"@id\":\"https:\/\/www.ch-dunkerque.fr\/ifs\/nos-atouts\/lapprentissage-multimedia\/#primaryimage\"},\"thumbnailUrl\":\"https:\/\/www.ch-dunkerque.fr\/ifs\/wp-content\/uploads\/sites\/4\/2021\/03\/IMG_1663.jpg\",\"datePublished\":\"2021-01-13T08:53:29+00:00\",\"dateModified\":\"2024-09-11T08:30:55+00:00\",\"breadcrumb\":{\"@id\":\"https:\/\/www.ch-dunkerque.fr\/ifs\/nos-atouts\/lapprentissage-multimedia\/#breadcrumb\"},\"inLanguage\":\"fr-FR\",\"potentialAction\":[{\"@type\":\"ReadAction\",\"target\":[\"https:\/\/www.ch-dunkerque.fr\/ifs\/nos-atouts\/lapprentissage-multimedia\/\"]}]},{\"@type\":\"ImageObject\",\"inLanguage\":\"fr-FR\",\"@id\":\"https:\/\/www.ch-dunkerque.fr\/ifs\/nos-atouts\/lapprentissage-multimedia\/#primaryimage\",\"url\":\"https:\/\/www.ch-dunkerque.fr\/ifs\/wp-content\/uploads\/sites\/4\/2021\/03\/IMG_1663.jpg\",\"contentUrl\":\"https:\/\/www.ch-dunkerque.fr\/ifs\/wp-content\/uploads\/sites\/4\/2021\/03\/IMG_1663.jpg\",\"width\":4032,\"height\":3024},{\"@type\":\"BreadcrumbList\",\"@id\":\"https:\/\/www.ch-dunkerque.fr\/ifs\/nos-atouts\/lapprentissage-multimedia\/#breadcrumb\",\"itemListElement\":[{\"@type\":\"ListItem\",\"position\":1,\"name\":\"Accueil\",\"item\":\"https:\/\/www.ch-dunkerque.fr\/ifs\/\"},{\"@type\":\"ListItem\",\"position\":2,\"name\":\"Nos atouts\",\"item\":\"https:\/\/www.ch-dunkerque.fr\/ifs\/nos-atouts\/\"},{\"@type\":\"ListItem\",\"position\":3,\"name\":\"L&#8217;apprentissage Multim\u00e9dia\"}]},{\"@type\":\"WebSite\",\"@id\":\"https:\/\/www.ch-dunkerque.fr\/ifs\/#website\",\"url\":\"https:\/\/www.ch-dunkerque.fr\/ifs\/\",\"name\":\"Institut de Formation en Sant\u00e9 du CHD\",\"description\":\"Un site utilisant Les sites de chdunkerque\",\"potentialAction\":[{\"@type\":\"SearchAction\",\"target\":{\"@type\":\"EntryPoint\",\"urlTemplate\":\"https:\/\/www.ch-dunkerque.fr\/ifs\/?s={search_term_string}\"},\"query-input\":{\"@type\":\"PropertyValueSpecification\",\"valueRequired\":true,\"valueName\":\"search_term_string\"}}],\"inLanguage\":\"fr-FR\"}]}<\/script>\n<!-- \/ Yoast SEO plugin. -->","yoast_head_json":{"title":"L'apprentissage Multim\u00e9dia - Institut de Formation en Sant\u00e9 du CHD","robots":{"index":"index","follow":"follow","max-snippet":"max-snippet:-1","max-image-preview":"max-image-preview:large","max-video-preview":"max-video-preview:-1"},"canonical":"https:\/\/www.ch-dunkerque.fr\/ifs\/nos-atouts\/lapprentissage-multimedia\/","og_locale":"fr_FR","og_type":"article","og_title":"L'apprentissage Multim\u00e9dia - Institut de Formation en Sant\u00e9 du CHD","og_description":"Amphith\u00e9\u00e2tre Les amphith\u00e9\u00e2tres sont sonoris\u00e9s et \u00e9quip\u00e9s de report d&#8217;\u00e9cran. Centre de ressources et de documentation Une documentaliste est pr\u00e9sente au Centre de ressources. Le Centre de ressources et de documentation vous donne acc\u00e8s \u00e0 : environ 2500 ouvrages papiers 70 vid\u00e9os les m\u00e9moires infirmiers des 5 derni\u00e8res ann\u00e9es les abonnements \u00e9lectroniques via le portail [&hellip;]","og_url":"https:\/\/www.ch-dunkerque.fr\/ifs\/nos-atouts\/lapprentissage-multimedia\/","og_site_name":"Institut de Formation en Sant\u00e9 du CHD","article_modified_time":"2024-09-11T08:30:55+00:00","og_image":[{"width":1024,"height":768,"url":"https:\/\/www.ch-dunkerque.fr\/ifs\/wp-content\/uploads\/sites\/4\/2021\/03\/IMG_1663-1024x768.jpg","type":"image\/jpeg"}],"twitter_card":"summary_large_image","twitter_misc":{"Dur\u00e9e de lecture estim\u00e9e":"3 minutes"},"schema":{"@context":"https:\/\/schema.org","@graph":[{"@type":"WebPage","@id":"https:\/\/www.ch-dunkerque.fr\/ifs\/nos-atouts\/lapprentissage-multimedia\/","url":"https:\/\/www.ch-dunkerque.fr\/ifs\/nos-atouts\/lapprentissage-multimedia\/","name":"L'apprentissage Multim\u00e9dia - Institut de Formation en Sant\u00e9 du CHD","isPartOf":{"@id":"https:\/\/www.ch-dunkerque.fr\/ifs\/#website"},"primaryImageOfPage":{"@id":"https:\/\/www.ch-dunkerque.fr\/ifs\/nos-atouts\/lapprentissage-multimedia\/#primaryimage"},"image":{"@id":"https:\/\/www.ch-dunkerque.fr\/ifs\/nos-atouts\/lapprentissage-multimedia\/#primaryimage"},"thumbnailUrl":"https:\/\/www.ch-dunkerque.fr\/ifs\/wp-content\/uploads\/sites\/4\/2021\/03\/IMG_1663.jpg","datePublished":"2021-01-13T08:53:29+00:00","dateModified":"2024-09-11T08:30:55+00:00","breadcrumb":{"@id":"https:\/\/www.ch-dunkerque.fr\/ifs\/nos-atouts\/lapprentissage-multimedia\/#breadcrumb"},"inLanguage":"fr-FR","potentialAction":[{"@type":"ReadAction","target":["https:\/\/www.ch-dunkerque.fr\/ifs\/nos-atouts\/lapprentissage-multimedia\/"]}]},{"@type":"ImageObject","inLanguage":"fr-FR","@id":"https:\/\/www.ch-dunkerque.fr\/ifs\/nos-atouts\/lapprentissage-multimedia\/#primaryimage","url":"https:\/\/www.ch-dunkerque.fr\/ifs\/wp-content\/uploads\/sites\/4\/2021\/03\/IMG_1663.jpg","contentUrl":"https:\/\/www.ch-dunkerque.fr\/ifs\/wp-content\/uploads\/sites\/4\/2021\/03\/IMG_1663.jpg","width":4032,"height":3024},{"@type":"BreadcrumbList","@id":"https:\/\/www.ch-dunkerque.fr\/ifs\/nos-atouts\/lapprentissage-multimedia\/#breadcrumb","itemListElement":[{"@type":"ListItem","position":1,"name":"Accueil","item":"https:\/\/www.ch-dunkerque.fr\/ifs\/"},{"@type":"ListItem","position":2,"name":"Nos atouts","item":"https:\/\/www.ch-dunkerque.fr\/ifs\/nos-atouts\/"},{"@type":"ListItem","position":3,"name":"L&#8217;apprentissage Multim\u00e9dia"}]},{"@type":"WebSite","@id":"https:\/\/www.ch-dunkerque.fr\/ifs\/#website","url":"https:\/\/www.ch-dunkerque.fr\/ifs\/","name":"Institut de Formation en Sant\u00e9 du CHD","description":"Un site utilisant Les sites de chdunkerque","potentialAction":[{"@type":"SearchAction","target":{"@type":"EntryPoint","urlTemplate":"https:\/\/www.ch-dunkerque.fr\/ifs\/?s={search_term_string}"},"query-input":{"@type":"PropertyValueSpecification","valueRequired":true,"valueName":"search_term_string"}}],"inLanguage":"fr-FR"}]}},"_links":{"self":[{"href":"https:\/\/www.ch-dunkerque.fr\/ifs\/wp-json\/wp\/v2\/pages\/127","targetHints":{"allow":["GET"]}}],"collection":[{"href":"https:\/\/www.ch-dunkerque.fr\/ifs\/wp-json\/wp\/v2\/pages"}],"about":[{"href":"https:\/\/www.ch-dunkerque.fr\/ifs\/wp-json\/wp\/v2\/types\/page"}],"author":[{"embeddable":true,"href":"https:\/\/www.ch-dunkerque.fr\/ifs\/wp-json\/wp\/v2\/users\/13"}],"replies":[{"embeddable":true,"href":"https:\/\/www.ch-dunkerque.fr\/ifs\/wp-json\/wp\/v2\/comments?post=127"}],"version-history":[{"count":36,"href":"https:\/\/www.ch-dunkerque.fr\/ifs\/wp-json\/wp\/v2\/pages\/127\/revisions"}],"predecessor-version":[{"id":1029,"href":"https:\/\/www.ch-dunkerque.fr\/ifs\/wp-json\/wp\/v2\/pages\/127\/revisions\/1029"}],"up":[{"embeddable":true,"href":"https:\/\/www.ch-dunkerque.fr\/ifs\/wp-json\/wp\/v2\/pages\/10"}],"wp:featuredmedia":[{"embeddable":true,"href":"https:\/\/www.ch-dunkerque.fr\/ifs\/wp-json\/wp\/v2\/media\/350"}],"wp:attachment":[{"href":"https:\/\/www.ch-dunkerque.fr\/ifs\/wp-json\/wp\/v2\/media?parent=127"}],"curies":[{"name":"wp","href":"https:\/\/api.w.org\/{rel}","templated":true}]}}