{"id":79,"date":"2019-05-29T14:37:30","date_gmt":"2019-05-29T12:37:30","guid":{"rendered":"https:\/\/www.ch-dunkerque.fr\/ehpad\/?page_id=79"},"modified":"2024-09-10T08:58:25","modified_gmt":"2024-09-10T06:58:25","slug":"mentions-legales","status":"publish","type":"page","link":"https:\/\/www.ch-dunkerque.fr\/ehpad\/mentions-legales\/","title":{"rendered":"Mentions l\u00e9gales"},"content":{"rendered":"<h2>1 . PR\u00c9SENTATION DU SITE INTERNET<\/h2>\n<p>En vertu de l\u2019article 6 de la loi n\u00b0 2004-575 du 21 juin 2004 pour la confiance dans l\u2019\u00e9conomie num\u00e9rique, ce site internet est la propri\u00e9t\u00e9 de :<br \/>\nH\u00f4pital Alexandra Lep\u00e8ve &#8211; Centre Hospitalier de Dunkerque<br \/>\nSIREN: 265 906 834<br \/>\n130 avenue Louis Herbeaux<br \/>\nCS 76 367 59385 Dunkerque Cedex 1<br \/>\n03.28.28.59.00<\/p>\n<p>&nbsp;<\/p>\n<h3>Directeur de la publication<\/h3>\n<p>Samy Bayod \u2013 Directeur de l&#8217;H\u00f4pital Alexandra Lep\u00e8ve (HAL) &#8211; Centre Hospitalier de Dunkerque<\/p>\n<p>&nbsp;<\/p>\n<h3>H\u00e9bergeur<\/h3>\n<p><a href=\"https:\/\/www.ovh.com\/fr\/\">OVH<\/a> :\u00a0 2 rue Kellermann \u2013 59100 Roubaix \u2013 France.<\/p>\n<p>&nbsp;<\/p>\n<h3>Cr\u00e9dits photos et vid\u00e9os<\/h3>\n<ul>\n<li>\u00a9Cellule Communication de l&#8217;HAL : 130 avenue Louis Herbeaux &#8211;\u00a0 CS 76 367 &#8211; 59385 Dunkerque Cedex 1<\/li>\n<li><a href=\"https:\/\/www.samueldhote.com\/\">\u00a9Samuel Dhotes, photographe<\/a> \/ <a href=\"https:\/\/www.marinecom.fr\/\">Marine Communication<\/a> : 68 rue du Lapin Blanc &#8211; 59640 Dunkerque<\/li>\n<li><a href=\"https:\/\/www.jonathanalexandre.com\/\">\u00a9Jonathan Alexandre, photographe\u00a0<\/a><\/li>\n<li><a href=\"https:\/\/www.sebastienboulard.com\/\">\u00a9S\u00e9bastien Boulard, photographe et vid\u00e9aste<\/a>\u00a0 \/\u00a0 <a href=\"https:\/\/www.net-com.fr\/\">Net.Com<\/a> : Espace Cristal 6, rue de la Gaillarde 89100 Saint-Cl\u00e9ment<\/li>\n<li>\u00a9Jean-Louis Burnod, photographe<\/li>\n<li><a href=\"http:\/\/www.audacioza.com\/\">\u00a9Agence Audacioza<\/a> : 155 rue Marcel Dassault \u2013 B\u00e2timent B2 &#8211; 59700 Marcq-en-Baroeul<\/li>\n<li><a href=\"https:\/\/www.facebook.com\/MohamedHenniProd\/\">\u00a9Mohamed Henni Production\u00a0<\/a><\/li>\n<\/ul>\n<p>La reproduction et l\u2019utilisation par un tiers des photographies et vid\u00e9os est strictement interdite.<\/p>\n<p>&nbsp;<\/p>\n<h3>Cr\u00e9dits textes<\/h3>\n<p>Tous les textes sont produits par la cellule communication de l&#8217;H\u00f4pital Alexandra Lep\u00e8ve en lien avec les professionnels du Centre Hospitalier, sauf mention contraire. Les informations ne peuvent \u00eatre reprises ou utilis\u00e9es sans autorisation.<\/p>\n<p>&nbsp;<\/p>\n<h3>Concepteur graphique et responsable de la r\u00e9alisation technique<\/h3>\n<ul>\n<li><a href=\"https:\/\/www.net-com.fr\/\">Net.Com<\/a> : Espace Cristal 6, rue de la Gaillarde 89100 Saint-Cl\u00e9ment<\/li>\n<li>Camille MARCHAND, Responsable Communication : 130 avenue Louis Herbeaux &#8211;\u00a0 CS 76 367 &#8211; 59385 Dunkerque Cedex 1<\/li>\n<\/ul>\n<h2><\/h2>\n<h2>2 . PROPRI\u00c9T\u00c9S INTELLECTUELLES<\/h2>\n<p>L&#8217;H\u00f4pital Alexandra Lep\u00e8ve est titulaire des droits de propri\u00e9t\u00e9 intellectuelle sur tous les \u00e9l\u00e9ments accessibles sur ce site internet, notamment les textes, images, graphismes, logos, vid\u00e9os, ic\u00f4nes et sons. Toute reproduction, repr\u00e9sentation, modification, publication, adaptation de tout ou partie des \u00e9l\u00e9ments du site, quel que soit le moyen ou le proc\u00e9d\u00e9 utilis\u00e9, est interdite, sauf autorisation \u00e9crite pr\u00e9alable de l&#8217;H\u00f4pital.<br \/>\nToute exploitation non autoris\u00e9e sera consid\u00e9r\u00e9e comme constitutive d\u2019une contrefa\u00e7on et poursuivie conform\u00e9ment aux dispositions des articles L.335-2 et suivants du Code de Propri\u00e9t\u00e9 Intellectuelle.<\/p>\n<h2><\/h2>\n<h2>3. GESTION ET\u00a0 TRAITEMENT DES DONN\u00c9ES PERSONNELLES<\/h2>\n<p>Veuillez consulter cette page :\u00a0<a href=\"https:\/\/www.ch-dunkerque.fr\/politique-de-confidentialite\/\">Cliquez ici<\/a><\/p>\n<h2><\/h2>\n<h2>4. GESTION DES COOKIES<\/h2>\n<p>Un \u00ab cookie \u00bb est un petit fichier d\u2019information envoy\u00e9 sur le navigateur de l\u2019utilisateur et enregistr\u00e9 au sein du terminal de l\u2019utilisateur. Ce fichier comprend des informations telles que le nom de domaine de l\u2019utilisateur, le fournisseur d\u2019acc\u00e8s Internet<\/p>\n<p>L&#8217;H\u00f4pital Alexandra Lep\u00e8ve est susceptible de traiter les informations de l\u2019utilisateur concernant sa visite du site, telles que les pages consult\u00e9es, les recherches effectu\u00e9es. Ces informations permettent d\u2019am\u00e9liorer le contenu du site, de la navigation de l\u2019utilisateur. Ces indicateurs sont collect\u00e9s via notre outil d\u2019analyses Google Analytics.<\/p>\n<p>Vous pouvez confirmer votre autorisation \u00e0 la gestion des cookies en cliquant sur le pop up d\u2019informations pr\u00e9sents lors de votre premi\u00e8re visite ou en continuant la navigation sur notre site.<\/p>\n<h2><\/h2>\n<h2>5 . DROIT APPLICABLE ET ATTRIBUTION DE JURIDICTION<\/h2>\n<p>Tout litige en relation avec l\u2019utilisation de ce site est soumis au droit fran\u00e7ais. En dehors des cas o\u00f9 la loi ne le permet pas, il est fait attribution exclusive de juridiction aux tribunaux comp\u00e9tents de Paris.<\/p>\n<h2><\/h2>\n<h2>6 . COMPATIBILIT\u00c9 NAVIGATEUR<\/h2>\n<p>La compatibilit\u00e9 du site et de son administration est garantie avec les navigateurs suivants :<br \/>\nInternet Explorer<br \/>\nMicrosoft Edge<br \/>\nFirefox<br \/>\nSafari<br \/>\nOp\u00e9ra<br \/>\nGoogle Chrome<\/p>\n<p>Pour les autres navigateurs ou versions, nous ne pouvons garantir un fonctionnement optimal du site.<\/p>\n<h2><\/h2>\n<h2>7 . CNIL<\/h2>\n<p>Conform\u00e9ment \u00e0 la loi n\u00b0 78-17 du 6 janvier 1978 relative \u00e0 l\u2019informatique, aux fichiers et aux libert\u00e9s, nous vous informons que les donn\u00e9es recueillies par l&#8217;interm\u00e9diaire d\u2019un formulaire ou autre ne sauraient en aucun cas \u00eatre transmises, \u00e0 titre gratuit ou on\u00e9reux, \u00e0 des tierces personnes physiques ou morales.<\/p>\n<p>Vous pouvez \u00e0 tout moment acc\u00e9der aux informations personnelles vous concernant et d\u00e9tenues, demander leur modification ou leur suppression par l\u2019envoi d\u2019un mail et un justificatif d\u2019identit\u00e9 \u00e0 <a href=\"mailto:dpo@ch-dunkerque.fr\">dpo@ch-dunkerque.fr<\/a><\/p>\n<p>Pour plus d\u2019information, contactez notre r\u00e9f\u00e9rent d\u00e9l\u00e9gu\u00e9 \u00e0 la protection des donn\u00e9es\u00a0au 03.28.28.54.42<\/p>\n","protected":false},"excerpt":{"rendered":"<p>1 . PR\u00c9SENTATION DU SITE INTERNET En vertu de l\u2019article 6 de la loi n\u00b0 2004-575 du 21 juin 2004 pour la confiance dans l\u2019\u00e9conomie num\u00e9rique, ce site internet est la propri\u00e9t\u00e9 de : H\u00f4pital Alexandra Lep\u00e8ve &#8211; Centre Hospitalier de Dunkerque SIREN: 265 906 834 130 avenue Louis Herbeaux CS 76 367 59385 Dunkerque [&hellip;]<\/p>\n","protected":false},"author":1,"featured_media":0,"parent":0,"menu_order":0,"comment_status":"closed","ping_status":"closed","template":"","meta":{"_exactmetrics_skip_tracking":false,"_exactmetrics_sitenote_active":false,"_exactmetrics_sitenote_note":"","_exactmetrics_sitenote_category":0,"_genesis_hide_title":false,"_genesis_hide_breadcrumbs":false,"_genesis_hide_singular_image":false,"_genesis_hide_footer_widgets":false,"_genesis_custom_body_class":"","_genesis_custom_post_class":"","_genesis_layout":"","footnotes":""},"class_list":{"0":"post-79","1":"page","2":"type-page","3":"status-publish","5":"entry"},"yoast_head":"<!-- This site is optimized with the Yoast SEO plugin v26.9 - https:\/\/yoast.com\/product\/yoast-seo-wordpress\/ -->\n<title>Mentions l\u00e9gales - Mini site EHPAD<\/title>\n<meta name=\"robots\" content=\"index, follow, max-snippet:-1, max-image-preview:large, max-video-preview:-1\" \/>\n<link rel=\"canonical\" href=\"https:\/\/www.ch-dunkerque.fr\/ehpad\/mentions-legales\/\" \/>\n<meta property=\"og:locale\" content=\"fr_FR\" \/>\n<meta property=\"og:type\" content=\"article\" \/>\n<meta property=\"og:title\" content=\"Mentions l\u00e9gales - Mini site EHPAD\" \/>\n<meta property=\"og:description\" content=\"1 . PR\u00c9SENTATION DU SITE INTERNET En vertu de l\u2019article 6 de la loi n\u00b0 2004-575 du 21 juin 2004 pour la confiance dans l\u2019\u00e9conomie num\u00e9rique, ce site internet est la propri\u00e9t\u00e9 de : H\u00f4pital Alexandra Lep\u00e8ve &#8211; Centre Hospitalier de Dunkerque SIREN: 265 906 834 130 avenue Louis Herbeaux CS 76 367 59385 Dunkerque [&hellip;]\" \/>\n<meta property=\"og:url\" content=\"https:\/\/www.ch-dunkerque.fr\/ehpad\/mentions-legales\/\" \/>\n<meta property=\"og:site_name\" content=\"Mini site EHPAD\" \/>\n<meta property=\"article:modified_time\" content=\"2024-09-10T06:58:25+00:00\" \/>\n<meta name=\"twitter:card\" content=\"summary_large_image\" \/>\n<meta name=\"twitter:label1\" content=\"Dur\u00e9e de lecture estim\u00e9e\" \/>\n\t<meta name=\"twitter:data1\" content=\"4 minutes\" \/>\n<script type=\"application\/ld+json\" class=\"yoast-schema-graph\">{\"@context\":\"https:\/\/schema.org\",\"@graph\":[{\"@type\":\"WebPage\",\"@id\":\"https:\/\/www.ch-dunkerque.fr\/ehpad\/mentions-legales\/\",\"url\":\"https:\/\/www.ch-dunkerque.fr\/ehpad\/mentions-legales\/\",\"name\":\"Mentions l\u00e9gales - Mini site EHPAD\",\"isPartOf\":{\"@id\":\"https:\/\/www.ch-dunkerque.fr\/ehpad\/#website\"},\"datePublished\":\"2019-05-29T12:37:30+00:00\",\"dateModified\":\"2024-09-10T06:58:25+00:00\",\"breadcrumb\":{\"@id\":\"https:\/\/www.ch-dunkerque.fr\/ehpad\/mentions-legales\/#breadcrumb\"},\"inLanguage\":\"fr-FR\",\"potentialAction\":[{\"@type\":\"ReadAction\",\"target\":[\"https:\/\/www.ch-dunkerque.fr\/ehpad\/mentions-legales\/\"]}]},{\"@type\":\"BreadcrumbList\",\"@id\":\"https:\/\/www.ch-dunkerque.fr\/ehpad\/mentions-legales\/#breadcrumb\",\"itemListElement\":[{\"@type\":\"ListItem\",\"position\":1,\"name\":\"Accueil\",\"item\":\"https:\/\/www.ch-dunkerque.fr\/ehpad\/\"},{\"@type\":\"ListItem\",\"position\":2,\"name\":\"Mentions l\u00e9gales\"}]},{\"@type\":\"WebSite\",\"@id\":\"https:\/\/www.ch-dunkerque.fr\/ehpad\/#website\",\"url\":\"https:\/\/www.ch-dunkerque.fr\/ehpad\/\",\"name\":\"Mini site EHPAD\",\"description\":\"Un site utilisant Les sites de chdunkerque\",\"potentialAction\":[{\"@type\":\"SearchAction\",\"target\":{\"@type\":\"EntryPoint\",\"urlTemplate\":\"https:\/\/www.ch-dunkerque.fr\/ehpad\/?s={search_term_string}\"},\"query-input\":{\"@type\":\"PropertyValueSpecification\",\"valueRequired\":true,\"valueName\":\"search_term_string\"}}],\"inLanguage\":\"fr-FR\"}]}<\/script>\n<!-- \/ Yoast SEO plugin. -->","yoast_head_json":{"title":"Mentions l\u00e9gales - Mini site EHPAD","robots":{"index":"index","follow":"follow","max-snippet":"max-snippet:-1","max-image-preview":"max-image-preview:large","max-video-preview":"max-video-preview:-1"},"canonical":"https:\/\/www.ch-dunkerque.fr\/ehpad\/mentions-legales\/","og_locale":"fr_FR","og_type":"article","og_title":"Mentions l\u00e9gales - Mini site EHPAD","og_description":"1 . PR\u00c9SENTATION DU SITE INTERNET En vertu de l\u2019article 6 de la loi n\u00b0 2004-575 du 21 juin 2004 pour la confiance dans l\u2019\u00e9conomie num\u00e9rique, ce site internet est la propri\u00e9t\u00e9 de : H\u00f4pital Alexandra Lep\u00e8ve &#8211; Centre Hospitalier de Dunkerque SIREN: 265 906 834 130 avenue Louis Herbeaux CS 76 367 59385 Dunkerque [&hellip;]","og_url":"https:\/\/www.ch-dunkerque.fr\/ehpad\/mentions-legales\/","og_site_name":"Mini site EHPAD","article_modified_time":"2024-09-10T06:58:25+00:00","twitter_card":"summary_large_image","twitter_misc":{"Dur\u00e9e de lecture estim\u00e9e":"4 minutes"},"schema":{"@context":"https:\/\/schema.org","@graph":[{"@type":"WebPage","@id":"https:\/\/www.ch-dunkerque.fr\/ehpad\/mentions-legales\/","url":"https:\/\/www.ch-dunkerque.fr\/ehpad\/mentions-legales\/","name":"Mentions l\u00e9gales - Mini site EHPAD","isPartOf":{"@id":"https:\/\/www.ch-dunkerque.fr\/ehpad\/#website"},"datePublished":"2019-05-29T12:37:30+00:00","dateModified":"2024-09-10T06:58:25+00:00","breadcrumb":{"@id":"https:\/\/www.ch-dunkerque.fr\/ehpad\/mentions-legales\/#breadcrumb"},"inLanguage":"fr-FR","potentialAction":[{"@type":"ReadAction","target":["https:\/\/www.ch-dunkerque.fr\/ehpad\/mentions-legales\/"]}]},{"@type":"BreadcrumbList","@id":"https:\/\/www.ch-dunkerque.fr\/ehpad\/mentions-legales\/#breadcrumb","itemListElement":[{"@type":"ListItem","position":1,"name":"Accueil","item":"https:\/\/www.ch-dunkerque.fr\/ehpad\/"},{"@type":"ListItem","position":2,"name":"Mentions l\u00e9gales"}]},{"@type":"WebSite","@id":"https:\/\/www.ch-dunkerque.fr\/ehpad\/#website","url":"https:\/\/www.ch-dunkerque.fr\/ehpad\/","name":"Mini site EHPAD","description":"Un site utilisant Les sites de chdunkerque","potentialAction":[{"@type":"SearchAction","target":{"@type":"EntryPoint","urlTemplate":"https:\/\/www.ch-dunkerque.fr\/ehpad\/?s={search_term_string}"},"query-input":{"@type":"PropertyValueSpecification","valueRequired":true,"valueName":"search_term_string"}}],"inLanguage":"fr-FR"}]}},"_links":{"self":[{"href":"https:\/\/www.ch-dunkerque.fr\/ehpad\/wp-json\/wp\/v2\/pages\/79","targetHints":{"allow":["GET"]}}],"collection":[{"href":"https:\/\/www.ch-dunkerque.fr\/ehpad\/wp-json\/wp\/v2\/pages"}],"about":[{"href":"https:\/\/www.ch-dunkerque.fr\/ehpad\/wp-json\/wp\/v2\/types\/page"}],"author":[{"embeddable":true,"href":"https:\/\/www.ch-dunkerque.fr\/ehpad\/wp-json\/wp\/v2\/users\/1"}],"replies":[{"embeddable":true,"href":"https:\/\/www.ch-dunkerque.fr\/ehpad\/wp-json\/wp\/v2\/comments?post=79"}],"version-history":[{"count":5,"href":"https:\/\/www.ch-dunkerque.fr\/ehpad\/wp-json\/wp\/v2\/pages\/79\/revisions"}],"predecessor-version":[{"id":342,"href":"https:\/\/www.ch-dunkerque.fr\/ehpad\/wp-json\/wp\/v2\/pages\/79\/revisions\/342"}],"wp:attachment":[{"href":"https:\/\/www.ch-dunkerque.fr\/ehpad\/wp-json\/wp\/v2\/media?parent=79"}],"curies":[{"name":"wp","href":"https:\/\/api.w.org\/{rel}","templated":true}]}}