{"id":63,"date":"2019-05-29T10:57:59","date_gmt":"2019-05-29T08:57:59","guid":{"rendered":"https:\/\/www.ch-dunkerque.fr\/ehpad\/?page_id=63"},"modified":"2026-03-17T11:26:19","modified_gmt":"2026-03-17T10:26:19","slug":"tarifs","status":"publish","type":"page","link":"https:\/\/www.ch-dunkerque.fr\/ehpad\/tarifs-modalites-dadmissions\/tarifs\/","title":{"rendered":"Tarifs"},"content":{"rendered":"<p>Les tarifications journali\u00e8res sont \u00e9tablies conform\u00e9ment aux textes en vigueur, selon le d\u00e9tail ci \u2013 apr\u00e8s\u00a0:<\/p>\n<ul>\n<li>h\u00e9bergement, \u00e0 la charge du r\u00e9sident ou de sa famille<\/li>\n<li>soins, \u00e0 la charge de l\u2019assurance maladie (cf guide des familles)<\/li>\n<li>d\u00e9pendance, \u00e0 la charge du r\u00e9sident ou de sa famille, d\u00e9duction faite de l\u2019allocation personnalis\u00e9e d\u2019autonomie (APA).<\/li>\n<\/ul>\n<h4><\/h4>\n<p>&nbsp;<\/p>\n<p><strong>Les prix de journ\u00e9e relatifs \u00e0 l\u2019h\u00e9bergement et \u00e0 la d\u00e9pendance sont fix\u00e9s annuellement par arr\u00eat\u00e9 du Conseil D\u00e9partemental.<\/strong><\/p>\n<h2><\/h2>\n<h2>TARIF JOURNALIER 2025 H\u00c9BERGEMENT EN EHPAD APPLICABLE AU 01\/06\/2025<\/h2>\n<p>&nbsp;<\/p>\n<p>H\u00c9BERGEMENT CHAMBRE 1 LIT\u2026\u2026\u2026\u2026\u2026\u2026\u2026\u2026\u2026\u2026 63.29 euros<\/p>\n<p>H\u00c9BERGEMENT CHAMBRE 2 LITS\u2026\u2026\u2026\u2026\u2026\u2026\u2026\u2026\u2026. 56.97 euros<\/p>\n<p>TICKET MOD\u00c9RATEUR\u00a0 \u2026\u2026\u2026\u2026\u2026\u2026\u2026\u2026\u2026\u2026\u2026\u2026\u2026\u2026&#8230;. 6,33 euros<\/p>\n<p>&nbsp;<\/p>\n<p>GIR 1 et\u00a0 2 :\u00a0\u00a0\u00a0\u00a0\u00a0\u00a0\u00a0\u00a0\u00a023.52 euros<\/p>\n<p>GIR 3 et\u00a0 4 :\u00a0\u00a0\u00a0\u00a0\u00a0\u00a0\u00a0\u00a0\u00a014.93 euros<\/p>\n<p>GIR 5 et 6 :\u00a0 \u00a0 \u00a0 \u00a0 \u00a0 \u00a06.33 euros<\/p>\n<p>&nbsp;<\/p>\n<p><strong>Le ch\u00e8que de d\u00e9p\u00f4t de garantie correspond \u00e0 30 jours d\u2019h\u00e9bergement + ticket mod\u00e9rateur de la d\u00e9pendance\u00a0 <\/strong><\/p>\n<p><strong>1 lit\u00a0 \u00a063.29 + 6.33 = 69.62* 30 = 2088,60 euros<\/strong><\/p>\n<p><strong>\u00a0<\/strong><strong>2 lits 56.97 + 6.33 = 63.30 *30 = 1899.00 euros <\/strong><\/p>\n<p>&nbsp;<\/p>\n<h3>H\u00c9BERGEMENT POUR LES MOINS DE 60 ANS :<\/h3>\n<p>CHAMBRE 1 LIT \u2026\u2026\u2026\u2026\u2026\u2026\u202682.98 euros\u00a0 \u00a0 \u00a0 \u00a0 \u00a0 \u00a0 D\u00e9p\u00f4t de garantie\u00a0 82.98*30 = 2489.40 euros<\/p>\n<p>CHAMBRE 2 LITS \u2026\u2026\u2026\u2026\u2026\u2026..74.37 euros\u00a0 \u00a0 \u00a0 \u00a0 \u00a0 \u00a0D\u00e9p\u00f4t de garantie \u00a074.37 *30 = 2231.1 euros<\/p>\n<p>&nbsp;<\/p>\n<h3>Pour l\u2019allocation logement social, le montant mensuel \u00e0 d\u00e9clarer sera de :<\/h3>\n<p><strong>1 lit\u00a0\u00a0 63.29 *31 = 1961.99 euros<\/strong><\/p>\n<p><strong>2 lits 56.97 *31 = 1766.07 euros <\/strong><\/p>\n<p>&nbsp;<\/p>\n<h3><\/h3>\n","protected":false},"excerpt":{"rendered":"<p>Les tarifications journali\u00e8res sont \u00e9tablies conform\u00e9ment aux textes en vigueur, selon le d\u00e9tail ci \u2013 apr\u00e8s\u00a0: h\u00e9bergement, \u00e0 la charge du r\u00e9sident ou de sa famille soins, \u00e0 la charge de l\u2019assurance maladie (cf guide des familles) d\u00e9pendance, \u00e0 la charge du r\u00e9sident ou de sa famille, d\u00e9duction faite de l\u2019allocation personnalis\u00e9e d\u2019autonomie (APA). &nbsp; [&hellip;]<\/p>\n","protected":false},"author":1,"featured_media":408,"parent":61,"menu_order":0,"comment_status":"closed","ping_status":"closed","template":"","meta":{"_exactmetrics_skip_tracking":false,"_exactmetrics_sitenote_active":false,"_exactmetrics_sitenote_note":"","_exactmetrics_sitenote_category":0,"_genesis_hide_title":false,"_genesis_hide_breadcrumbs":false,"_genesis_hide_singular_image":false,"_genesis_hide_footer_widgets":false,"_genesis_custom_body_class":"","_genesis_custom_post_class":"","_genesis_layout":"","footnotes":""},"class_list":{"0":"post-63","1":"page","2":"type-page","3":"status-publish","4":"has-post-thumbnail","6":"entry"},"yoast_head":"<!-- This site is optimized with the Yoast SEO plugin v26.9 - https:\/\/yoast.com\/product\/yoast-seo-wordpress\/ -->\n<title>Tarifs - Mini site EHPAD<\/title>\n<meta name=\"robots\" content=\"index, follow, max-snippet:-1, max-image-preview:large, max-video-preview:-1\" \/>\n<link rel=\"canonical\" href=\"https:\/\/www.ch-dunkerque.fr\/ehpad\/tarifs-modalites-dadmissions\/tarifs\/\" \/>\n<meta property=\"og:locale\" content=\"fr_FR\" \/>\n<meta property=\"og:type\" content=\"article\" \/>\n<meta property=\"og:title\" content=\"Tarifs - Mini site EHPAD\" \/>\n<meta property=\"og:description\" content=\"Les tarifications journali\u00e8res sont \u00e9tablies conform\u00e9ment aux textes en vigueur, selon le d\u00e9tail ci \u2013 apr\u00e8s\u00a0: h\u00e9bergement, \u00e0 la charge du r\u00e9sident ou de sa famille soins, \u00e0 la charge de l\u2019assurance maladie (cf guide des familles) d\u00e9pendance, \u00e0 la charge du r\u00e9sident ou de sa famille, d\u00e9duction faite de l\u2019allocation personnalis\u00e9e d\u2019autonomie (APA). &nbsp; [&hellip;]\" \/>\n<meta property=\"og:url\" content=\"https:\/\/www.ch-dunkerque.fr\/ehpad\/tarifs-modalites-dadmissions\/tarifs\/\" \/>\n<meta property=\"og:site_name\" content=\"Mini site EHPAD\" \/>\n<meta property=\"article:modified_time\" content=\"2026-03-17T10:26:19+00:00\" \/>\n<meta property=\"og:image\" content=\"https:\/\/www.ch-dunkerque.fr\/ehpad\/wp-content\/uploads\/sites\/2\/2026\/03\/DSC09920.jpg\" \/>\n\t<meta property=\"og:image:width\" content=\"2048\" \/>\n\t<meta property=\"og:image:height\" content=\"1152\" \/>\n\t<meta property=\"og:image:type\" content=\"image\/jpeg\" \/>\n<meta name=\"twitter:card\" content=\"summary_large_image\" \/>\n<meta name=\"twitter:label1\" content=\"Dur\u00e9e de lecture estim\u00e9e\" \/>\n\t<meta name=\"twitter:data1\" content=\"2 minutes\" \/>\n<script type=\"application\/ld+json\" class=\"yoast-schema-graph\">{\"@context\":\"https:\/\/schema.org\",\"@graph\":[{\"@type\":\"WebPage\",\"@id\":\"https:\/\/www.ch-dunkerque.fr\/ehpad\/tarifs-modalites-dadmissions\/tarifs\/\",\"url\":\"https:\/\/www.ch-dunkerque.fr\/ehpad\/tarifs-modalites-dadmissions\/tarifs\/\",\"name\":\"Tarifs - Mini site EHPAD\",\"isPartOf\":{\"@id\":\"https:\/\/www.ch-dunkerque.fr\/ehpad\/#website\"},\"primaryImageOfPage\":{\"@id\":\"https:\/\/www.ch-dunkerque.fr\/ehpad\/tarifs-modalites-dadmissions\/tarifs\/#primaryimage\"},\"image\":{\"@id\":\"https:\/\/www.ch-dunkerque.fr\/ehpad\/tarifs-modalites-dadmissions\/tarifs\/#primaryimage\"},\"thumbnailUrl\":\"https:\/\/www.ch-dunkerque.fr\/ehpad\/wp-content\/uploads\/sites\/2\/2026\/03\/DSC09920.jpg\",\"datePublished\":\"2019-05-29T08:57:59+00:00\",\"dateModified\":\"2026-03-17T10:26:19+00:00\",\"breadcrumb\":{\"@id\":\"https:\/\/www.ch-dunkerque.fr\/ehpad\/tarifs-modalites-dadmissions\/tarifs\/#breadcrumb\"},\"inLanguage\":\"fr-FR\",\"potentialAction\":[{\"@type\":\"ReadAction\",\"target\":[\"https:\/\/www.ch-dunkerque.fr\/ehpad\/tarifs-modalites-dadmissions\/tarifs\/\"]}]},{\"@type\":\"ImageObject\",\"inLanguage\":\"fr-FR\",\"@id\":\"https:\/\/www.ch-dunkerque.fr\/ehpad\/tarifs-modalites-dadmissions\/tarifs\/#primaryimage\",\"url\":\"https:\/\/www.ch-dunkerque.fr\/ehpad\/wp-content\/uploads\/sites\/2\/2026\/03\/DSC09920.jpg\",\"contentUrl\":\"https:\/\/www.ch-dunkerque.fr\/ehpad\/wp-content\/uploads\/sites\/2\/2026\/03\/DSC09920.jpg\",\"width\":2048,\"height\":1152},{\"@type\":\"BreadcrumbList\",\"@id\":\"https:\/\/www.ch-dunkerque.fr\/ehpad\/tarifs-modalites-dadmissions\/tarifs\/#breadcrumb\",\"itemListElement\":[{\"@type\":\"ListItem\",\"position\":1,\"name\":\"Accueil\",\"item\":\"https:\/\/www.ch-dunkerque.fr\/ehpad\/\"},{\"@type\":\"ListItem\",\"position\":2,\"name\":\"Votre admission et nos tarifs\",\"item\":\"https:\/\/www.ch-dunkerque.fr\/ehpad\/tarifs-modalites-dadmissions\/\"},{\"@type\":\"ListItem\",\"position\":3,\"name\":\"Tarifs\"}]},{\"@type\":\"WebSite\",\"@id\":\"https:\/\/www.ch-dunkerque.fr\/ehpad\/#website\",\"url\":\"https:\/\/www.ch-dunkerque.fr\/ehpad\/\",\"name\":\"Mini site EHPAD\",\"description\":\"Un site utilisant Les sites de chdunkerque\",\"potentialAction\":[{\"@type\":\"SearchAction\",\"target\":{\"@type\":\"EntryPoint\",\"urlTemplate\":\"https:\/\/www.ch-dunkerque.fr\/ehpad\/?s={search_term_string}\"},\"query-input\":{\"@type\":\"PropertyValueSpecification\",\"valueRequired\":true,\"valueName\":\"search_term_string\"}}],\"inLanguage\":\"fr-FR\"}]}<\/script>\n<!-- \/ Yoast SEO plugin. -->","yoast_head_json":{"title":"Tarifs - Mini site EHPAD","robots":{"index":"index","follow":"follow","max-snippet":"max-snippet:-1","max-image-preview":"max-image-preview:large","max-video-preview":"max-video-preview:-1"},"canonical":"https:\/\/www.ch-dunkerque.fr\/ehpad\/tarifs-modalites-dadmissions\/tarifs\/","og_locale":"fr_FR","og_type":"article","og_title":"Tarifs - Mini site EHPAD","og_description":"Les tarifications journali\u00e8res sont \u00e9tablies conform\u00e9ment aux textes en vigueur, selon le d\u00e9tail ci \u2013 apr\u00e8s\u00a0: h\u00e9bergement, \u00e0 la charge du r\u00e9sident ou de sa famille soins, \u00e0 la charge de l\u2019assurance maladie (cf guide des familles) d\u00e9pendance, \u00e0 la charge du r\u00e9sident ou de sa famille, d\u00e9duction faite de l\u2019allocation personnalis\u00e9e d\u2019autonomie (APA). &nbsp; [&hellip;]","og_url":"https:\/\/www.ch-dunkerque.fr\/ehpad\/tarifs-modalites-dadmissions\/tarifs\/","og_site_name":"Mini site EHPAD","article_modified_time":"2026-03-17T10:26:19+00:00","og_image":[{"width":2048,"height":1152,"url":"https:\/\/www.ch-dunkerque.fr\/ehpad\/wp-content\/uploads\/sites\/2\/2026\/03\/DSC09920.jpg","type":"image\/jpeg"}],"twitter_card":"summary_large_image","twitter_misc":{"Dur\u00e9e de lecture estim\u00e9e":"2 minutes"},"schema":{"@context":"https:\/\/schema.org","@graph":[{"@type":"WebPage","@id":"https:\/\/www.ch-dunkerque.fr\/ehpad\/tarifs-modalites-dadmissions\/tarifs\/","url":"https:\/\/www.ch-dunkerque.fr\/ehpad\/tarifs-modalites-dadmissions\/tarifs\/","name":"Tarifs - Mini site EHPAD","isPartOf":{"@id":"https:\/\/www.ch-dunkerque.fr\/ehpad\/#website"},"primaryImageOfPage":{"@id":"https:\/\/www.ch-dunkerque.fr\/ehpad\/tarifs-modalites-dadmissions\/tarifs\/#primaryimage"},"image":{"@id":"https:\/\/www.ch-dunkerque.fr\/ehpad\/tarifs-modalites-dadmissions\/tarifs\/#primaryimage"},"thumbnailUrl":"https:\/\/www.ch-dunkerque.fr\/ehpad\/wp-content\/uploads\/sites\/2\/2026\/03\/DSC09920.jpg","datePublished":"2019-05-29T08:57:59+00:00","dateModified":"2026-03-17T10:26:19+00:00","breadcrumb":{"@id":"https:\/\/www.ch-dunkerque.fr\/ehpad\/tarifs-modalites-dadmissions\/tarifs\/#breadcrumb"},"inLanguage":"fr-FR","potentialAction":[{"@type":"ReadAction","target":["https:\/\/www.ch-dunkerque.fr\/ehpad\/tarifs-modalites-dadmissions\/tarifs\/"]}]},{"@type":"ImageObject","inLanguage":"fr-FR","@id":"https:\/\/www.ch-dunkerque.fr\/ehpad\/tarifs-modalites-dadmissions\/tarifs\/#primaryimage","url":"https:\/\/www.ch-dunkerque.fr\/ehpad\/wp-content\/uploads\/sites\/2\/2026\/03\/DSC09920.jpg","contentUrl":"https:\/\/www.ch-dunkerque.fr\/ehpad\/wp-content\/uploads\/sites\/2\/2026\/03\/DSC09920.jpg","width":2048,"height":1152},{"@type":"BreadcrumbList","@id":"https:\/\/www.ch-dunkerque.fr\/ehpad\/tarifs-modalites-dadmissions\/tarifs\/#breadcrumb","itemListElement":[{"@type":"ListItem","position":1,"name":"Accueil","item":"https:\/\/www.ch-dunkerque.fr\/ehpad\/"},{"@type":"ListItem","position":2,"name":"Votre admission et nos tarifs","item":"https:\/\/www.ch-dunkerque.fr\/ehpad\/tarifs-modalites-dadmissions\/"},{"@type":"ListItem","position":3,"name":"Tarifs"}]},{"@type":"WebSite","@id":"https:\/\/www.ch-dunkerque.fr\/ehpad\/#website","url":"https:\/\/www.ch-dunkerque.fr\/ehpad\/","name":"Mini site EHPAD","description":"Un site utilisant Les sites de chdunkerque","potentialAction":[{"@type":"SearchAction","target":{"@type":"EntryPoint","urlTemplate":"https:\/\/www.ch-dunkerque.fr\/ehpad\/?s={search_term_string}"},"query-input":{"@type":"PropertyValueSpecification","valueRequired":true,"valueName":"search_term_string"}}],"inLanguage":"fr-FR"}]}},"_links":{"self":[{"href":"https:\/\/www.ch-dunkerque.fr\/ehpad\/wp-json\/wp\/v2\/pages\/63","targetHints":{"allow":["GET"]}}],"collection":[{"href":"https:\/\/www.ch-dunkerque.fr\/ehpad\/wp-json\/wp\/v2\/pages"}],"about":[{"href":"https:\/\/www.ch-dunkerque.fr\/ehpad\/wp-json\/wp\/v2\/types\/page"}],"author":[{"embeddable":true,"href":"https:\/\/www.ch-dunkerque.fr\/ehpad\/wp-json\/wp\/v2\/users\/1"}],"replies":[{"embeddable":true,"href":"https:\/\/www.ch-dunkerque.fr\/ehpad\/wp-json\/wp\/v2\/comments?post=63"}],"version-history":[{"count":23,"href":"https:\/\/www.ch-dunkerque.fr\/ehpad\/wp-json\/wp\/v2\/pages\/63\/revisions"}],"predecessor-version":[{"id":394,"href":"https:\/\/www.ch-dunkerque.fr\/ehpad\/wp-json\/wp\/v2\/pages\/63\/revisions\/394"}],"up":[{"embeddable":true,"href":"https:\/\/www.ch-dunkerque.fr\/ehpad\/wp-json\/wp\/v2\/pages\/61"}],"wp:featuredmedia":[{"embeddable":true,"href":"https:\/\/www.ch-dunkerque.fr\/ehpad\/wp-json\/wp\/v2\/media\/408"}],"wp:attachment":[{"href":"https:\/\/www.ch-dunkerque.fr\/ehpad\/wp-json\/wp\/v2\/media?parent=63"}],"curies":[{"name":"wp","href":"https:\/\/api.w.org\/{rel}","templated":true}]}}